{"id":7697,"date":"2023-01-24T11:09:21","date_gmt":"2023-01-24T14:09:21","guid":{"rendered":"https:\/\/www.arroiodotigre.rs.gov.br\/site\/?page_id=7697"},"modified":"2023-01-24T11:09:21","modified_gmt":"2023-01-24T14:09:21","slug":"portarias-2023","status":"publish","type":"page","link":"https:\/\/www.arroiodotigre.rs.gov.br\/site\/portarias-2023\/","title":{"rendered":"Portarias 2023"},"content":{"rendered":"<div class=\"sdm_download_item \"><div class=\"sdm_download_item_top\"><div class=\"sdm_download_thumbnail\"><\/div><div class=\"sdm_download_title\">Portaria n\u00b0 830\/2023<\/div><\/div><div style=\"clear:both;\"><\/div><div class=\"sdm_download_description\"><p>DETERMINA A ABERTURA DE PROCESSO ADMINISTRATIVO DISCIPLINAR, CONFORME ESPECIFICA.<\/p>\n<\/div><div class=\"sdm_download_link\"><span class=\"sdm_download_button\"><a href=\"https:\/\/www.arroiodotigre.rs.gov.br\/site\/?sdm_process_download=1&download_id=11435\" class=\"sdm_download green\" title=\"Portaria n\u00b0 830\/2023\" target=\"_blank\">Baixar agora!<\/a><\/span><span class=\"sdm_download_item_count\"><span class=\"sdm_item_count_number\">113<\/span><span class=\"sdm_item_count_string\"> Downloads<\/span><\/span><\/div><\/div><div class=\"sdm_download_item \"><div class=\"sdm_download_item_top\"><div class=\"sdm_download_thumbnail\"><\/div><div class=\"sdm_download_title\">Portaria n\u00b0 829\/2023<\/div><\/div><div style=\"clear:both;\"><\/div><div class=\"sdm_download_description\"><p>DESIGNA MEMBROS INTEGRANTES DO GRUPO T\u00c9CNICO MUNICIPAL PARA ATUAR JUNTO AO PIM.<\/p>\n<\/div><div class=\"sdm_download_link\"><span class=\"sdm_download_button\"><a href=\"https:\/\/www.arroiodotigre.rs.gov.br\/site\/?sdm_process_download=1&download_id=11439\" class=\"sdm_download green\" title=\"Portaria n\u00b0 829\/2023\" target=\"_blank\">Baixar agora!<\/a><\/span><span class=\"sdm_download_item_count\"><span class=\"sdm_item_count_number\">497<\/span><span class=\"sdm_item_count_string\"> Downloads<\/span><\/span><\/div><\/div><div class=\"sdm_download_item \"><div class=\"sdm_download_item_top\"><div class=\"sdm_download_thumbnail\"><\/div><div class=\"sdm_download_title\">Portaria n\u00b0 828\/2023<\/div><\/div><div style=\"clear:both;\"><\/div><div class=\"sdm_download_description\"><p>CONCEDE PROMO\u00c7\u00c3O DE CLASSE PARA A SERVIDORA, CONFORME ESPECIFICA.<\/p>\n<\/div><div class=\"sdm_download_link\"><span class=\"sdm_download_button\"><a href=\"https:\/\/www.arroiodotigre.rs.gov.br\/site\/?sdm_process_download=1&download_id=11438\" class=\"sdm_download green\" title=\"Portaria n\u00b0 828\/2023\" target=\"_blank\">Baixar agora!<\/a><\/span><span class=\"sdm_download_item_count\"><span class=\"sdm_item_count_number\">496<\/span><span class=\"sdm_item_count_string\"> Downloads<\/span><\/span><\/div><\/div><div class=\"sdm_download_item \"><div class=\"sdm_download_item_top\"><div class=\"sdm_download_thumbnail\"><\/div><div class=\"sdm_download_title\">Portaria n\u00b0 827\/2023<\/div><\/div><div style=\"clear:both;\"><\/div><div class=\"sdm_download_description\"><p>CONCEDE LICEN\u00c7A-PR\u00caMIO A SERVIDORA QUE ESPECIFICA.<\/p>\n<\/div><div class=\"sdm_download_link\"><span class=\"sdm_download_button\"><a href=\"https:\/\/www.arroiodotigre.rs.gov.br\/site\/?sdm_process_download=1&download_id=11437\" class=\"sdm_download green\" title=\"Portaria n\u00b0 827\/2023\" target=\"_blank\">Baixar agora!<\/a><\/span><span class=\"sdm_download_item_count\"><span class=\"sdm_item_count_number\">465<\/span><span class=\"sdm_item_count_string\"> Downloads<\/span><\/span><\/div><\/div><div class=\"sdm_download_item \"><div class=\"sdm_download_item_top\"><div class=\"sdm_download_thumbnail\"><\/div><div class=\"sdm_download_title\">Portaria n\u00b0 826\/2023<\/div><\/div><div style=\"clear:both;\"><\/div><div class=\"sdm_download_description\"><p>CESSA GRATIFICA\u00c7\u00c3O DE EDUCA\u00c7\u00c3O ESPECIAL DOS SERVIDORES QUE ESPECIFICA.<\/p>\n<\/div><div class=\"sdm_download_link\"><span class=\"sdm_download_button\"><a href=\"https:\/\/www.arroiodotigre.rs.gov.br\/site\/?sdm_process_download=1&download_id=11436\" class=\"sdm_download green\" title=\"Portaria n\u00b0 826\/2023\" target=\"_blank\">Baixar agora!<\/a><\/span><span class=\"sdm_download_item_count\"><span class=\"sdm_item_count_number\">487<\/span><span class=\"sdm_item_count_string\"> Downloads<\/span><\/span><\/div><\/div><div class=\"sdm_download_item \"><div class=\"sdm_download_item_top\"><div class=\"sdm_download_thumbnail\"><\/div><div class=\"sdm_download_title\">Portaria n\u00b0 822\/2023<\/div><\/div><div style=\"clear:both;\"><\/div><div class=\"sdm_download_description\"><p>REVOGA PORTARIA N\u00ba 344\/2020, QUE SUSPENDEU TEMPORARIAMENTE A PORTARIA 484\/2018, CONFORME ESPECIFICA.<\/p>\n<\/div><div class=\"sdm_download_link\"><span class=\"sdm_download_button\"><a href=\"https:\/\/www.arroiodotigre.rs.gov.br\/site\/?sdm_process_download=1&download_id=11428\" class=\"sdm_download green\" title=\"Portaria n\u00b0 822\/2023\" target=\"_blank\">Baixar agora!<\/a><\/span><span class=\"sdm_download_item_count\"><span class=\"sdm_item_count_number\">482<\/span><span class=\"sdm_item_count_string\"> Downloads<\/span><\/span><\/div><\/div><div class=\"sdm_download_item \"><div class=\"sdm_download_item_top\"><div class=\"sdm_download_thumbnail\"><\/div><div class=\"sdm_download_title\">Portaria n\u00b0 820\/2023<\/div><\/div><div style=\"clear:both;\"><\/div><div class=\"sdm_download_description\"><p>DETERMINA A ABERTURA DE PROCESSO ADMINISTRATIVO DISCIPLINAR, CONFORME ESPECIFICA.<\/p>\n<\/div><div class=\"sdm_download_link\"><span class=\"sdm_download_button\"><a href=\"https:\/\/www.arroiodotigre.rs.gov.br\/site\/?sdm_process_download=1&download_id=11422\" class=\"sdm_download green\" title=\"Portaria n\u00b0 820\/2023\" target=\"_blank\">Baixar agora!<\/a><\/span><span class=\"sdm_download_item_count\"><span class=\"sdm_item_count_number\">493<\/span><span class=\"sdm_item_count_string\"> Downloads<\/span><\/span><\/div><\/div><div class=\"sdm_download_item \"><div class=\"sdm_download_item_top\"><div class=\"sdm_download_thumbnail\"><\/div><div class=\"sdm_download_title\">Portaria n\u00b0 819\/2023<\/div><\/div><div style=\"clear:both;\"><\/div><div class=\"sdm_download_description\"><p>REVOGA CONVOCA\u00c7\u00c3O DA SERVIDORA QUE ESPECIFICA.<\/p>\n<\/div><div class=\"sdm_download_link\"><span class=\"sdm_download_button\"><a href=\"https:\/\/www.arroiodotigre.rs.gov.br\/site\/?sdm_process_download=1&download_id=11421\" class=\"sdm_download green\" title=\"Portaria n\u00b0 819\/2023\" target=\"_blank\">Baixar agora!<\/a><\/span><span class=\"sdm_download_item_count\"><span class=\"sdm_item_count_number\">475<\/span><span class=\"sdm_item_count_string\"> Downloads<\/span><\/span><\/div><\/div><div class=\"sdm_download_item \"><div class=\"sdm_download_item_top\"><div class=\"sdm_download_thumbnail\"><\/div><div class=\"sdm_download_title\">Portaria n\u00b0 818\/2023<\/div><\/div><div style=\"clear:both;\"><\/div><div class=\"sdm_download_description\"><p>CONCEDE F\u00c9RIAS A SERVIDORA QUE ESPECIFICA.<\/p>\n<\/div><div class=\"sdm_download_link\"><span class=\"sdm_download_button\"><a href=\"https:\/\/www.arroiodotigre.rs.gov.br\/site\/?sdm_process_download=1&download_id=11420\" class=\"sdm_download green\" title=\"Portaria n\u00b0 818\/2023\" target=\"_blank\">Baixar agora!<\/a><\/span><span class=\"sdm_download_item_count\"><span class=\"sdm_item_count_number\">491<\/span><span class=\"sdm_item_count_string\"> Downloads<\/span><\/span><\/div><\/div><div class=\"sdm_download_item \"><div class=\"sdm_download_item_top\"><div class=\"sdm_download_thumbnail\"><\/div><div class=\"sdm_download_title\">Portaria n\u00b0 817\/2023<\/div><\/div><div style=\"clear:both;\"><\/div><div class=\"sdm_download_description\"><p>DESLIGA SERVIDOR POR MOTIVO DE APOSENTADORIA, CONFORME ESPECIFICA.<\/p>\n<\/div><div class=\"sdm_download_link\"><span class=\"sdm_download_button\"><a href=\"https:\/\/www.arroiodotigre.rs.gov.br\/site\/?sdm_process_download=1&download_id=11419\" class=\"sdm_download green\" title=\"Portaria n\u00b0 817\/2023\" target=\"_blank\">Baixar agora!<\/a><\/span><span class=\"sdm_download_item_count\"><span class=\"sdm_item_count_number\">488<\/span><span class=\"sdm_item_count_string\"> Downloads<\/span><\/span><\/div><\/div><div class=\"sdm_clear_float\"><\/div><div class=\"sdm_pagination\"><span aria-current=\"page\" class=\"page-numbers current\">1<\/span>\n<a class=\"page-numbers\" href=\"https:\/\/www.arroiodotigre.rs.gov.br\/site\/wp-json\/wp\/v2\/pages\/7697\/page\/2\/\">2<\/a>\n<a class=\"page-numbers\" href=\"https:\/\/www.arroiodotigre.rs.gov.br\/site\/wp-json\/wp\/v2\/pages\/7697\/page\/3\/\">3<\/a>\n<span class=\"page-numbers dots\">&hellip;<\/span>\n<a class=\"page-numbers\" href=\"https:\/\/www.arroiodotigre.rs.gov.br\/site\/wp-json\/wp\/v2\/pages\/7697\/page\/75\/\">75<\/a>\n<a class=\"next page-numbers\" href=\"https:\/\/www.arroiodotigre.rs.gov.br\/site\/wp-json\/wp\/v2\/pages\/7697\/page\/2\/\">&raquo;<\/a><\/div>\n","protected":false},"excerpt":{"rendered":"","protected":false},"author":3,"featured_media":0,"parent":0,"menu_order":0,"comment_status":"closed","ping_status":"closed","template":"","meta":{"footnotes":""},"class_list":["post-7697","page","type-page","status-publish","hentry","entry"],"_links":{"self":[{"href":"https:\/\/www.arroiodotigre.rs.gov.br\/site\/wp-json\/wp\/v2\/pages\/7697","targetHints":{"allow":["GET"]}}],"collection":[{"href":"https:\/\/www.arroiodotigre.rs.gov.br\/site\/wp-json\/wp\/v2\/pages"}],"about":[{"href":"https:\/\/www.arroiodotigre.rs.gov.br\/site\/wp-json\/wp\/v2\/types\/page"}],"author":[{"embeddable":true,"href":"https:\/\/www.arroiodotigre.rs.gov.br\/site\/wp-json\/wp\/v2\/users\/3"}],"replies":[{"embeddable":true,"href":"https:\/\/www.arroiodotigre.rs.gov.br\/site\/wp-json\/wp\/v2\/comments?post=7697"}],"version-history":[{"count":1,"href":"https:\/\/www.arroiodotigre.rs.gov.br\/site\/wp-json\/wp\/v2\/pages\/7697\/revisions"}],"predecessor-version":[{"id":7698,"href":"https:\/\/www.arroiodotigre.rs.gov.br\/site\/wp-json\/wp\/v2\/pages\/7697\/revisions\/7698"}],"wp:attachment":[{"href":"https:\/\/www.arroiodotigre.rs.gov.br\/site\/wp-json\/wp\/v2\/media?parent=7697"}],"curies":[{"name":"wp","href":"https:\/\/api.w.org\/{rel}","templated":true}]}}