{"id":5287,"date":"2022-01-12T08:25:44","date_gmt":"2022-01-12T11:25:44","guid":{"rendered":"https:\/\/www.arroiodotigre.rs.gov.br\/site\/?page_id=5287"},"modified":"2022-01-12T08:25:44","modified_gmt":"2022-01-12T11:25:44","slug":"portarias-2022","status":"publish","type":"page","link":"https:\/\/www.arroiodotigre.rs.gov.br\/site\/portarias-2022\/","title":{"rendered":"Portarias 2022"},"content":{"rendered":"<div class=\"sdm_download_item \"><div class=\"sdm_download_item_top\"><div class=\"sdm_download_thumbnail\"><\/div><div class=\"sdm_download_title\">Portaria n\u00b0 574\/2022<\/div><\/div><div style=\"clear:both;\"><\/div><div class=\"sdm_download_description\"><p>CESSA GRATIFICA\u00c7\u00c3O DE SERVIDORA QUE ESPECIFICA.<\/p>\n<\/div><div class=\"sdm_download_link\"><span class=\"sdm_download_button\"><a href=\"https:\/\/www.arroiodotigre.rs.gov.br\/site\/?sdm_process_download=1&download_id=7695\" class=\"sdm_download green\" title=\"Portaria n\u00b0 574\/2022\" target=\"_self\">Baixar agora!<\/a><\/span><span class=\"sdm_download_item_count\"><span class=\"sdm_item_count_number\">679<\/span><span class=\"sdm_item_count_string\"> Downloads<\/span><\/span><\/div><\/div><div class=\"sdm_download_item \"><div class=\"sdm_download_item_top\"><div class=\"sdm_download_thumbnail\"><\/div><div class=\"sdm_download_title\">Portaria n\u00b0 573\/2022<\/div><\/div><div style=\"clear:both;\"><\/div><div class=\"sdm_download_description\"><p>APLICA PENA DE ADVERT\u00caNCIA NO SERVIDOR QUE ESPECIFICA.<\/p>\n<\/div><div class=\"sdm_download_link\"><span class=\"sdm_download_button\"><a href=\"https:\/\/www.arroiodotigre.rs.gov.br\/site\/?sdm_process_download=1&download_id=7693\" class=\"sdm_download green\" title=\"Portaria n\u00b0 573\/2022\" target=\"_self\">Baixar agora!<\/a><\/span><span class=\"sdm_download_item_count\"><span class=\"sdm_item_count_number\">706<\/span><span class=\"sdm_item_count_string\"> Downloads<\/span><\/span><\/div><\/div><div class=\"sdm_download_item \"><div class=\"sdm_download_item_top\"><div class=\"sdm_download_thumbnail\"><\/div><div class=\"sdm_download_title\">Portaria n\u00b0 572\/2022<\/div><\/div><div style=\"clear:both;\"><\/div><div class=\"sdm_download_description\"><p>CESSA GRATIFICA\u00c7\u00c3O DE EDUCA\u00c7\u00c3O ESPECIAL DOS SERVIDORES QUE ESPECIFICA.<\/p>\n<\/div><div class=\"sdm_download_link\"><span class=\"sdm_download_button\"><a href=\"https:\/\/www.arroiodotigre.rs.gov.br\/site\/?sdm_process_download=1&download_id=7691\" class=\"sdm_download green\" title=\"Portaria n\u00b0 572\/2022\" target=\"_self\">Baixar agora!<\/a><\/span><span class=\"sdm_download_item_count\"><span class=\"sdm_item_count_number\">766<\/span><span class=\"sdm_item_count_string\"> Downloads<\/span><\/span><\/div><\/div><div class=\"sdm_download_item \"><div class=\"sdm_download_item_top\"><div class=\"sdm_download_thumbnail\"><\/div><div class=\"sdm_download_title\">Portaria n\u00b0 571\/2022<\/div><\/div><div style=\"clear:both;\"><\/div><div class=\"sdm_download_description\"><p>CONCEDE LICEN\u00c7A GESTANTE A SERVIDORA, QUE ESPECIFICA.<\/p>\n<\/div><div class=\"sdm_download_link\"><span class=\"sdm_download_button\"><a href=\"https:\/\/www.arroiodotigre.rs.gov.br\/site\/?sdm_process_download=1&download_id=7689\" class=\"sdm_download green\" title=\"Portaria n\u00b0 571\/2022\" target=\"_self\">Baixar agora!<\/a><\/span><span class=\"sdm_download_item_count\"><span class=\"sdm_item_count_number\">701<\/span><span class=\"sdm_item_count_string\"> Downloads<\/span><\/span><\/div><\/div><div class=\"sdm_download_item \"><div class=\"sdm_download_item_top\"><div class=\"sdm_download_thumbnail\"><\/div><div class=\"sdm_download_title\">Portaria n\u00b0 570\/2022<\/div><\/div><div style=\"clear:both;\"><\/div><div class=\"sdm_download_description\"><p>CONCEDE F\u00c9RIAS A SERVIDORA QUE ESPECIFICA.<\/p>\n<\/div><div class=\"sdm_download_link\"><span class=\"sdm_download_button\"><a href=\"https:\/\/www.arroiodotigre.rs.gov.br\/site\/?sdm_process_download=1&download_id=7687\" class=\"sdm_download green\" title=\"Portaria n\u00b0 570\/2022\" target=\"_self\">Baixar agora!<\/a><\/span><span class=\"sdm_download_item_count\"><span class=\"sdm_item_count_number\">700<\/span><span class=\"sdm_item_count_string\"> Downloads<\/span><\/span><\/div><\/div><div class=\"sdm_download_item \"><div class=\"sdm_download_item_top\"><div class=\"sdm_download_thumbnail\"><\/div><div class=\"sdm_download_title\">Portaria n\u00b0 569\/2022<\/div><\/div><div style=\"clear:both;\"><\/div><div class=\"sdm_download_description\"><p>CONCEDE F\u00c9RIAS A SERVIDORA QUE ESPECIFICA.<\/p>\n<\/div><div class=\"sdm_download_link\"><span class=\"sdm_download_button\"><a href=\"https:\/\/www.arroiodotigre.rs.gov.br\/site\/?sdm_process_download=1&download_id=7685\" class=\"sdm_download green\" title=\"Portaria n\u00b0 569\/2022\" target=\"_self\">Baixar agora!<\/a><\/span><span class=\"sdm_download_item_count\"><span class=\"sdm_item_count_number\">696<\/span><span class=\"sdm_item_count_string\"> Downloads<\/span><\/span><\/div><\/div><div class=\"sdm_download_item \"><div class=\"sdm_download_item_top\"><div class=\"sdm_download_thumbnail\"><\/div><div class=\"sdm_download_title\">Portaria n\u00b0 568\/2022<\/div><\/div><div style=\"clear:both;\"><\/div><div class=\"sdm_download_description\"><p>CONCEDE F\u00c9RIAS AO SERVIDOR QUE ESPECIFICA.<\/p>\n<\/div><div class=\"sdm_download_link\"><span class=\"sdm_download_button\"><a href=\"https:\/\/www.arroiodotigre.rs.gov.br\/site\/?sdm_process_download=1&download_id=7683\" class=\"sdm_download green\" title=\"Portaria n\u00b0 568\/2022\" target=\"_self\">Baixar agora!<\/a><\/span><span class=\"sdm_download_item_count\"><span class=\"sdm_item_count_number\">726<\/span><span class=\"sdm_item_count_string\"> Downloads<\/span><\/span><\/div><\/div><div class=\"sdm_download_item \"><div class=\"sdm_download_item_top\"><div class=\"sdm_download_thumbnail\"><\/div><div class=\"sdm_download_title\">Portaria n\u00b0 567\/2022<\/div><\/div><div style=\"clear:both;\"><\/div><div class=\"sdm_download_description\"><p>CONCEDE F\u00c9RIAS AO SERVIDOR QUE ESPECIFICA.<\/p>\n<\/div><div class=\"sdm_download_link\"><span class=\"sdm_download_button\"><a href=\"https:\/\/www.arroiodotigre.rs.gov.br\/site\/?sdm_process_download=1&download_id=7680\" class=\"sdm_download green\" title=\"Portaria n\u00b0 567\/2022\" target=\"_self\">Baixar agora!<\/a><\/span><span class=\"sdm_download_item_count\"><span class=\"sdm_item_count_number\">676<\/span><span class=\"sdm_item_count_string\"> Downloads<\/span><\/span><\/div><\/div><div class=\"sdm_download_item \"><div class=\"sdm_download_item_top\"><div class=\"sdm_download_thumbnail\"><\/div><div class=\"sdm_download_title\">Portaria n\u00b0 566\/2022<\/div><\/div><div style=\"clear:both;\"><\/div><div class=\"sdm_download_description\"><p>CONCEDE F\u00c9RIAS AO SERVIDOR QUE ESPECIFICA.<\/p>\n<\/div><div class=\"sdm_download_link\"><span class=\"sdm_download_button\"><a href=\"https:\/\/www.arroiodotigre.rs.gov.br\/site\/?sdm_process_download=1&download_id=7678\" class=\"sdm_download green\" title=\"Portaria n\u00b0 566\/2022\" target=\"_self\">Baixar agora!<\/a><\/span><span class=\"sdm_download_item_count\"><span class=\"sdm_item_count_number\">678<\/span><span class=\"sdm_item_count_string\"> Downloads<\/span><\/span><\/div><\/div><div class=\"sdm_download_item \"><div class=\"sdm_download_item_top\"><div class=\"sdm_download_thumbnail\"><\/div><div class=\"sdm_download_title\">Portaria n\u00b0 565\/2022<\/div><\/div><div style=\"clear:both;\"><\/div><div class=\"sdm_download_description\"><p>CONCEDE F\u00c9RIAS AO SERVIDOR QUE ESPECIFICA.<\/p>\n<\/div><div class=\"sdm_download_link\"><span class=\"sdm_download_button\"><a href=\"https:\/\/www.arroiodotigre.rs.gov.br\/site\/?sdm_process_download=1&download_id=7676\" class=\"sdm_download green\" title=\"Portaria n\u00b0 565\/2022\" target=\"_self\">Baixar agora!<\/a><\/span><span class=\"sdm_download_item_count\"><span class=\"sdm_item_count_number\">669<\/span><span class=\"sdm_item_count_string\"> Downloads<\/span><\/span><\/div><\/div><div class=\"sdm_clear_float\"><\/div><div class=\"sdm_pagination\"><span aria-current=\"page\" class=\"page-numbers current\">1<\/span>\n<a class=\"page-numbers\" href=\"https:\/\/www.arroiodotigre.rs.gov.br\/site\/wp-json\/wp\/v2\/pages\/5287\/page\/2\/\">2<\/a>\n<a class=\"page-numbers\" href=\"https:\/\/www.arroiodotigre.rs.gov.br\/site\/wp-json\/wp\/v2\/pages\/5287\/page\/3\/\">3<\/a>\n<span class=\"page-numbers dots\">&hellip;<\/span>\n<a class=\"page-numbers\" href=\"https:\/\/www.arroiodotigre.rs.gov.br\/site\/wp-json\/wp\/v2\/pages\/5287\/page\/54\/\">54<\/a>\n<a class=\"next page-numbers\" href=\"https:\/\/www.arroiodotigre.rs.gov.br\/site\/wp-json\/wp\/v2\/pages\/5287\/page\/2\/\">&raquo;<\/a><\/div>\n","protected":false},"excerpt":{"rendered":"","protected":false},"author":1,"featured_media":0,"parent":0,"menu_order":0,"comment_status":"closed","ping_status":"closed","template":"","meta":{"footnotes":""},"class_list":["post-5287","page","type-page","status-publish","hentry","entry"],"_links":{"self":[{"href":"https:\/\/www.arroiodotigre.rs.gov.br\/site\/wp-json\/wp\/v2\/pages\/5287","targetHints":{"allow":["GET"]}}],"collection":[{"href":"https:\/\/www.arroiodotigre.rs.gov.br\/site\/wp-json\/wp\/v2\/pages"}],"about":[{"href":"https:\/\/www.arroiodotigre.rs.gov.br\/site\/wp-json\/wp\/v2\/types\/page"}],"author":[{"embeddable":true,"href":"https:\/\/www.arroiodotigre.rs.gov.br\/site\/wp-json\/wp\/v2\/users\/1"}],"replies":[{"embeddable":true,"href":"https:\/\/www.arroiodotigre.rs.gov.br\/site\/wp-json\/wp\/v2\/comments?post=5287"}],"version-history":[{"count":1,"href":"https:\/\/www.arroiodotigre.rs.gov.br\/site\/wp-json\/wp\/v2\/pages\/5287\/revisions"}],"predecessor-version":[{"id":5288,"href":"https:\/\/www.arroiodotigre.rs.gov.br\/site\/wp-json\/wp\/v2\/pages\/5287\/revisions\/5288"}],"wp:attachment":[{"href":"https:\/\/www.arroiodotigre.rs.gov.br\/site\/wp-json\/wp\/v2\/media?parent=5287"}],"curies":[{"name":"wp","href":"https:\/\/api.w.org\/{rel}","templated":true}]}}