{"id":3312,"date":"2021-08-23T11:26:48","date_gmt":"2021-08-23T14:26:48","guid":{"rendered":"http:\/\/www.arroiodotigre.rs.gov.br\/site\/?page_id=3312"},"modified":"2021-08-25T09:50:53","modified_gmt":"2021-08-25T12:50:53","slug":"registro-de-sobra-identificada-de-doses-de-vacinas-covid","status":"publish","type":"page","link":"https:\/\/www.arroiodotigre.rs.gov.br\/site\/registro-de-sobra-identificada-de-doses-de-vacinas-covid\/","title":{"rendered":"Registro de sobra identificada de doses de vacinas Covid-19"},"content":{"rendered":"\n<p>O munic\u00edpio n\u00e3o apresentou sobras, pois temos 100% de cobertura de servi\u00e7os de sa\u00fade na Aten\u00e7\u00e3o Prim\u00e1ria, o que nos permite fazer busca ativa dos faltosos daquela faixa et\u00e1ria instantaneamente, bem como, no final do dia, s\u00e3o abertos frascos, apenas quando o quantitativo de pessoas \u00e9 suficiente para o quantitativo de doses no frasco.<\/p>\n\n\n\n<figure class=\"wp-block-image size-large\"><img loading=\"lazy\" decoding=\"async\" width=\"738\" height=\"1024\" src=\"http:\/\/www.arroiodotigre.rs.gov.br\/site\/wp-content\/uploads\/2021\/08\/covid_page-0001-738x1024.jpg\" alt=\"\" class=\"wp-image-3421\" srcset=\"https:\/\/www.arroiodotigre.rs.gov.br\/site\/wp-content\/uploads\/2021\/08\/covid_page-0001-738x1024.jpg 738w, https:\/\/www.arroiodotigre.rs.gov.br\/site\/wp-content\/uploads\/2021\/08\/covid_page-0001-216x300.jpg 216w, https:\/\/www.arroiodotigre.rs.gov.br\/site\/wp-content\/uploads\/2021\/08\/covid_page-0001-768x1065.jpg 768w, https:\/\/www.arroiodotigre.rs.gov.br\/site\/wp-content\/uploads\/2021\/08\/covid_page-0001-1108x1536.jpg 1108w, https:\/\/www.arroiodotigre.rs.gov.br\/site\/wp-content\/uploads\/2021\/08\/covid_page-0001.jpg 1239w\" sizes=\"auto, (max-width: 738px) 100vw, 738px\" \/><\/figure>\n\n\n\n<figure class=\"wp-block-image size-full\"><img loading=\"lazy\" decoding=\"async\" width=\"739\" height=\"1024\" src=\"http:\/\/www.arroiodotigre.rs.gov.br\/site\/wp-content\/uploads\/2021\/08\/WhatsApp-Image-2021-08-23-at-11.33.39-1.jpeg\" alt=\"\" class=\"wp-image-3315\" srcset=\"https:\/\/www.arroiodotigre.rs.gov.br\/site\/wp-content\/uploads\/2021\/08\/WhatsApp-Image-2021-08-23-at-11.33.39-1.jpeg 739w, https:\/\/www.arroiodotigre.rs.gov.br\/site\/wp-content\/uploads\/2021\/08\/WhatsApp-Image-2021-08-23-at-11.33.39-1-217x300.jpeg 217w\" sizes=\"auto, (max-width: 739px) 100vw, 739px\" \/><\/figure>\n","protected":false},"excerpt":{"rendered":"<p>O munic\u00edpio n\u00e3o apresentou sobras, pois temos 100% de cobertura de servi\u00e7os de sa\u00fade na Aten\u00e7\u00e3o Prim\u00e1ria, o que nos permite fazer busca ativa dos faltosos daquela faixa et\u00e1ria instantaneamente, bem como, no final do dia, s\u00e3o abertos frascos, apenas quando o quantitativo de pessoas \u00e9 suficiente para o quantitativo de doses no frasco.<\/p>\n","protected":false},"author":2,"featured_media":0,"parent":0,"menu_order":0,"comment_status":"closed","ping_status":"closed","template":"","meta":{"footnotes":""},"class_list":["post-3312","page","type-page","status-publish","hentry","entry"],"_links":{"self":[{"href":"https:\/\/www.arroiodotigre.rs.gov.br\/site\/wp-json\/wp\/v2\/pages\/3312","targetHints":{"allow":["GET"]}}],"collection":[{"href":"https:\/\/www.arroiodotigre.rs.gov.br\/site\/wp-json\/wp\/v2\/pages"}],"about":[{"href":"https:\/\/www.arroiodotigre.rs.gov.br\/site\/wp-json\/wp\/v2\/types\/page"}],"author":[{"embeddable":true,"href":"https:\/\/www.arroiodotigre.rs.gov.br\/site\/wp-json\/wp\/v2\/users\/2"}],"replies":[{"embeddable":true,"href":"https:\/\/www.arroiodotigre.rs.gov.br\/site\/wp-json\/wp\/v2\/comments?post=3312"}],"version-history":[{"count":6,"href":"https:\/\/www.arroiodotigre.rs.gov.br\/site\/wp-json\/wp\/v2\/pages\/3312\/revisions"}],"predecessor-version":[{"id":3422,"href":"https:\/\/www.arroiodotigre.rs.gov.br\/site\/wp-json\/wp\/v2\/pages\/3312\/revisions\/3422"}],"wp:attachment":[{"href":"https:\/\/www.arroiodotigre.rs.gov.br\/site\/wp-json\/wp\/v2\/media?parent=3312"}],"curies":[{"name":"wp","href":"https:\/\/api.w.org\/{rel}","templated":true}]}}