{"id":2623,"date":"2021-07-23T08:50:56","date_gmt":"2021-07-23T11:50:56","guid":{"rendered":"http:\/\/www.arroiodotigre.rs.gov.br\/site\/?page_id=2623"},"modified":"2026-04-10T09:21:37","modified_gmt":"2026-04-10T12:21:37","slug":"secretaria-de-educacao-e-cultura","status":"publish","type":"page","link":"https:\/\/www.arroiodotigre.rs.gov.br\/site\/secretaria-de-educacao-e-cultura\/","title":{"rendered":"Secretaria de Educa\u00e7\u00e3o"},"content":{"rendered":"\t\t<div data-elementor-type=\"wp-page\" data-elementor-id=\"2623\" class=\"elementor elementor-2623\" data-elementor-post-type=\"page\">\n\t\t\t\t\t\t<div class=\"elementor-inner\">\n\t\t\t\t<div class=\"elementor-section-wrap\">\n\t\t\t\t\t\t\t\t\t<section class=\"elementor-section elementor-top-section elementor-element elementor-element-3b59936a elementor-section-boxed elementor-section-height-default elementor-section-height-default\" data-id=\"3b59936a\" data-element_type=\"section\">\n\t\t\t\t\t\t<div class=\"elementor-container elementor-column-gap-default\">\n\t\t\t\t\t\t\t<div class=\"elementor-row\">\n\t\t\t\t\t<div class=\"elementor-column elementor-col-100 elementor-top-column elementor-element elementor-element-5af0174\" data-id=\"5af0174\" data-element_type=\"column\">\n\t\t\t<div class=\"elementor-column-wrap elementor-element-populated\">\n\t\t\t\t\t\t\t<div class=\"elementor-widget-wrap\">\n\t\t\t\t\t\t<div class=\"elementor-element elementor-element-2dc44634 elementor-widget elementor-widget-text-editor\" data-id=\"2dc44634\" data-element_type=\"widget\" data-widget_type=\"text-editor.default\">\n\t\t\t\t<div class=\"elementor-widget-container\">\n\t\t\t\t\t\t\t\t<div class=\"elementor-text-editor elementor-clearfix\">\n\t\t\t\t<h3><img loading=\"lazy\" decoding=\"async\" class=\"size-medium wp-image-14278 alignleft\" src=\"http:\/\/www.arroiodotigre.rs.gov.br\/site\/wp-content\/uploads\/2025\/03\/DSC01282-200x300.jpg\" alt=\"\" width=\"200\" height=\"300\" srcset=\"https:\/\/www.arroiodotigre.rs.gov.br\/site\/wp-content\/uploads\/2025\/03\/DSC01282-200x300.jpg 200w, https:\/\/www.arroiodotigre.rs.gov.br\/site\/wp-content\/uploads\/2025\/03\/DSC01282-683x1024.jpg 683w, https:\/\/www.arroiodotigre.rs.gov.br\/site\/wp-content\/uploads\/2025\/03\/DSC01282-768x1152.jpg 768w, https:\/\/www.arroiodotigre.rs.gov.br\/site\/wp-content\/uploads\/2025\/03\/DSC01282-1024x1536.jpg 1024w, https:\/\/www.arroiodotigre.rs.gov.br\/site\/wp-content\/uploads\/2025\/03\/DSC01282-1365x2048.jpg 1365w, https:\/\/www.arroiodotigre.rs.gov.br\/site\/wp-content\/uploads\/2025\/03\/DSC01282-1568x2352.jpg 1568w, https:\/\/www.arroiodotigre.rs.gov.br\/site\/wp-content\/uploads\/2025\/03\/DSC01282-scaled.jpg 1707w\" sizes=\"auto, (max-width: 200px) 100vw, 200px\" \/>Secret\u00e1ria Municipal: Vilma Teresinha da Silva Teloken<\/h3>\n<p>Compete \u00e0 Secretaria Municipal da Educa\u00e7\u00e3o:<br>&#8211; organizar, administrar, supervisionar, controlar e avaliar a a\u00e7\u00e3o municipal no campo da educa\u00e7\u00e3o;<br>&#8211; articular-se com \u00d3rg\u00e3os dos Governos Federal e Estadual, assim como aqueles de \u00e2mbito Municipal para o desenvolvimento de pol\u00edticas e para a elabora\u00e7\u00e3o de legisla\u00e7\u00e3o educacional, em regime de parceria;<br>&#8211; apoiar e orientar a iniciativa privada no campo da educa\u00e7\u00e3o;<br>&#8211; administrar, avaliar e controlar o Sistema de Ensino Municipal promovendo sua expans\u00e3o qualitativa e atualiza\u00e7\u00e3o permanente;<br>&#8211; implantar e implementar pol\u00edticas p\u00fablicas que assegurem o aperfei\u00e7oamento do ensino e da aprendizagem de alunos, professores e servidores;<br>&#8211; estudar, pesquisar e avaliar os recursos financeiros para o custeio e investimento no sistema educacional, assegurando sua plena utiliza\u00e7\u00e3o e eficiente operacionalidade;<br>&#8211; propor e executar medidas que assegurem o processo cont\u00ednuo de renova\u00e7\u00e3o e aperfei\u00e7oamento dos m\u00e9todos e t\u00e9cnicas de ensino;<br>&#8211; integrar suas a\u00e7\u00f5es \u00e0s atividades culturais e esportivas do munic\u00edpio;<br>&#8211; pesquisar, planejar e promover o aperfei\u00e7oamento e a atualiza\u00e7\u00e3o permanentes das caracter\u00edsticas e qualifica\u00e7\u00f5es do magist\u00e9rio e da popula\u00e7\u00e3o estudantil, atuando de maneira compat\u00edvel com os problemas identificados;<br>&#8211; assegurar \u00e0s crian\u00e7as, jovens e adultos, no \u00e2mbito do sistema educacional do Munic\u00edpio, as condi\u00e7\u00f5es necess\u00e1rias de acesso, perman\u00eancia e sucesso escolar;<br>&#8211; planejar, orientar, coordenar e executar a pol\u00edtica relativa ao programa de assist\u00eancia escolar, no que concerne a sua suplementa\u00e7\u00e3o alimentar, como merenda escolar e alimenta\u00e7\u00e3o dos usu\u00e1rios de creches e demais servi\u00e7os p\u00fablicos;<br>&#8211; implantar pol\u00edtica de qualifica\u00e7\u00e3o profissional, quando necess\u00e1rio, na \u00e1rea art\u00edstico cultural;<br>&#8211; exercer outras atividades correlatas designadas pelo Prefeito Municipal ou atribu\u00eddas mediante decreto do Poder Executivo;<br>&#8211; planejamento, a organiza\u00e7\u00e3o, promo\u00e7\u00e3o, articula\u00e7\u00e3o, coordena\u00e7\u00e3o, integra\u00e7\u00e3o, execu\u00e7\u00e3o e avalia\u00e7\u00e3o das pol\u00edticas municipais relativas \u00e0 \u00e1rea da cultura;<br>&#8211; fomento e est\u00edmulo \u00e0 cultura em todas as suas manifesta\u00e7\u00f5es, com o acesso aos bens culturais e a expans\u00e3o do potencial criativo dos cidad\u00e3os;<br>&#8211; preservar a heran\u00e7a cultural de Arroio do Tigre, por meio da pesquisa, prote\u00e7\u00e3o e restaura\u00e7\u00e3o do seu patrim\u00f4nio hist\u00f3rico, art\u00edstico, arquitet\u00f4nico e paisag\u00edstico;<br>&#8211; promover o interc\u00e2mbio cultural atrav\u00e9s de conv\u00eanios com entidades p\u00fablicas e privadas, nacionais e internacionais;<br>&#8211; interagir com os munic\u00edpios da regi\u00e3o visando \u00e0 promo\u00e7\u00e3o de pol\u00edticas de desenvolvimento regional na \u00e1rea da cultura.<\/p>\n<p>Fica vinculada \u00e0 estrutura da Secretaria Municipal da Educa\u00e7\u00e3o:<br>&#8211; Escolas de Ensino Fundamenta (EMEF) e Escolas de Educa\u00e7\u00e3o Infantil (EMEI);<br>&#8211; Centro de Inclus\u00e3o Digital;<br>&#8211; Biblioteca P\u00fablica Municipal;<br>&#8211; Museu Municipal;<br>&#8211; Conselhos de Pais e Mestres &#8211; CPM`s;<br>&#8211; Conselho Municipal de Educa\u00e7\u00e3o &#8211; C.M.E;<br>&#8211; Conselho Municipal dos Direitos da Pessoa com Defici\u00eancia (CMDPD);<br>&#8211; Conselho Municipal de Acompanhamento, Controle Social, Comprova\u00e7\u00e3o e Fiscaliza\u00e7\u00e3o do Fundo de Manuten\u00e7\u00e3o e Desenvolvimento da Educa\u00e7\u00e3o B\u00e1sica e de Valoriza\u00e7\u00e3o dos Profissionais da Educa\u00e7\u00e3o &#8211; FUNDEB;<br>&#8211; Conselho de Alimenta\u00e7\u00e3o Escolar &#8211; CAE.<\/p>\t\t\t\t\t<\/div>\n\t\t\t\t\t\t<\/div>\n\t\t\t\t<\/div>\n\t\t\t\t\t\t<\/div>\n\t\t\t\t\t<\/div>\n\t\t<\/div>\n\t\t\t\t\t\t\t\t<\/div>\n\t\t\t\t\t<\/div>\n\t\t<\/section>\n\t\t\t\t<section class=\"elementor-section elementor-top-section elementor-element elementor-element-5b16dcf elementor-section-boxed elementor-section-height-default elementor-section-height-default\" data-id=\"5b16dcf\" data-element_type=\"section\">\n\t\t\t\t\t\t<div class=\"elementor-container elementor-column-gap-default\">\n\t\t\t\t\t\t\t<div class=\"elementor-row\">\n\t\t\t\t\t<div class=\"elementor-column elementor-col-25 elementor-top-column elementor-element elementor-element-b289cca\" data-id=\"b289cca\" data-element_type=\"column\">\n\t\t\t<div class=\"elementor-column-wrap elementor-element-populated\">\n\t\t\t\t\t\t\t<div class=\"elementor-widget-wrap\">\n\t\t\t\t\t\t<div class=\"elementor-element elementor-element-12dc5bb elementor-position-top elementor-widget__width-initial elementor-view-default elementor-mobile-position-top elementor-vertical-align-top elementor-widget elementor-widget-icon-box\" data-id=\"12dc5bb\" data-element_type=\"widget\" data-widget_type=\"icon-box.default\">\n\t\t\t\t<div class=\"elementor-widget-container\">\n\t\t\t\t\t<div class=\"elementor-icon-box-wrapper\">\n\t\t\t\t\t\t<div class=\"elementor-icon-box-icon\">\n\t\t\t\t<a class=\"elementor-icon elementor-animation-\" href=\"http:\/\/www.arroiodotigre.rs.gov.br\/site\/wp-admin\/post.php?post=9298&#038;action=elementor\">\n\t\t\t\t<i aria-hidden=\"true\" class=\"fas fa-cogs\"><\/i>\t\t\t\t<\/a>\n\t\t\t<\/div>\n\t\t\t\t\t\t<div class=\"elementor-icon-box-content\">\n\t\t\t\t<h5 class=\"elementor-icon-box-title\">\n\t\t\t\t\t<a href=\"http:\/\/www.arroiodotigre.rs.gov.br\/site\/wp-admin\/post.php?post=9298&#038;action=elementor\" >\n\t\t\t\t\t\tCARTA DE SERVI\u00c7OS DA EDUCA\u00c7\u00c3O\t\t\t\t\t<\/a>\n\t\t\t\t<\/h5>\n\t\t\t\t\t\t\t<\/div>\n\t\t<\/div>\n\t\t\t\t<\/div>\n\t\t\t\t<\/div>\n\t\t\t\t\t\t<\/div>\n\t\t\t\t\t<\/div>\n\t\t<\/div>\n\t\t\t\t<div class=\"elementor-column elementor-col-25 elementor-top-column elementor-element elementor-element-520a685\" data-id=\"520a685\" data-element_type=\"column\">\n\t\t\t<div class=\"elementor-column-wrap elementor-element-populated\">\n\t\t\t\t\t\t\t<div class=\"elementor-widget-wrap\">\n\t\t\t\t\t\t<div class=\"elementor-element elementor-element-48218f3 elementor-position-top elementor-widget__width-initial elementor-view-default elementor-mobile-position-top elementor-vertical-align-top elementor-widget elementor-widget-icon-box\" data-id=\"48218f3\" data-element_type=\"widget\" data-widget_type=\"icon-box.default\">\n\t\t\t\t<div class=\"elementor-widget-container\">\n\t\t\t\t\t<div class=\"elementor-icon-box-wrapper\">\n\t\t\t\t\t\t<div class=\"elementor-icon-box-icon\">\n\t\t\t\t<a class=\"elementor-icon elementor-animation-\" href=\"http:\/\/www.arroiodotigre.rs.gov.br\/site\/wp-admin\/post.php?post=9298&#038;action=elementor\">\n\t\t\t\t<i aria-hidden=\"true\" class=\"fas fa-book-reader\"><\/i>\t\t\t\t<\/a>\n\t\t\t<\/div>\n\t\t\t\t\t\t<div class=\"elementor-icon-box-content\">\n\t\t\t\t<h5 class=\"elementor-icon-box-title\">\n\t\t\t\t\t<a href=\"http:\/\/www.arroiodotigre.rs.gov.br\/site\/wp-admin\/post.php?post=9298&#038;action=elementor\" >\n\t\t\t\t\t\tPLANO MUNICIPAL DE EDUCA\u00c7\u00c3O\t\t\t\t\t<\/a>\n\t\t\t\t<\/h5>\n\t\t\t\t\t\t\t<\/div>\n\t\t<\/div>\n\t\t\t\t<\/div>\n\t\t\t\t<\/div>\n\t\t\t\t\t\t<\/div>\n\t\t\t\t\t<\/div>\n\t\t<\/div>\n\t\t\t\t<div class=\"elementor-column elementor-col-25 elementor-top-column elementor-element elementor-element-cf56359\" data-id=\"cf56359\" data-element_type=\"column\">\n\t\t\t<div class=\"elementor-column-wrap elementor-element-populated\">\n\t\t\t\t\t\t\t<div class=\"elementor-widget-wrap\">\n\t\t\t\t\t\t<div class=\"elementor-element elementor-element-52887cc elementor-position-top elementor-widget__width-initial elementor-view-default elementor-mobile-position-top elementor-vertical-align-top elementor-widget elementor-widget-icon-box\" data-id=\"52887cc\" data-element_type=\"widget\" data-widget_type=\"icon-box.default\">\n\t\t\t\t<div class=\"elementor-widget-container\">\n\t\t\t\t\t<div class=\"elementor-icon-box-wrapper\">\n\t\t\t\t\t\t<div class=\"elementor-icon-box-icon\">\n\t\t\t\t<a class=\"elementor-icon elementor-animation-\" href=\"https:\/\/www.arroiodotigre.rs.gov.br\/site\/endereco-e-e-mail-das-emeis\/\">\n\t\t\t\t<i aria-hidden=\"true\" class=\"fas fa-chalkboard-teacher\"><\/i>\t\t\t\t<\/a>\n\t\t\t<\/div>\n\t\t\t\t\t\t<div class=\"elementor-icon-box-content\">\n\t\t\t\t<h5 class=\"elementor-icon-box-title\">\n\t\t\t\t\t<a href=\"https:\/\/www.arroiodotigre.rs.gov.br\/site\/endereco-e-e-mail-das-emeis\/\" >\n\t\t\t\t\t\tESCOLAS DE EDUCA\u00c7\u00c3O INFANTIL\t\t\t\t\t<\/a>\n\t\t\t\t<\/h5>\n\t\t\t\t\t\t\t<\/div>\n\t\t<\/div>\n\t\t\t\t<\/div>\n\t\t\t\t<\/div>\n\t\t\t\t\t\t<\/div>\n\t\t\t\t\t<\/div>\n\t\t<\/div>\n\t\t\t\t<div class=\"elementor-column elementor-col-25 elementor-top-column elementor-element elementor-element-bc865cf\" data-id=\"bc865cf\" data-element_type=\"column\">\n\t\t\t<div class=\"elementor-column-wrap elementor-element-populated\">\n\t\t\t\t\t\t\t<div class=\"elementor-widget-wrap\">\n\t\t\t\t\t\t<div class=\"elementor-element elementor-element-30f5719 elementor-position-top elementor-widget__width-initial elementor-view-default elementor-mobile-position-top elementor-vertical-align-top elementor-widget elementor-widget-icon-box\" data-id=\"30f5719\" data-element_type=\"widget\" data-widget_type=\"icon-box.default\">\n\t\t\t\t<div class=\"elementor-widget-container\">\n\t\t\t\t\t<div class=\"elementor-icon-box-wrapper\">\n\t\t\t\t\t\t<div class=\"elementor-icon-box-icon\">\n\t\t\t\t<a class=\"elementor-icon elementor-animation-\" href=\"http:\/\/www.arroiodotigre.rs.gov.br\/site\/escolas-de-ensino-fundamental\/\">\n\t\t\t\t<i aria-hidden=\"true\" class=\"fas fa-school\"><\/i>\t\t\t\t<\/a>\n\t\t\t<\/div>\n\t\t\t\t\t\t<div class=\"elementor-icon-box-content\">\n\t\t\t\t<h5 class=\"elementor-icon-box-title\">\n\t\t\t\t\t<a href=\"http:\/\/www.arroiodotigre.rs.gov.br\/site\/escolas-de-ensino-fundamental\/\" >\n\t\t\t\t\t\tESCOLAS DE ENSINO FUNDAMENTAL\t\t\t\t\t<\/a>\n\t\t\t\t<\/h5>\n\t\t\t\t\t\t\t<\/div>\n\t\t<\/div>\n\t\t\t\t<\/div>\n\t\t\t\t<\/div>\n\t\t\t\t\t\t<\/div>\n\t\t\t\t\t<\/div>\n\t\t<\/div>\n\t\t\t\t\t\t\t\t<\/div>\n\t\t\t\t\t<\/div>\n\t\t<\/section>\n\t\t\t\t<section class=\"elementor-section elementor-top-section elementor-element elementor-element-b038850 elementor-section-boxed elementor-section-height-default elementor-section-height-default\" data-id=\"b038850\" data-element_type=\"section\">\n\t\t\t\t\t\t<div class=\"elementor-container elementor-column-gap-default\">\n\t\t\t\t\t\t\t<div class=\"elementor-row\">\n\t\t\t\t\t<div class=\"elementor-column elementor-col-33 elementor-top-column elementor-element elementor-element-100ab87\" data-id=\"100ab87\" data-element_type=\"column\">\n\t\t\t<div class=\"elementor-column-wrap\">\n\t\t\t\t\t\t\t<div class=\"elementor-widget-wrap\">\n\t\t\t\t\t\t\t\t<\/div>\n\t\t\t\t\t<\/div>\n\t\t<\/div>\n\t\t\t\t<div class=\"elementor-column elementor-col-33 elementor-top-column elementor-element elementor-element-7e6a47a\" data-id=\"7e6a47a\" data-element_type=\"column\">\n\t\t\t<div class=\"elementor-column-wrap elementor-element-populated\">\n\t\t\t\t\t\t\t<div class=\"elementor-widget-wrap\">\n\t\t\t\t\t\t<div class=\"elementor-element elementor-element-8122f23 elementor-position-top elementor-widget__width-initial elementor-view-default elementor-mobile-position-top elementor-vertical-align-top elementor-widget elementor-widget-icon-box\" data-id=\"8122f23\" data-element_type=\"widget\" data-widget_type=\"icon-box.default\">\n\t\t\t\t<div class=\"elementor-widget-container\">\n\t\t\t\t\t<div class=\"elementor-icon-box-wrapper\">\n\t\t\t\t\t\t<div class=\"elementor-icon-box-icon\">\n\t\t\t\t<a class=\"elementor-icon elementor-animation-\" href=\"https:\/\/www.arroiodotigre.rs.gov.br\/site\/vagas-de-creche-disponiveis-nas-emeis\/\">\n\t\t\t\t<i aria-hidden=\"true\" class=\"fas fa-list-ol\"><\/i>\t\t\t\t<\/a>\n\t\t\t<\/div>\n\t\t\t\t\t\t<div class=\"elementor-icon-box-content\">\n\t\t\t\t<h5 class=\"elementor-icon-box-title\">\n\t\t\t\t\t<a href=\"https:\/\/www.arroiodotigre.rs.gov.br\/site\/vagas-de-creche-disponiveis-nas-emeis\/\" >\n\t\t\t\t\t\tLISTA DE ESPERA DE VAGAS NA CRECHE\t\t\t\t\t<\/a>\n\t\t\t\t<\/h5>\n\t\t\t\t\t\t\t<\/div>\n\t\t<\/div>\n\t\t\t\t<\/div>\n\t\t\t\t<\/div>\n\t\t\t\t\t\t<\/div>\n\t\t\t\t\t<\/div>\n\t\t<\/div>\n\t\t\t\t<div class=\"elementor-column elementor-col-33 elementor-top-column elementor-element elementor-element-4cefb3b\" data-id=\"4cefb3b\" data-element_type=\"column\">\n\t\t\t<div class=\"elementor-column-wrap\">\n\t\t\t\t\t\t\t<div class=\"elementor-widget-wrap\">\n\t\t\t\t\t\t\t\t<\/div>\n\t\t\t\t\t<\/div>\n\t\t<\/div>\n\t\t\t\t\t\t\t\t<\/div>\n\t\t\t\t\t<\/div>\n\t\t<\/section>\n\t\t\t\t\t\t\t\t\t<\/div>\n\t\t\t<\/div>\n\t\t\t\t\t<\/div>\n\t\t","protected":false},"excerpt":{"rendered":"<p>Secret\u00e1ria Municipal: Vilma Teresinha da Silva Teloken Compete \u00e0 Secretaria Municipal da Educa\u00e7\u00e3o:&#8211; organizar, administrar, supervisionar, controlar e avaliar a a\u00e7\u00e3o municipal no campo da educa\u00e7\u00e3o;&#8211; articular-se com \u00d3rg\u00e3os dos Governos Federal e Estadual, assim como aqueles de \u00e2mbito Municipal para o desenvolvimento de pol\u00edticas e para a elabora\u00e7\u00e3o de legisla\u00e7\u00e3o educacional, em regime de &hellip; <\/p>\n<p class=\"link-more\"><a href=\"https:\/\/www.arroiodotigre.rs.gov.br\/site\/secretaria-de-educacao-e-cultura\/\" class=\"more-link\">Continue lendo<span class=\"screen-reader-text\"> &#8220;Secretaria de Educa\u00e7\u00e3o&#8221;<\/span><\/a><\/p>\n","protected":false},"author":3,"featured_media":0,"parent":0,"menu_order":0,"comment_status":"closed","ping_status":"closed","template":"","meta":{"footnotes":""},"class_list":["post-2623","page","type-page","status-publish","hentry","entry"],"_links":{"self":[{"href":"https:\/\/www.arroiodotigre.rs.gov.br\/site\/wp-json\/wp\/v2\/pages\/2623","targetHints":{"allow":["GET"]}}],"collection":[{"href":"https:\/\/www.arroiodotigre.rs.gov.br\/site\/wp-json\/wp\/v2\/pages"}],"about":[{"href":"https:\/\/www.arroiodotigre.rs.gov.br\/site\/wp-json\/wp\/v2\/types\/page"}],"author":[{"embeddable":true,"href":"https:\/\/www.arroiodotigre.rs.gov.br\/site\/wp-json\/wp\/v2\/users\/3"}],"replies":[{"embeddable":true,"href":"https:\/\/www.arroiodotigre.rs.gov.br\/site\/wp-json\/wp\/v2\/comments?post=2623"}],"version-history":[{"count":44,"href":"https:\/\/www.arroiodotigre.rs.gov.br\/site\/wp-json\/wp\/v2\/pages\/2623\/revisions"}],"predecessor-version":[{"id":17324,"href":"https:\/\/www.arroiodotigre.rs.gov.br\/site\/wp-json\/wp\/v2\/pages\/2623\/revisions\/17324"}],"wp:attachment":[{"href":"https:\/\/www.arroiodotigre.rs.gov.br\/site\/wp-json\/wp\/v2\/media?parent=2623"}],"curies":[{"name":"wp","href":"https:\/\/api.w.org\/{rel}","templated":true}]}}