{"id":2336,"date":"2021-07-09T09:25:13","date_gmt":"2021-07-09T12:25:13","guid":{"rendered":"http:\/\/www.arroiodotigre.rs.gov.br\/site\/?page_id=2336"},"modified":"2026-03-02T15:36:07","modified_gmt":"2026-03-02T18:36:07","slug":"secretaria-da-saude","status":"publish","type":"page","link":"https:\/\/www.arroiodotigre.rs.gov.br\/site\/secretaria-da-saude\/","title":{"rendered":"Secretaria da Sa\u00fade"},"content":{"rendered":"\t\t<div data-elementor-type=\"wp-page\" data-elementor-id=\"2336\" class=\"elementor elementor-2336\" data-elementor-post-type=\"page\">\n\t\t\t\t\t\t<div class=\"elementor-inner\">\n\t\t\t\t<div class=\"elementor-section-wrap\">\n\t\t\t\t\t\t\t\t\t<section class=\"elementor-section elementor-top-section elementor-element elementor-element-78d074db elementor-section-boxed elementor-section-height-default elementor-section-height-default\" data-id=\"78d074db\" data-element_type=\"section\">\n\t\t\t\t\t\t<div class=\"elementor-container elementor-column-gap-default\">\n\t\t\t\t\t\t\t<div class=\"elementor-row\">\n\t\t\t\t\t<div class=\"elementor-column elementor-col-100 elementor-top-column elementor-element elementor-element-80b744\" data-id=\"80b744\" data-element_type=\"column\">\n\t\t\t<div class=\"elementor-column-wrap elementor-element-populated\">\n\t\t\t\t\t\t\t<div class=\"elementor-widget-wrap\">\n\t\t\t\t\t\t<div class=\"elementor-element elementor-element-15b60465 elementor-widget__width-initial elementor-widget elementor-widget-text-editor\" data-id=\"15b60465\" data-element_type=\"widget\" data-widget_type=\"text-editor.default\">\n\t\t\t\t<div class=\"elementor-widget-container\">\n\t\t\t\t\t\t\t\t<div class=\"elementor-text-editor elementor-clearfix\">\n\t\t\t\t<p><!-- wp:paragraph --><\/p>\n<h3><img loading=\"lazy\" decoding=\"async\" class=\"alignnone wp-image-16881 size-medium\" src=\"http:\/\/www.arroiodotigre.rs.gov.br\/site\/wp-content\/uploads\/2026\/03\/503361546_9574321909362866_6854327458716160379_n-199x300.jpg\" alt=\"\" width=\"199\" height=\"300\" srcset=\"https:\/\/www.arroiodotigre.rs.gov.br\/site\/wp-content\/uploads\/2026\/03\/503361546_9574321909362866_6854327458716160379_n-199x300.jpg 199w, https:\/\/www.arroiodotigre.rs.gov.br\/site\/wp-content\/uploads\/2026\/03\/503361546_9574321909362866_6854327458716160379_n.jpg 340w\" sizes=\"auto, (max-width: 199px) 100vw, 199px\" \/>Secret\u00e1ria Municipal: Daiane Dahlke<\/h3>\n<p>\u00a0<\/p>\n<p>Compete \u00e0 Secretaria Municipal da Sa\u00fade:<br \/>&#8211; planejar, coordenar, executar e controlar todas as atividades da Secretaria Municipal de Sa\u00fade organizando, orientando e promovendo o desenvolvimento na \u00e1rea de sa\u00fade;<br \/>&#8211; supervisionar, coordenar e promover a presta\u00e7\u00e3o de assist\u00eancia m\u00e9dica e odontol\u00f3gica \u00e0 popula\u00e7\u00e3o;<br \/>&#8211; promover campanhas de vacina\u00e7\u00e3o e de esclarecimento p\u00fablico, inclusive colaborando com as demais esferas governamentais;<br \/>&#8211; fiscalizar a inspe\u00e7\u00e3o de sa\u00fade dos servidores municipais para efeitos de admiss\u00e3o, demiss\u00e3o, licen\u00e7a, aposentadoria e outros fins legais;<br \/>&#8211; estimular e garantir a ampla participa\u00e7\u00e3o da comunidade na elabora\u00e7\u00e3o, controle e avalia\u00e7\u00e3o da pol\u00edtica de sa\u00fade do Munic\u00edpio;<br \/>&#8211; promover a\u00e7\u00f5es coletivas e individuais de promo\u00e7\u00e3o, preven\u00e7\u00e3o, cura e reabilita\u00e7\u00e3o da sa\u00fade;<br \/>&#8211; organizar os programas de sa\u00fade segundo a realidade epidemiol\u00f3gica e populacional do Munic\u00edpio, garantindo um servi\u00e7o de boa qualidade;<br \/>&#8211; garantir o acesso da popula\u00e7\u00e3o aos equipamentos de sa\u00fade;<br \/>&#8211; garantir equidade, resolutividade e integralidade nas a\u00e7\u00f5es de aten\u00e7\u00e3o \u00e0 sa\u00fade;<br \/>&#8211; estabelecer prioridades a partir de estudos epidemiol\u00f3gicos e estudos de viabilidade financeira;<br \/>&#8211; fortalecer mecanismos de controle atrav\u00e9s do Conselho Municipal de Sa\u00fade;<br \/>&#8211; permitir ampla divulga\u00e7\u00e3o das informa\u00e7\u00f5es e dados em sa\u00fade;<br \/>&#8211; garantir, nos termos de sua compet\u00eancia, acesso gratuito a todos os n\u00edveis de complexidade do sistema;<br \/>&#8211; implantar efetivamente sistema de refer\u00eancia e contra refer\u00eancia;<br \/>&#8211; estabelecer mecanismos de efetiva avalia\u00e7\u00e3o e controle da rede de servi\u00e7os;<br \/>&#8211; valorizar as a\u00e7\u00f5es de car\u00e1ter preventivo e promo\u00e7\u00e3o \u00e0 sa\u00fade visando a redu\u00e7\u00e3o de interna\u00e7\u00f5es e procedimentos desnecess\u00e1rios;<br \/>&#8211; estabelecer mecanismos de controle sobre a produ\u00e7\u00e3o, distribui\u00e7\u00e3o e consumo de produtos e servi\u00e7os que envolvam riscos \u00e0 sa\u00fade;<br \/>&#8211; fortalecer as a\u00e7\u00f5es de vigil\u00e2ncia em sa\u00fade enquanto rotina das Unidades B\u00e1sicas de Sa\u00fade;<br \/>&#8211; participar efetivamente das a\u00e7\u00f5es de integra\u00e7\u00e3o e planejamento regional de sa\u00fade;<br \/>&#8211; promover a sa\u00fade e a qualidade de vida no trabalho aos servidores p\u00fablicos, assim como gerenciar o servi\u00e7o de assist\u00eancia m\u00e9dica do trabalho;<br \/>&#8211; garantir boas condi\u00e7\u00f5es de trabalho aos servidores dos \u00f3rg\u00e3os sob sua subordina\u00e7\u00e3o, propondo medidas que julgar adequadas para evitar doen\u00e7as profissionais e acidentes de trabalho;<br \/>&#8211; expedir instru\u00e7\u00f5es que orientem o cumprimento de leis, decretos, portarias e circulares, pertinentes a essa Secretaria;<br \/>&#8211; efetuar e\/ou determinar a avalia\u00e7\u00e3o de desempenho de seus subordinados em conformidade com a legisla\u00e7\u00e3o vigente;<br \/>&#8211; estudar os assuntos que lhe sejam submetidos pelo Prefeito Municipal, elaborando pareceres e apresentando solu\u00e7\u00f5es;<br \/>&#8211; controlar e supervisionar o uso de equipamentos de seguran\u00e7a quando for o caso;<br \/>&#8211; receber o cidad\u00e3o e prestar-lhe adequado atendimento;<br \/>&#8211; representar o Munic\u00edpio quando solicitado pelo Prefeito;<br \/>&#8211; propor ao Prefeito a cria\u00e7\u00e3o e extin\u00e7\u00e3o de cargos de sua Secretaria;<br \/>&#8211; propor a nomea\u00e7\u00e3o de servidores para cargos j\u00e1 criados;<br \/>&#8211; coordenar e fiscalizar os servi\u00e7os de sua pasta;<br \/>&#8211; apresentar ao Prefeito relat\u00f3rio anual dos servi\u00e7os realizados pela Secretaria;<br \/>&#8211; praticar os atos pertinentes \u00e0s atribui\u00e7\u00f5es delegados pelo Prefeito;<br \/>&#8211; supervisionar o controle de utiliza\u00e7\u00e3o da estrutura f\u00edsica, equipamentos e mobili\u00e1rio;<br \/>&#8211; exercer outras atividades correlatas designadas pelo Prefeito Municipal ou atribu\u00eddas mediante decreto do Poder Executivo.<\/p>\n<p>Fica vinculada \u00e0 estrutura da Secretaria Municipal da Sa\u00fade:<br \/>&#8211; Unidades B\u00e1sicas de Sa\u00fade;<br \/>&#8211; Agentes Comunit\u00e1rios de Sa\u00fade;<br \/>&#8211; Vigil\u00e2ncia Epidemiol\u00f3gica;<br \/>&#8211; Vigil\u00e2ncia Sanit\u00e1ria;<br \/>&#8211; Farm\u00e1cia B\u00e1sica;<br \/>&#8211; Conselho Municipal de Sa\u00fade;<br \/>&#8211; Conselho Municipal dos Direitos da Mulher &#8211; COMDIM.<\/p>\n<p><!-- \/wp:paragraph --><\/p>\t\t\t\t\t<\/div>\n\t\t\t\t\t\t<\/div>\n\t\t\t\t<\/div>\n\t\t\t\t\t\t<\/div>\n\t\t\t\t\t<\/div>\n\t\t<\/div>\n\t\t\t\t\t\t\t\t<\/div>\n\t\t\t\t\t<\/div>\n\t\t<\/section>\n\t\t\t\t\t\t\t\t\t<\/div>\n\t\t\t<\/div>\n\t\t\t\t\t<\/div>\n\t\t","protected":false},"excerpt":{"rendered":"<p>Secret\u00e1ria Municipal: Daiane Dahlke \u00a0 Compete \u00e0 Secretaria Municipal da Sa\u00fade:&#8211; planejar, coordenar, executar e controlar todas as atividades da Secretaria Municipal de Sa\u00fade organizando, orientando e promovendo o desenvolvimento na \u00e1rea de sa\u00fade;&#8211; supervisionar, coordenar e promover a presta\u00e7\u00e3o de assist\u00eancia m\u00e9dica e odontol\u00f3gica \u00e0 popula\u00e7\u00e3o;&#8211; promover campanhas de vacina\u00e7\u00e3o e de esclarecimento p\u00fablico, &hellip; <\/p>\n<p class=\"link-more\"><a href=\"https:\/\/www.arroiodotigre.rs.gov.br\/site\/secretaria-da-saude\/\" class=\"more-link\">Continue lendo<span class=\"screen-reader-text\"> &#8220;Secretaria da Sa\u00fade&#8221;<\/span><\/a><\/p>\n","protected":false},"author":3,"featured_media":0,"parent":0,"menu_order":0,"comment_status":"closed","ping_status":"closed","template":"","meta":{"footnotes":""},"class_list":["post-2336","page","type-page","status-publish","hentry","entry"],"_links":{"self":[{"href":"https:\/\/www.arroiodotigre.rs.gov.br\/site\/wp-json\/wp\/v2\/pages\/2336","targetHints":{"allow":["GET"]}}],"collection":[{"href":"https:\/\/www.arroiodotigre.rs.gov.br\/site\/wp-json\/wp\/v2\/pages"}],"about":[{"href":"https:\/\/www.arroiodotigre.rs.gov.br\/site\/wp-json\/wp\/v2\/types\/page"}],"author":[{"embeddable":true,"href":"https:\/\/www.arroiodotigre.rs.gov.br\/site\/wp-json\/wp\/v2\/users\/3"}],"replies":[{"embeddable":true,"href":"https:\/\/www.arroiodotigre.rs.gov.br\/site\/wp-json\/wp\/v2\/comments?post=2336"}],"version-history":[{"count":40,"href":"https:\/\/www.arroiodotigre.rs.gov.br\/site\/wp-json\/wp\/v2\/pages\/2336\/revisions"}],"predecessor-version":[{"id":16884,"href":"https:\/\/www.arroiodotigre.rs.gov.br\/site\/wp-json\/wp\/v2\/pages\/2336\/revisions\/16884"}],"wp:attachment":[{"href":"https:\/\/www.arroiodotigre.rs.gov.br\/site\/wp-json\/wp\/v2\/media?parent=2336"}],"curies":[{"name":"wp","href":"https:\/\/api.w.org\/{rel}","templated":true}]}}