{"id":1950,"date":"2021-07-07T08:33:08","date_gmt":"2021-07-07T11:33:08","guid":{"rendered":"http:\/\/www.arroiodotigre.rs.gov.br\/site\/?page_id=1950"},"modified":"2021-07-07T08:33:08","modified_gmt":"2021-07-07T11:33:08","slug":"relatorio-anual-de-gestao-da-ouvidoria","status":"publish","type":"page","link":"https:\/\/www.arroiodotigre.rs.gov.br\/site\/relatorio-anual-de-gestao-da-ouvidoria\/","title":{"rendered":"Relat\u00f3rio Anual de Gest\u00e3o da Ouvidoria"},"content":{"rendered":"<div class=\"sdm_download_item \"><div class=\"sdm_download_item_top\"><div class=\"sdm_download_thumbnail\"><\/div><div class=\"sdm_download_title\">Relat\u00f3rio de Gest\u00e3o da Ouvidoria \u2013 Exerc\u00edcio de 2024<\/div><\/div><div style=\"clear:both;\"><\/div><div class=\"sdm_download_description\"><\/div><div class=\"sdm_download_link\"><span class=\"sdm_download_button\"><a href=\"https:\/\/www.arroiodotigre.rs.gov.br\/site\/?sdm_process_download=1&download_id=14660\" class=\"sdm_download green\" title=\"Relat\u00f3rio de Gest\u00e3o da Ouvidoria \u2013 Exerc\u00edcio de 2024\" target=\"_blank\">Baixar agora!<\/a><\/span><span class=\"sdm_download_item_count\"><span class=\"sdm_item_count_number\">236<\/span><span class=\"sdm_item_count_string\"> Downloads<\/span><\/span><\/div><\/div><div class=\"sdm_download_item \"><div class=\"sdm_download_item_top\"><div class=\"sdm_download_thumbnail\"><\/div><div class=\"sdm_download_title\">Relat\u00f3rio de Gest\u00e3o da Ouvidoria \u2013 Exerc\u00edcio de 2022<\/div><\/div><div style=\"clear:both;\"><\/div><div class=\"sdm_download_description\"><\/div><div class=\"sdm_download_link\"><span class=\"sdm_download_button\"><a href=\"https:\/\/www.arroiodotigre.rs.gov.br\/site\/?sdm_process_download=1&download_id=8320\" class=\"sdm_download green\" title=\"Relat\u00f3rio de Gest\u00e3o da Ouvidoria \u2013 Exerc\u00edcio de 2022\" target=\"_self\">Baixar agora!<\/a><\/span><span class=\"sdm_download_item_count\"><span class=\"sdm_item_count_number\">636<\/span><span class=\"sdm_item_count_string\"> Downloads<\/span><\/span><\/div><\/div><div class=\"sdm_download_item \"><div class=\"sdm_download_item_top\"><div class=\"sdm_download_thumbnail\"><\/div><div class=\"sdm_download_title\">Relat\u00f3rio de Gest\u00e3o da Ouvidoria \u2013 Exerc\u00edcio de 2021<\/div><\/div><div style=\"clear:both;\"><\/div><div class=\"sdm_download_description\"><\/div><div class=\"sdm_download_link\"><span class=\"sdm_download_button\"><a href=\"https:\/\/www.arroiodotigre.rs.gov.br\/site\/?sdm_process_download=1&download_id=5754\" class=\"sdm_download green\" title=\"Relat\u00f3rio de Gest\u00e3o da Ouvidoria \u2013 Exerc\u00edcio de 2021\" target=\"_self\">Baixar agora!<\/a><\/span><span class=\"sdm_download_item_count\"><span class=\"sdm_item_count_number\">721<\/span><span class=\"sdm_item_count_string\"> Downloads<\/span><\/span><\/div><\/div><div class=\"sdm_download_item \"><div class=\"sdm_download_item_top\"><div class=\"sdm_download_thumbnail\"><\/div><div class=\"sdm_download_title\">Relat\u00f3rio de Gest\u00e3o da Ouvidoria &#8211; Exerc\u00edcio de 2020<\/div><\/div><div style=\"clear:both;\"><\/div><div class=\"sdm_download_description\"><\/div><div class=\"sdm_download_link\"><span class=\"sdm_download_button\"><a href=\"https:\/\/www.arroiodotigre.rs.gov.br\/site\/?sdm_process_download=1&download_id=2374\" class=\"sdm_download green\" title=\"Relat\u00f3rio de Gest\u00e3o da Ouvidoria &#8211; Exerc\u00edcio de 2020\" target=\"_self\">Baixar agora!<\/a><\/span><span class=\"sdm_download_item_count\"><span class=\"sdm_item_count_number\">834<\/span><span class=\"sdm_item_count_string\"> Downloads<\/span><\/span><\/div><\/div><div class=\"sdm_clear_float\"><\/div><div class=\"sdm_pagination\"><\/div>\n","protected":false},"excerpt":{"rendered":"","protected":false},"author":1,"featured_media":0,"parent":0,"menu_order":0,"comment_status":"closed","ping_status":"closed","template":"","meta":{"footnotes":""},"class_list":["post-1950","page","type-page","status-publish","hentry","entry"],"_links":{"self":[{"href":"https:\/\/www.arroiodotigre.rs.gov.br\/site\/wp-json\/wp\/v2\/pages\/1950","targetHints":{"allow":["GET"]}}],"collection":[{"href":"https:\/\/www.arroiodotigre.rs.gov.br\/site\/wp-json\/wp\/v2\/pages"}],"about":[{"href":"https:\/\/www.arroiodotigre.rs.gov.br\/site\/wp-json\/wp\/v2\/types\/page"}],"author":[{"embeddable":true,"href":"https:\/\/www.arroiodotigre.rs.gov.br\/site\/wp-json\/wp\/v2\/users\/1"}],"replies":[{"embeddable":true,"href":"https:\/\/www.arroiodotigre.rs.gov.br\/site\/wp-json\/wp\/v2\/comments?post=1950"}],"version-history":[{"count":1,"href":"https:\/\/www.arroiodotigre.rs.gov.br\/site\/wp-json\/wp\/v2\/pages\/1950\/revisions"}],"predecessor-version":[{"id":1951,"href":"https:\/\/www.arroiodotigre.rs.gov.br\/site\/wp-json\/wp\/v2\/pages\/1950\/revisions\/1951"}],"wp:attachment":[{"href":"https:\/\/www.arroiodotigre.rs.gov.br\/site\/wp-json\/wp\/v2\/media?parent=1950"}],"curies":[{"name":"wp","href":"https:\/\/api.w.org\/{rel}","templated":true}]}}