{"id":1946,"date":"2021-07-07T08:27:02","date_gmt":"2021-07-07T11:27:02","guid":{"rendered":"http:\/\/www.arroiodotigre.rs.gov.br\/site\/?page_id=1946"},"modified":"2021-07-07T08:31:07","modified_gmt":"2021-07-07T11:31:07","slug":"decretos-2021","status":"publish","type":"page","link":"https:\/\/www.arroiodotigre.rs.gov.br\/site\/decretos-2021\/","title":{"rendered":"Decretos 2021"},"content":{"rendered":"<div class=\"sdm_download_item \"><div class=\"sdm_download_item_top\"><div class=\"sdm_download_thumbnail\"><\/div><div class=\"sdm_download_title\">Decreto n\u00ba3.358\/2021<\/div><\/div><div style=\"clear:both;\"><\/div><div class=\"sdm_download_description\"><p>AUTORIZA O PODER EXECUTIVO A INCLUIR NO OR\u00c7AMENTO E ABRIR CR\u00c9DITO ESPECIAL NO MONTANTE DE R$ 277.500,00 ( DUZENTOS E SETENTA E SETE MIL E QUINHENTOS REAIS).<\/p>\n<\/div><div class=\"sdm_download_link\"><span class=\"sdm_download_button\"><a href=\"https:\/\/www.arroiodotigre.rs.gov.br\/site\/?sdm_process_download=1&download_id=5170\" class=\"sdm_download green\" title=\"Decreto n\u00ba3.358\/2021\" target=\"_self\">Baixar agora!<\/a><\/span><span class=\"sdm_download_item_count\"><span class=\"sdm_item_count_number\">738<\/span><span class=\"sdm_item_count_string\"> Downloads<\/span><\/span><\/div><\/div><div class=\"sdm_download_item \"><div class=\"sdm_download_item_top\"><div class=\"sdm_download_thumbnail\"><\/div><div class=\"sdm_download_title\">Decreto n\u00ba 3.357\/2021<\/div><\/div><div style=\"clear:both;\"><\/div><div class=\"sdm_download_description\"><p>CONVOCA A 1\u00aa CONFER\u00caNCIA MUNICIPAL DE SA\u00daDE MENTAL DA OUTRAS PROVID\u00caNCIAS.<\/p>\n<\/div><div class=\"sdm_download_link\"><span class=\"sdm_download_button\"><a href=\"https:\/\/www.arroiodotigre.rs.gov.br\/site\/?sdm_process_download=1&download_id=5039\" class=\"sdm_download green\" title=\"Decreto n\u00ba 3.357\/2021\" target=\"_self\">Baixar agora!<\/a><\/span><span class=\"sdm_download_item_count\"><span class=\"sdm_item_count_number\">732<\/span><span class=\"sdm_item_count_string\"> Downloads<\/span><\/span><\/div><\/div><div class=\"sdm_download_item \"><div class=\"sdm_download_item_top\"><div class=\"sdm_download_thumbnail\"><\/div><div class=\"sdm_download_title\">Decreto n\u00ba 3.351\/2021<\/div><\/div><div style=\"clear:both;\"><\/div><div class=\"sdm_download_description\"><p>DETERMINA A OFICIALIZA\u00c7\u00c3O DA CONFER\u00caNCIA MUNICIPAL DE EDUCA\u00c7\u00c3O &#8211; ETAPA MUNICIPAL CONAE 2022 DO MUNIC\u00cdPIO DE ARROIO DO TIGRE E D\u00c1 OUTRAS PROVID\u00caNCIAS.<\/p>\n<\/div><div class=\"sdm_download_link\"><span class=\"sdm_download_button\"><a href=\"https:\/\/www.arroiodotigre.rs.gov.br\/site\/?sdm_process_download=1&download_id=5035\" class=\"sdm_download green\" title=\"Decreto n\u00ba 3.351\/2021\" target=\"_self\">Baixar agora!<\/a><\/span><span class=\"sdm_download_item_count\"><span class=\"sdm_item_count_number\">737<\/span><span class=\"sdm_item_count_string\"> Downloads<\/span><\/span><\/div><\/div><div class=\"sdm_download_item \"><div class=\"sdm_download_item_top\"><div class=\"sdm_download_thumbnail\"><\/div><div class=\"sdm_download_title\">Decreto n\u00ba 3.352\/2021<\/div><\/div><div style=\"clear:both;\"><\/div><div class=\"sdm_download_description\"><p>DEFINE E REGULAMENTA A PREMIA\u00c7\u00c3O ATRAV\u00c9S DO TERMO DE ADES\u00c3O AO USO DA PLATAFORMA DO PROGRAMA NOTA FISCAL GA\u00daCHA DO ESTADO DO RIO GRANDE DO SUL E D\u00c1 OUTRAS PROVID\u00caNCIAS.<\/p>\n<\/div><div class=\"sdm_download_link\"><span class=\"sdm_download_button\"><a href=\"https:\/\/www.arroiodotigre.rs.gov.br\/site\/?sdm_process_download=1&download_id=5033\" class=\"sdm_download green\" title=\"Decreto n\u00ba 3.352\/2021\" target=\"_self\">Baixar agora!<\/a><\/span><span class=\"sdm_download_item_count\"><span class=\"sdm_item_count_number\">728<\/span><span class=\"sdm_item_count_string\"> Downloads<\/span><\/span><\/div><\/div><div class=\"sdm_download_item \"><div class=\"sdm_download_item_top\"><div class=\"sdm_download_thumbnail\"><\/div><div class=\"sdm_download_title\">Decreto n\u00ba 3.356\/2021<\/div><\/div><div style=\"clear:both;\"><\/div><div class=\"sdm_download_description\"><p>DECRETA EXPEDIENTE INTERNO NO CENTRO ADMINISTRATIVO DA PREFEITURA MUNICIPAL DE ARROIO DO TIGRE.<\/p>\n<\/div><div class=\"sdm_download_link\"><span class=\"sdm_download_button\"><a href=\"https:\/\/www.arroiodotigre.rs.gov.br\/site\/?sdm_process_download=1&download_id=4998\" class=\"sdm_download green\" title=\"Decreto n\u00ba 3.356\/2021\" target=\"_self\">Baixar agora!<\/a><\/span><span class=\"sdm_download_item_count\"><span class=\"sdm_item_count_number\">734<\/span><span class=\"sdm_item_count_string\"> Downloads<\/span><\/span><\/div><\/div><div class=\"sdm_download_item \"><div class=\"sdm_download_item_top\"><div class=\"sdm_download_thumbnail\"><\/div><div class=\"sdm_download_title\">Decreto n\u00ba 3.355\/2021<\/div><\/div><div style=\"clear:both;\"><\/div><div class=\"sdm_download_description\"><p>DECRETA EXPEDIENTE DE FINAL DE ANO NAS REPARTI\u00c7\u00d5ES P\u00daBLICAS DE ARROIO DO TIGRE, CONFORME ESPECIFICA.<\/p>\n<\/div><div class=\"sdm_download_link\"><span class=\"sdm_download_button\"><a href=\"https:\/\/www.arroiodotigre.rs.gov.br\/site\/?sdm_process_download=1&download_id=4996\" class=\"sdm_download green\" title=\"Decreto n\u00ba 3.355\/2021\" target=\"_self\">Baixar agora!<\/a><\/span><span class=\"sdm_download_item_count\"><span class=\"sdm_item_count_number\">743<\/span><span class=\"sdm_item_count_string\"> Downloads<\/span><\/span><\/div><\/div><div class=\"sdm_download_item \"><div class=\"sdm_download_item_top\"><div class=\"sdm_download_thumbnail\"><\/div><div class=\"sdm_download_title\">Decreto n\u00ba 3.354\/2021<\/div><\/div><div style=\"clear:both;\"><\/div><div class=\"sdm_download_description\"><p>DECRETA ABERTURA DE CR\u00c9DITO SUPLEMENTAR NO MONTANTE DE R$ 69.101,35 (SESSENTA E NOVE MIL CENTO E UM REAIS COM TRINTA E CINCO CENTAVOS).<\/p>\n<\/div><div class=\"sdm_download_link\"><span class=\"sdm_download_button\"><a href=\"https:\/\/www.arroiodotigre.rs.gov.br\/site\/?sdm_process_download=1&download_id=4994\" class=\"sdm_download green\" title=\"Decreto n\u00ba 3.354\/2021\" target=\"_self\">Baixar agora!<\/a><\/span><span class=\"sdm_download_item_count\"><span class=\"sdm_item_count_number\">785<\/span><span class=\"sdm_item_count_string\"> Downloads<\/span><\/span><\/div><\/div><div class=\"sdm_download_item \"><div class=\"sdm_download_item_top\"><div class=\"sdm_download_thumbnail\"><\/div><div class=\"sdm_download_title\">Decreto n\u00ba3.353\/2021<\/div><\/div><div style=\"clear:both;\"><\/div><div class=\"sdm_download_description\"><p>DECRETA A ABERTURA DE CR\u00c9DITO SUPLEMENTAR NO MONTANTE DE R$ 330.370,00 ( TREZENTOS E TRINTA MIL E TREZENTOS E SETENTA REAIS).<\/p>\n<\/div><div class=\"sdm_download_link\"><span class=\"sdm_download_button\"><a href=\"https:\/\/www.arroiodotigre.rs.gov.br\/site\/?sdm_process_download=1&download_id=4939\" class=\"sdm_download green\" title=\"Decreto n\u00ba3.353\/2021\" target=\"_self\">Baixar agora!<\/a><\/span><span class=\"sdm_download_item_count\"><span class=\"sdm_item_count_number\">747<\/span><span class=\"sdm_item_count_string\"> Downloads<\/span><\/span><\/div><\/div><div class=\"sdm_download_item \"><div class=\"sdm_download_item_top\"><div class=\"sdm_download_thumbnail\"><\/div><div class=\"sdm_download_title\">Decreto n\u00ba 3.350\/2021<\/div><\/div><div style=\"clear:both;\"><\/div><div class=\"sdm_download_description\"><p>DISP\u00d5E SOBRE O PROCEDIMENTO ADMINISTRATIVO DE DESLIGAMENTO DOS SERVIDORES APOSENTADOS PELO RGPS, NOS TERMOS DO ART. 25, INCISO III, DA LEI MUNICIPAL N\u00ba 2.954\/2018.<\/p>\n<\/div><div class=\"sdm_download_link\"><span class=\"sdm_download_button\"><a href=\"https:\/\/www.arroiodotigre.rs.gov.br\/site\/?sdm_process_download=1&download_id=4924\" class=\"sdm_download green\" title=\"Decreto n\u00ba 3.350\/2021\" target=\"_self\">Baixar agora!<\/a><\/span><span class=\"sdm_download_item_count\"><span class=\"sdm_item_count_number\">814<\/span><span class=\"sdm_item_count_string\"> Downloads<\/span><\/span><\/div><\/div><div class=\"sdm_download_item \"><div class=\"sdm_download_item_top\"><div class=\"sdm_download_thumbnail\"><\/div><div class=\"sdm_download_title\">Decreto n\u00ba 3.348\/2021<\/div><\/div><div style=\"clear:both;\"><\/div><div class=\"sdm_download_description\"><p>ABRE CR\u00c9DITO EXTRAORDIN\u00c1RIO AO OR\u00c7AMENTO DO EXERC\u00cdCIO DE 2021.<\/p>\n<\/div><div class=\"sdm_download_link\"><span class=\"sdm_download_button\"><a href=\"https:\/\/www.arroiodotigre.rs.gov.br\/site\/?sdm_process_download=1&download_id=4918\" class=\"sdm_download green\" title=\"Decreto n\u00ba 3.348\/2021\" target=\"_self\">Baixar agora!<\/a><\/span><span class=\"sdm_download_item_count\"><span class=\"sdm_item_count_number\">735<\/span><span class=\"sdm_item_count_string\"> Downloads<\/span><\/span><\/div><\/div><div class=\"sdm_clear_float\"><\/div><div class=\"sdm_pagination\"><span aria-current=\"page\" class=\"page-numbers current\">1<\/span>\n<a class=\"page-numbers\" href=\"https:\/\/www.arroiodotigre.rs.gov.br\/site\/wp-json\/wp\/v2\/pages\/1946\/page\/2\/\">2<\/a>\n<a class=\"page-numbers\" href=\"https:\/\/www.arroiodotigre.rs.gov.br\/site\/wp-json\/wp\/v2\/pages\/1946\/page\/3\/\">3<\/a>\n<span class=\"page-numbers dots\">&hellip;<\/span>\n<a class=\"page-numbers\" href=\"https:\/\/www.arroiodotigre.rs.gov.br\/site\/wp-json\/wp\/v2\/pages\/1946\/page\/9\/\">9<\/a>\n<a class=\"next page-numbers\" href=\"https:\/\/www.arroiodotigre.rs.gov.br\/site\/wp-json\/wp\/v2\/pages\/1946\/page\/2\/\">&raquo;<\/a><\/div>\n","protected":false},"excerpt":{"rendered":"","protected":false},"author":1,"featured_media":0,"parent":0,"menu_order":0,"comment_status":"closed","ping_status":"closed","template":"","meta":{"footnotes":""},"class_list":["post-1946","page","type-page","status-publish","hentry","entry"],"_links":{"self":[{"href":"https:\/\/www.arroiodotigre.rs.gov.br\/site\/wp-json\/wp\/v2\/pages\/1946","targetHints":{"allow":["GET"]}}],"collection":[{"href":"https:\/\/www.arroiodotigre.rs.gov.br\/site\/wp-json\/wp\/v2\/pages"}],"about":[{"href":"https:\/\/www.arroiodotigre.rs.gov.br\/site\/wp-json\/wp\/v2\/types\/page"}],"author":[{"embeddable":true,"href":"https:\/\/www.arroiodotigre.rs.gov.br\/site\/wp-json\/wp\/v2\/users\/1"}],"replies":[{"embeddable":true,"href":"https:\/\/www.arroiodotigre.rs.gov.br\/site\/wp-json\/wp\/v2\/comments?post=1946"}],"version-history":[{"count":2,"href":"https:\/\/www.arroiodotigre.rs.gov.br\/site\/wp-json\/wp\/v2\/pages\/1946\/revisions"}],"predecessor-version":[{"id":1949,"href":"https:\/\/www.arroiodotigre.rs.gov.br\/site\/wp-json\/wp\/v2\/pages\/1946\/revisions\/1949"}],"wp:attachment":[{"href":"https:\/\/www.arroiodotigre.rs.gov.br\/site\/wp-json\/wp\/v2\/media?parent=1946"}],"curies":[{"name":"wp","href":"https:\/\/api.w.org\/{rel}","templated":true}]}}