{"id":14462,"date":"2025-04-01T10:18:51","date_gmt":"2025-04-01T13:18:51","guid":{"rendered":"https:\/\/www.arroiodotigre.rs.gov.br\/site\/?page_id=14462"},"modified":"2025-04-01T10:18:51","modified_gmt":"2025-04-01T13:18:51","slug":"endereco-e-e-mail-das-emeis","status":"publish","type":"page","link":"https:\/\/www.arroiodotigre.rs.gov.br\/site\/endereco-e-e-mail-das-emeis\/","title":{"rendered":"Endere\u00e7o e e-mail das EMEIs"},"content":{"rendered":"\n<p>EMEI CRIAN\u00c7A FELIZ<\/p>\n\n\n\n<p>ENDERE\u00c7O: RUA JO\u00c3O LIMBERGER, 1131 &#8211; ESCOLA &#8211; INDUSTRIAL &#8211; ARROIO DO TIGRE\/RS, 96950000<\/p>\n\n\n\n<p>EMAIL: emeicriancaf@gmail.com<\/p>\n\n\n\n<p><\/p>\n\n\n\n<p>EMEI PINGO DE GENTE<\/p>\n\n\n\n<p>ENDERE\u00c7O: RUA ALFREDO HENRIQUE MOSSMANN, 441 &#8211; ESCOLA &#8211; BELA VISTA &#8211; ARROIO DO TIGRE\/RS, 96950000<\/p>\n\n\n\n<p>EMAIL: emeipingodegenteatrs@gmail.com<\/p>\n\n\n\n<p><\/p>\n\n\n\n<p>EMEI V\u00d3 NAT\u00c1LIA<\/p>\n\n\n\n<p>ENDERE\u00c7O: DOM GUILHERME MULLER, 117 &#8211; ESCOLA &#8211; FELICIDADE &#8211; ARROIO DO TIGRE\/RS, 96950000<\/p>\n\n\n\n<p>EMAIL: emeivonatalia2017@gmail.com<\/p>\n","protected":false},"excerpt":{"rendered":"<p>EMEI CRIAN\u00c7A FELIZ ENDERE\u00c7O: RUA JO\u00c3O LIMBERGER, 1131 &#8211; ESCOLA &#8211; INDUSTRIAL &#8211; ARROIO DO TIGRE\/RS, 96950000 EMAIL: emeicriancaf@gmail.com EMEI PINGO DE GENTE ENDERE\u00c7O: RUA ALFREDO HENRIQUE MOSSMANN, 441 &#8211; ESCOLA &#8211; BELA VISTA &#8211; ARROIO DO TIGRE\/RS, 96950000 EMAIL: emeipingodegenteatrs@gmail.com EMEI V\u00d3 NAT\u00c1LIA ENDERE\u00c7O: DOM GUILHERME MULLER, 117 &#8211; ESCOLA &#8211; FELICIDADE &#8211; ARROIO &hellip; <\/p>\n<p class=\"link-more\"><a href=\"https:\/\/www.arroiodotigre.rs.gov.br\/site\/endereco-e-e-mail-das-emeis\/\" class=\"more-link\">Continue lendo<span class=\"screen-reader-text\"> &#8220;Endere\u00e7o e e-mail das EMEIs&#8221;<\/span><\/a><\/p>\n","protected":false},"author":1,"featured_media":0,"parent":0,"menu_order":0,"comment_status":"closed","ping_status":"closed","template":"","meta":{"footnotes":""},"class_list":["post-14462","page","type-page","status-publish","hentry","entry"],"_links":{"self":[{"href":"https:\/\/www.arroiodotigre.rs.gov.br\/site\/wp-json\/wp\/v2\/pages\/14462","targetHints":{"allow":["GET"]}}],"collection":[{"href":"https:\/\/www.arroiodotigre.rs.gov.br\/site\/wp-json\/wp\/v2\/pages"}],"about":[{"href":"https:\/\/www.arroiodotigre.rs.gov.br\/site\/wp-json\/wp\/v2\/types\/page"}],"author":[{"embeddable":true,"href":"https:\/\/www.arroiodotigre.rs.gov.br\/site\/wp-json\/wp\/v2\/users\/1"}],"replies":[{"embeddable":true,"href":"https:\/\/www.arroiodotigre.rs.gov.br\/site\/wp-json\/wp\/v2\/comments?post=14462"}],"version-history":[{"count":1,"href":"https:\/\/www.arroiodotigre.rs.gov.br\/site\/wp-json\/wp\/v2\/pages\/14462\/revisions"}],"predecessor-version":[{"id":14463,"href":"https:\/\/www.arroiodotigre.rs.gov.br\/site\/wp-json\/wp\/v2\/pages\/14462\/revisions\/14463"}],"wp:attachment":[{"href":"https:\/\/www.arroiodotigre.rs.gov.br\/site\/wp-json\/wp\/v2\/media?parent=14462"}],"curies":[{"name":"wp","href":"https:\/\/api.w.org\/{rel}","templated":true}]}}