{"id":14229,"date":"2025-02-27T17:31:25","date_gmt":"2025-02-27T20:31:25","guid":{"rendered":"https:\/\/www.arroiodotigre.rs.gov.br\/site\/?page_id=14229"},"modified":"2025-03-06T16:50:20","modified_gmt":"2025-03-06T19:50:20","slug":"secretaria-de-obras-e-viacao","status":"publish","type":"page","link":"https:\/\/www.arroiodotigre.rs.gov.br\/site\/secretaria-de-obras-e-viacao\/","title":{"rendered":"Secretaria de Obras e Via\u00e7\u00e3o"},"content":{"rendered":"\t\t<div data-elementor-type=\"wp-page\" data-elementor-id=\"14229\" class=\"elementor elementor-14229\" data-elementor-post-type=\"page\">\n\t\t\t\t\t\t<div class=\"elementor-inner\">\n\t\t\t\t<div class=\"elementor-section-wrap\">\n\t\t\t\t\t\t\t\t\t<section class=\"elementor-section elementor-top-section elementor-element elementor-element-4e5cdac2 elementor-section-boxed elementor-section-height-default elementor-section-height-default\" data-id=\"4e5cdac2\" data-element_type=\"section\">\n\t\t\t\t\t\t<div class=\"elementor-container elementor-column-gap-default\">\n\t\t\t\t\t\t\t<div class=\"elementor-row\">\n\t\t\t\t\t<div class=\"elementor-column elementor-col-100 elementor-top-column elementor-element elementor-element-5cde6ead\" data-id=\"5cde6ead\" data-element_type=\"column\">\n\t\t\t<div class=\"elementor-column-wrap elementor-element-populated\">\n\t\t\t\t\t\t\t<div class=\"elementor-widget-wrap\">\n\t\t\t\t\t\t<div class=\"elementor-element elementor-element-1cd89956 elementor-widget elementor-widget-text-editor\" data-id=\"1cd89956\" data-element_type=\"widget\" data-widget_type=\"text-editor.default\">\n\t\t\t\t<div class=\"elementor-widget-container\">\n\t\t\t\t\t\t\t\t<div class=\"elementor-text-editor elementor-clearfix\">\n\t\t\t\t<!-- wp:paragraph -->\n<h3><img loading=\"lazy\" decoding=\"async\" class=\"size-medium wp-image-14283 alignleft\" src=\"http:\/\/www.arroiodotigre.rs.gov.br\/site\/wp-content\/uploads\/2025\/03\/DSC09799-200x300.jpg\" alt=\"\" width=\"200\" height=\"300\" srcset=\"https:\/\/www.arroiodotigre.rs.gov.br\/site\/wp-content\/uploads\/2025\/03\/DSC09799-200x300.jpg 200w, https:\/\/www.arroiodotigre.rs.gov.br\/site\/wp-content\/uploads\/2025\/03\/DSC09799-683x1024.jpg 683w, https:\/\/www.arroiodotigre.rs.gov.br\/site\/wp-content\/uploads\/2025\/03\/DSC09799-768x1152.jpg 768w, https:\/\/www.arroiodotigre.rs.gov.br\/site\/wp-content\/uploads\/2025\/03\/DSC09799-1024x1536.jpg 1024w, https:\/\/www.arroiodotigre.rs.gov.br\/site\/wp-content\/uploads\/2025\/03\/DSC09799-1365x2048.jpg 1365w, https:\/\/www.arroiodotigre.rs.gov.br\/site\/wp-content\/uploads\/2025\/03\/DSC09799-1568x2352.jpg 1568w, https:\/\/www.arroiodotigre.rs.gov.br\/site\/wp-content\/uploads\/2025\/03\/DSC09799-scaled.jpg 1707w\" sizes=\"auto, (max-width: 200px) 100vw, 200px\" \/>Secret\u00e1rio Municipal: Fabiano Konrad<\/h3>\n<!-- \/wp:paragraph --><!-- wp:paragraph -->\n<p>Compete \u00e0 Secretaria Municipal de Obras e Via\u00e7\u00e3o:<\/p>\n<!-- \/wp:paragraph --><!-- wp:list -->\n<ul class=\"wp-block-list\"><!-- wp:list-item -->\n<li>planejamento, organiza\u00e7\u00e3o, articula\u00e7\u00e3o, coordena\u00e7\u00e3o, execu\u00e7\u00e3o e a avalia\u00e7\u00e3o das pol\u00edticas municipais relativas \u00e0s obras p\u00fablicas do sistema de infraestrutura;<\/li>\n<!-- \/wp:list-item --><!-- wp:list-item -->\n<li>constru\u00e7\u00e3o, amplia\u00e7\u00e3o, melhoramentos e conserva\u00e7\u00e3o de obras vi\u00e1rias do Munic\u00edpio;<\/li>\n<!-- \/wp:list-item --><!-- wp:list-item -->\n<li>manuten\u00e7\u00e3o das redes de esgotos pluviais, galerias, bueiros e pontes;<\/li>\n<!-- \/wp:list-item --><!-- wp:list-item -->\n<li>controle, fiscaliza\u00e7\u00e3o e notifica\u00e7\u00f5es, manuten\u00e7\u00e3o e conserva\u00e7\u00e3o referentes aos ve\u00edculos, m\u00e1quinas e equipamentos rodovi\u00e1rios integrantes da frota do Munic\u00edpio;<\/li>\n<!-- \/wp:list-item --><!-- wp:list-item -->\n<li>servi\u00e7os relativos \u00e0 ilumina\u00e7\u00e3o p\u00fablica;<\/li>\n<!-- \/wp:list-item --><!-- wp:list-item -->\n<li>inspecionar sistematicamente obras e vias p\u00fablicas, como estradas, acessos, ruas e caminhos municipais, promovendo as medidas necess\u00e1rias a sua conserva\u00e7\u00e3o;<\/li>\n<!-- \/wp:list-item --><!-- wp:list-item -->\n<li>agir em casos de emerg\u00eancia e calamidade p\u00fablica, diligenciando a execu\u00e7\u00e3o de medidas corretivas nas obras p\u00fablicas e nos sistemas vi\u00e1rios municipais;<\/li>\n<!-- \/wp:list-item --><!-- wp:list-item -->\n<li>manter atualizado o cadastro de obras e dos sistemas vi\u00e1rios e das drenagens no \u00e2mbito do Munic\u00edpio de Arroio do Tigre;<\/li>\n<!-- \/wp:list-item --><!-- wp:list-item -->\n<li>colaborar com os \u00f3rg\u00e3os e entidades federais e estaduais respons\u00e1veis por obras de saneamento urbano, dos sistemas vi\u00e1rios e demais obras de infraestrutura;<\/li>\n<!-- \/wp:list-item --><!-- wp:list-item -->\n<li>promover a execu\u00e7\u00e3o dos servi\u00e7os de constru\u00e7\u00e3o de obras de drenagem, e demais obras de infraestrutura;<\/li>\n<!-- \/wp:list-item --><!-- wp:list-item -->\n<li>promover a execu\u00e7\u00e3o dos servi\u00e7os de pavimenta\u00e7\u00e3o por administra\u00e7\u00e3o direta ou por empreitada;<\/li>\n<!-- \/wp:list-item --><!-- wp:list-item -->\n<li>promover a operacionaliza\u00e7\u00e3o dos sistemas de drenagem do Munic\u00edpio;<\/li>\n<!-- \/wp:list-item --><!-- wp:list-item -->\n<li>promover a conserva\u00e7\u00e3o das obras e vias p\u00fablicas, atrav\u00e9s da administra\u00e7\u00e3o direta ou por empreitada;<\/li>\n<!-- \/wp:list-item --><!-- wp:list-item -->\n<li>coordenar a realiza\u00e7\u00e3o de obras e a\u00e7\u00f5es correlatas de interesse comum \u00e0 Uni\u00e3o, Estado e ao setor privado em territ\u00f3rio do Munic\u00edpio, estabelecendo, para isso, instrumentos operacionais;<\/li>\n<!-- \/wp:list-item --><!-- wp:list-item -->\n<li>desenvolver atividades relativas \u00e0 produ\u00e7\u00e3o de asfalto e demais mat\u00e9rias primas, insumos, pr\u00e9-moldados e equipamentos necess\u00e1rios \u00e0 constru\u00e7\u00e3o e conserva\u00e7\u00e3o das obras e vias municipais;<\/li>\n<!-- \/wp:list-item --><!-- wp:list-item -->\n<li>administrar os fundos e recursos espec\u00edficos de sua Secretaria;<\/li>\n<!-- \/wp:list-item --><!-- wp:list-item -->\n<li>outras compet\u00eancias correlatas que forem atribu\u00eddas \u00e0 Secretaria mediante Decreto.<\/li>\n<!-- \/wp:list-item --><\/ul>\n<!-- \/wp:list --><!-- wp:paragraph -->\n<p>Fica vinculada \u00e0 estrutura da Secretaria Municipal de Obras e Via\u00e7\u00e3o:<\/p>\n<!-- \/wp:paragraph --><!-- wp:list -->\n<ul class=\"wp-block-list\"><!-- wp:list-item -->\n<li>Parque de Obras;<\/li>\n<!-- \/wp:list-item --><!-- wp:list-item -->\n<li>Parque de eventos;<\/li>\n<!-- \/wp:list-item --><!-- wp:list-item -->\n<li>Almoxarifado;<\/li>\n<!-- \/wp:list-item --><!-- wp:list-item -->\n<li>Departamento Municipal de Tr\u00e2nsito.<\/li>\n<!-- \/wp:list-item --><\/ul>\n<!-- \/wp:list -->\t\t\t\t\t<\/div>\n\t\t\t\t\t\t<\/div>\n\t\t\t\t<\/div>\n\t\t\t\t\t\t<\/div>\n\t\t\t\t\t<\/div>\n\t\t<\/div>\n\t\t\t\t\t\t\t\t<\/div>\n\t\t\t\t\t<\/div>\n\t\t<\/section>\n\t\t\t\t\t\t\t\t\t<\/div>\n\t\t\t<\/div>\n\t\t\t\t\t<\/div>\n\t\t","protected":false},"excerpt":{"rendered":"<p>Secret\u00e1rio Municipal: Fabiano Konrad Compete \u00e0 Secretaria Municipal de Obras e Via\u00e7\u00e3o: Fica vinculada \u00e0 estrutura da Secretaria Municipal de Obras e Via\u00e7\u00e3o:<\/p>\n","protected":false},"author":8,"featured_media":0,"parent":0,"menu_order":0,"comment_status":"closed","ping_status":"closed","template":"","meta":{"footnotes":""},"class_list":["post-14229","page","type-page","status-publish","hentry","entry"],"_links":{"self":[{"href":"https:\/\/www.arroiodotigre.rs.gov.br\/site\/wp-json\/wp\/v2\/pages\/14229","targetHints":{"allow":["GET"]}}],"collection":[{"href":"https:\/\/www.arroiodotigre.rs.gov.br\/site\/wp-json\/wp\/v2\/pages"}],"about":[{"href":"https:\/\/www.arroiodotigre.rs.gov.br\/site\/wp-json\/wp\/v2\/types\/page"}],"author":[{"embeddable":true,"href":"https:\/\/www.arroiodotigre.rs.gov.br\/site\/wp-json\/wp\/v2\/users\/8"}],"replies":[{"embeddable":true,"href":"https:\/\/www.arroiodotigre.rs.gov.br\/site\/wp-json\/wp\/v2\/comments?post=14229"}],"version-history":[{"count":4,"href":"https:\/\/www.arroiodotigre.rs.gov.br\/site\/wp-json\/wp\/v2\/pages\/14229\/revisions"}],"predecessor-version":[{"id":14286,"href":"https:\/\/www.arroiodotigre.rs.gov.br\/site\/wp-json\/wp\/v2\/pages\/14229\/revisions\/14286"}],"wp:attachment":[{"href":"https:\/\/www.arroiodotigre.rs.gov.br\/site\/wp-json\/wp\/v2\/media?parent=14229"}],"curies":[{"name":"wp","href":"https:\/\/api.w.org\/{rel}","templated":true}]}}