{"id":9298,"date":"2023-07-04T16:23:50","date_gmt":"2023-07-04T19:23:50","guid":{"rendered":"http:\/\/www.arroiodotigre.rs.gov.br\/site\/?page_id=9298"},"modified":"2023-07-04T16:24:54","modified_gmt":"2023-07-04T19:24:54","slug":"carta-de-servicos-da-secretaria-da-educacao","status":"publish","type":"page","link":"http:\/\/www.arroiodotigre.rs.gov.br\/site\/carta-de-servicos-da-secretaria-da-educacao\/","title":{"rendered":"Carta de Servi\u00e7os da Secretaria da Educa\u00e7\u00e3o"},"content":{"rendered":"\t\t<div data-elementor-type=\"wp-page\" data-elementor-id=\"9298\" class=\"elementor elementor-9298\" data-elementor-post-type=\"page\">\n\t\t\t\t\t\t<div class=\"elementor-inner\">\n\t\t\t\t<div class=\"elementor-section-wrap\">\n\t\t\t\t\t\t\t\t\t<section class=\"elementor-section elementor-top-section elementor-element elementor-element-4452ef2 elementor-section-boxed elementor-section-height-default elementor-section-height-default\" data-id=\"4452ef2\" data-element_type=\"section\">\n\t\t\t\t\t\t<div class=\"elementor-container elementor-column-gap-default\">\n\t\t\t\t\t\t\t<div class=\"elementor-row\">\n\t\t\t\t\t<div class=\"elementor-column elementor-col-100 elementor-top-column elementor-element elementor-element-20cf275\" data-id=\"20cf275\" data-element_type=\"column\">\n\t\t\t<div class=\"elementor-column-wrap elementor-element-populated\">\n\t\t\t\t\t\t\t<div class=\"elementor-widget-wrap\">\n\t\t\t\t\t\t<div class=\"elementor-element elementor-element-b2ac7c2 elementor-widget elementor-widget-text-editor\" data-id=\"b2ac7c2\" data-element_type=\"widget\" data-widget_type=\"text-editor.default\">\n\t\t\t\t<div class=\"elementor-widget-container\">\n\t\t\t\t\t\t\t\t<div class=\"elementor-text-editor elementor-clearfix\">\n\t\t\t\t<p><strong>Atribui\u00e7\u00f5es da Secretaria Municipal de Educa\u00e7\u00e3o e Cultura (Conforme Lei Municipal n\u00ba 2.884\/2017):<\/strong><\/p><p>I \u2013 organizar, administrar, supervisionar, controlar e avaliar a a\u00e7\u00e3o mu-nicipal no campo da educa\u00e7\u00e3o;<\/p><p>II \u2013 articular-se com \u00d3rg\u00e3os dos Governos Federal e Estadual, assim como aqueles de \u00e2mbito Municipal para o desenvolvimento de pol\u00edticas e para a elabora\u00e7\u00e3o de legisla\u00e7\u00e3o educacional, em regime de parceria;<\/p><p>III \u2013 apoiar e orientar a iniciativa privada no campo da educa\u00e7\u00e3o;<\/p><p>IV \u2013 administrar, avaliar e controlar o Sistema de Ensino Municipal promovendo sua expans\u00e3o qualitativa e atualiza\u00e7\u00e3o permanente;<\/p><p>V \u2013 implantar e implementar pol\u00edticas p\u00fablicas que assegurem o aper-fei\u00e7oamento do ensino e da aprendizagem de alunos, professores e servidores;<\/p><p>VI \u2013 estudar, pesquisar e avaliar os recursos financeiros para o custeio e investimento no sistema educacional, assegurando sua plena utiliza\u00e7\u00e3o e efi-ciente operacionalidade;<\/p><p>VII \u2013 propor e executar medidas que assegurem o processo cont\u00ednuo de renova\u00e7\u00e3o e aperfei\u00e7oamento dos m\u00e9todos e t\u00e9cnicas de ensino;<\/p><p>VIII \u2013 integrar suas a\u00e7\u00f5es \u00e0s atividades culturais e esportivas do munic\u00edpio<\/p><p>IX \u2013 pesquisar, planejar e promover o aperfei\u00e7oamento e a atualiza\u00e7\u00e3o permanentes das caracter\u00edsticas e qualifica\u00e7\u00f5es do magist\u00e9rio e da popula\u00e7\u00e3o estudantil, atuando de maneira compat\u00edvel com os problemas identificados;<\/p><p>X \u2013 assegurar \u00e0s crian\u00e7as, jovens e adultos, no \u00e2mbito do sistema educacional do Munic\u00edpio, as condi\u00e7\u00f5es necess\u00e1rias de acesso, perman\u00eancia e sucesso escolar;<\/p><p>XI \u2013 planejar, orientar, coordenar e executar a pol\u00edtica relativa ao programa de assist\u00eancia escolar, no que concerne a sua suplementa\u00e7\u00e3o alimentar, como merenda escolar e alimenta\u00e7\u00e3o dos usu\u00e1rios de creches e demais servi\u00e7os p\u00fablicos;<\/p><p>XII \u2013 implantar pol\u00edtica de qualifica\u00e7\u00e3o profissional, quando necess\u00e1rio, na \u00e1rea art\u00edstico cultural;<\/p><p>XIII \u2013 exercer outras atividades correlatas designadas pelo Prefeito Municipal ou atribu\u00eddas mediante decreto do Poder Executivo.<\/p><p><strong>Compete ainda \u00e0 Secretaria Municipal de Educa\u00e7\u00e3o e Cultura:<\/strong><\/p><p>I \u2013 o planejamento, a organiza\u00e7\u00e3o, promo\u00e7\u00e3o, articula\u00e7\u00e3o, coordena\u00e7\u00e3o, integra\u00e7\u00e3o, execu\u00e7\u00e3o e avalia\u00e7\u00e3o das pol\u00edticas municipais relativas \u00e0 \u00e1rea da cultura;<\/p><p>II \u2013 o fomento e est\u00edmulo \u00e0 cultura em todas as suas manifesta\u00e7\u00f5es, com o acesso aos bens culturais e a expans\u00e3o do potencial criativo dos cidad\u00e3os;<\/p><p>III \u2013 preservar a heran\u00e7a cultural de Arroio do Tigre, por meio da pesquisa, prote\u00e7\u00e3o e restaura\u00e7\u00e3o do seu patrim\u00f4nio hist\u00f3rico, art\u00edstico, arquitet\u00f4nico e paisag\u00edstico;<\/p><p>IV \u2013 promover o interc\u00e2mbio cultural atrav\u00e9s de conv\u00eanios com entidades p\u00fablicas e privadas, nacionais e internacionais;<\/p><p>V \u2013 interagir com os munic\u00edpios da regi\u00e3o visando \u00e0 promo\u00e7\u00e3o de pol\u00edticas de desenvolvimento regional na \u00e1rea da cultura.<\/p><p><strong>Ficam vinculados \u00e0 estrutura da Secretaria Municipal de Educa\u00e7\u00e3o e Cultura:<\/strong><\/p><p>I \u2013 Escolas de Ensino Fundamenta (EMEF) e Escolas de Educa\u00e7\u00e3o Infantil (EMEI);<\/p><p>II \u2013 Centro de Inclus\u00e3o Digital;<\/p><p>III \u2013 Biblioteca P\u00fablica Municipal;<\/p><p>IV \u2013 Museu Municipal;<\/p><p>V \u2013 Conselhos de Pais e Mestres \u2013 CPM\u2019s;<\/p><p>VI \u2013 Conselho Municipal de Educa\u00e7\u00e3o \u2013 C.M.E;<\/p><p>VII \u2013 Conselho Municipal dos Direitos da Pessoa com Defici\u00eancia (CMDPD);<\/p><p>VIII \u2013 Conselho Municipal de Acompanhamento, Controle Social, Comprova\u00e7\u00e3o e Fiscaliza\u00e7\u00e3o do Fundo de Manuten\u00e7\u00e3o e Desenvolvimento da Educa\u00e7\u00e3o B\u00e1sica e de Valoriza\u00e7\u00e3o dos Profissionais da Educa\u00e7\u00e3o \u2013 FUNDEB;<\/p><p>IX \u2013 Conselho de Alimenta\u00e7\u00e3o Escolar \u2013 CAE.<\/p>\t\t\t\t\t<\/div>\n\t\t\t\t\t\t<\/div>\n\t\t\t\t<\/div>\n\t\t\t\t\t\t<\/div>\n\t\t\t\t\t<\/div>\n\t\t<\/div>\n\t\t\t\t\t\t\t\t<\/div>\n\t\t\t\t\t<\/div>\n\t\t<\/section>\n\t\t\t\t\t\t\t\t\t<\/div>\n\t\t\t<\/div>\n\t\t\t\t\t<\/div>\n\t\t","protected":false},"excerpt":{"rendered":"<p>Atribui\u00e7\u00f5es da Secretaria Municipal de Educa\u00e7\u00e3o e Cultura (Conforme Lei Municipal n\u00ba 2.884\/2017): I \u2013 organizar, administrar, supervisionar, controlar e avaliar a a\u00e7\u00e3o mu-nicipal no campo da educa\u00e7\u00e3o; II \u2013 articular-se com \u00d3rg\u00e3os dos Governos Federal e Estadual, assim como aqueles de \u00e2mbito Municipal para o desenvolvimento de pol\u00edticas e para a elabora\u00e7\u00e3o de legisla\u00e7\u00e3o &hellip; <\/p>\n<p class=\"link-more\"><a href=\"http:\/\/www.arroiodotigre.rs.gov.br\/site\/carta-de-servicos-da-secretaria-da-educacao\/\" class=\"more-link\">Continue lendo<span class=\"screen-reader-text\"> &#8220;Carta de Servi\u00e7os da Secretaria da Educa\u00e7\u00e3o&#8221;<\/span><\/a><\/p>\n","protected":false},"author":2,"featured_media":0,"parent":0,"menu_order":0,"comment_status":"closed","ping_status":"closed","template":"","meta":{"footnotes":""},"class_list":["post-9298","page","type-page","status-publish","hentry","entry"],"_links":{"self":[{"href":"http:\/\/www.arroiodotigre.rs.gov.br\/site\/wp-json\/wp\/v2\/pages\/9298","targetHints":{"allow":["GET"]}}],"collection":[{"href":"http:\/\/www.arroiodotigre.rs.gov.br\/site\/wp-json\/wp\/v2\/pages"}],"about":[{"href":"http:\/\/www.arroiodotigre.rs.gov.br\/site\/wp-json\/wp\/v2\/types\/page"}],"author":[{"embeddable":true,"href":"http:\/\/www.arroiodotigre.rs.gov.br\/site\/wp-json\/wp\/v2\/users\/2"}],"replies":[{"embeddable":true,"href":"http:\/\/www.arroiodotigre.rs.gov.br\/site\/wp-json\/wp\/v2\/comments?post=9298"}],"version-history":[{"count":4,"href":"http:\/\/www.arroiodotigre.rs.gov.br\/site\/wp-json\/wp\/v2\/pages\/9298\/revisions"}],"predecessor-version":[{"id":9302,"href":"http:\/\/www.arroiodotigre.rs.gov.br\/site\/wp-json\/wp\/v2\/pages\/9298\/revisions\/9302"}],"wp:attachment":[{"href":"http:\/\/www.arroiodotigre.rs.gov.br\/site\/wp-json\/wp\/v2\/media?parent=9298"}],"curies":[{"name":"wp","href":"https:\/\/api.w.org\/{rel}","templated":true}]}}