{"id":9281,"date":"2023-07-04T16:12:14","date_gmt":"2023-07-04T19:12:14","guid":{"rendered":"http:\/\/www.arroiodotigre.rs.gov.br\/site\/?page_id=9281"},"modified":"2023-07-14T09:29:46","modified_gmt":"2023-07-14T12:29:46","slug":"planejamento-e-servicos-da-educacao","status":"publish","type":"page","link":"http:\/\/www.arroiodotigre.rs.gov.br\/site\/planejamento-e-servicos-da-educacao\/","title":{"rendered":"Planejamento e Servi\u00e7os da Educa\u00e7\u00e3o"},"content":{"rendered":"\t\t<div data-elementor-type=\"wp-page\" data-elementor-id=\"9281\" class=\"elementor elementor-9281\" data-elementor-post-type=\"page\">\n\t\t\t\t\t\t<div class=\"elementor-inner\">\n\t\t\t\t<div class=\"elementor-section-wrap\">\n\t\t\t\t\t\t\t\t\t<section class=\"elementor-section elementor-top-section elementor-element elementor-element-16ac325 elementor-section-boxed elementor-section-height-default elementor-section-height-default\" data-id=\"16ac325\" data-element_type=\"section\">\n\t\t\t\t\t\t<div class=\"elementor-container elementor-column-gap-default\">\n\t\t\t\t\t\t\t<div class=\"elementor-row\">\n\t\t\t\t\t<div class=\"elementor-column elementor-col-100 elementor-top-column elementor-element elementor-element-f91fbe4\" data-id=\"f91fbe4\" data-element_type=\"column\">\n\t\t\t<div class=\"elementor-column-wrap elementor-element-populated\">\n\t\t\t\t\t\t\t<div class=\"elementor-widget-wrap\">\n\t\t\t\t\t\t<div class=\"elementor-element elementor-element-3160f3b elementor-widget elementor-widget-toggle\" data-id=\"3160f3b\" data-element_type=\"widget\" data-widget_type=\"toggle.default\">\n\t\t\t\t<div class=\"elementor-widget-container\">\n\t\t\t\t\t<div class=\"elementor-toggle\">\n\t\t\t\t\t\t\t<div class=\"elementor-toggle-item\">\n\t\t\t\t\t<div id=\"elementor-tab-title-5171\" class=\"elementor-tab-title\" data-tab=\"1\" role=\"button\" aria-controls=\"elementor-tab-content-5171\" aria-expanded=\"false\">\n\t\t\t\t\t\t\t\t\t\t\t\t<span class=\"elementor-toggle-icon elementor-toggle-icon-left\" aria-hidden=\"true\">\n\t\t\t\t\t\t\t\t\t\t\t\t\t\t\t<span class=\"elementor-toggle-icon-closed\"><i class=\"fas fa-caret-right\"><\/i><\/span>\n\t\t\t\t\t\t\t\t<span class=\"elementor-toggle-icon-opened\"><i class=\"elementor-toggle-icon-opened fas fa-caret-up\"><\/i><\/span>\n\t\t\t\t\t\t\t\t\t\t\t\t\t<\/span>\n\t\t\t\t\t\t\t\t\t\t\t\t<a class=\"elementor-toggle-title\" tabindex=\"0\">PLANEJAMENTO E RELAT\u00d3RIO DE GEST\u00c3O EM EDUCA\u00c7\u00c3O<\/a>\n\t\t\t\t\t<\/div>\n\n\t\t\t\t\t<div id=\"elementor-tab-content-5171\" class=\"elementor-tab-content elementor-clearfix\" data-tab=\"1\" role=\"region\" aria-labelledby=\"elementor-tab-title-5171\"><ul><li><a href=\"http:\/\/www.arroiodotigre.rs.gov.br\/site\/wp-content\/uploads\/2023\/07\/PlanoMunicipal-de-Educacao-AssinadoScaneado23062015.pdf\">Plano Municipal de Educa\u00e7\u00e3o<\/a><\/li><li><a href=\"http:\/\/www.arroiodotigre.rs.gov.br\/site\/wp-content\/uploads\/2023\/07\/RELATORIO-DE-MONITORAMENTO-DO-PLANO-MUNICIPAL-DE-EDUCACAO-1.pdf\">Relat\u00f3rio de Resultados<\/a><\/li><\/ul><\/div>\n\t\t\t\t<\/div>\n\t\t\t\t\t\t\t<div class=\"elementor-toggle-item\">\n\t\t\t\t\t<div id=\"elementor-tab-title-5172\" class=\"elementor-tab-title\" data-tab=\"2\" role=\"button\" aria-controls=\"elementor-tab-content-5172\" aria-expanded=\"false\">\n\t\t\t\t\t\t\t\t\t\t\t\t<span class=\"elementor-toggle-icon elementor-toggle-icon-left\" aria-hidden=\"true\">\n\t\t\t\t\t\t\t\t\t\t\t\t\t\t\t<span class=\"elementor-toggle-icon-closed\"><i class=\"fas fa-caret-right\"><\/i><\/span>\n\t\t\t\t\t\t\t\t<span class=\"elementor-toggle-icon-opened\"><i class=\"elementor-toggle-icon-opened fas fa-caret-up\"><\/i><\/span>\n\t\t\t\t\t\t\t\t\t\t\t\t\t<\/span>\n\t\t\t\t\t\t\t\t\t\t\t\t<a class=\"elementor-toggle-title\" tabindex=\"0\">SERVI\u00c7OS DA EDUCA\u00c7\u00c3O<\/a>\n\t\t\t\t\t<\/div>\n\n\t\t\t\t\t<div id=\"elementor-tab-content-5172\" class=\"elementor-tab-content elementor-clearfix\" data-tab=\"2\" role=\"region\" aria-labelledby=\"elementor-tab-title-5172\"><ul><li><a href=\"http:\/\/www.arroiodotigre.rs.gov.br\/site\/carta-de-servicos-da-secretaria-da-educacao\/\">Carta de Servi\u00e7os da Secretaria da Educa\u00e7\u00e3o<\/a><\/li><\/ul><\/div>\n\t\t\t\t<\/div>\n\t\t\t\t\t\t\t<div class=\"elementor-toggle-item\">\n\t\t\t\t\t<div id=\"elementor-tab-title-5173\" class=\"elementor-tab-title\" data-tab=\"3\" role=\"button\" aria-controls=\"elementor-tab-content-5173\" aria-expanded=\"false\">\n\t\t\t\t\t\t\t\t\t\t\t\t<span class=\"elementor-toggle-icon elementor-toggle-icon-left\" aria-hidden=\"true\">\n\t\t\t\t\t\t\t\t\t\t\t\t\t\t\t<span class=\"elementor-toggle-icon-closed\"><i class=\"fas fa-caret-right\"><\/i><\/span>\n\t\t\t\t\t\t\t\t<span class=\"elementor-toggle-icon-opened\"><i class=\"elementor-toggle-icon-opened fas fa-caret-up\"><\/i><\/span>\n\t\t\t\t\t\t\t\t\t\t\t\t\t<\/span>\n\t\t\t\t\t\t\t\t\t\t\t\t<a class=\"elementor-toggle-title\" tabindex=\"0\">LISTA DE ESPERA DAS EMEIS <\/a>\n\t\t\t\t\t<\/div>\n\n\t\t\t\t\t<div id=\"elementor-tab-content-5173\" class=\"elementor-tab-content elementor-clearfix\" data-tab=\"3\" role=\"region\" aria-labelledby=\"elementor-tab-title-5173\"><p><a href=\"http:\/\/www.arroiodotigre.rs.gov.br\/site\/wp-content\/uploads\/2023\/07\/OFICIO-VAGAS-DAS-EMEIS.pdf\">Acesse aqui o documento da Lista de Espera das EMEIs.<\/a><\/p><\/div>\n\t\t\t\t<\/div>\n\t\t\t\t\t\t\t\t<\/div>\n\t\t\t\t<\/div>\n\t\t\t\t<\/div>\n\t\t\t\t\t\t<\/div>\n\t\t\t\t\t<\/div>\n\t\t<\/div>\n\t\t\t\t\t\t\t\t<\/div>\n\t\t\t\t\t<\/div>\n\t\t<\/section>\n\t\t\t\t\t\t\t\t\t<\/div>\n\t\t\t<\/div>\n\t\t\t\t\t<\/div>\n\t\t","protected":false},"excerpt":{"rendered":"<p>PLANEJAMENTO E RELAT\u00d3RIO DE GEST\u00c3O EM EDUCA\u00c7\u00c3O Plano Municipal de Educa\u00e7\u00e3o Relat\u00f3rio de Resultados SERVI\u00c7OS DA EDUCA\u00c7\u00c3O Carta de Servi\u00e7os da Secretaria da Educa\u00e7\u00e3o LISTA DE ESPERA DAS EMEIS Acesse aqui o documento da Lista de Espera das EMEIs.<\/p>\n","protected":false},"author":2,"featured_media":0,"parent":0,"menu_order":0,"comment_status":"closed","ping_status":"closed","template":"","meta":{"footnotes":""},"class_list":["post-9281","page","type-page","status-publish","hentry","entry"],"_links":{"self":[{"href":"http:\/\/www.arroiodotigre.rs.gov.br\/site\/wp-json\/wp\/v2\/pages\/9281","targetHints":{"allow":["GET"]}}],"collection":[{"href":"http:\/\/www.arroiodotigre.rs.gov.br\/site\/wp-json\/wp\/v2\/pages"}],"about":[{"href":"http:\/\/www.arroiodotigre.rs.gov.br\/site\/wp-json\/wp\/v2\/types\/page"}],"author":[{"embeddable":true,"href":"http:\/\/www.arroiodotigre.rs.gov.br\/site\/wp-json\/wp\/v2\/users\/2"}],"replies":[{"embeddable":true,"href":"http:\/\/www.arroiodotigre.rs.gov.br\/site\/wp-json\/wp\/v2\/comments?post=9281"}],"version-history":[{"count":34,"href":"http:\/\/www.arroiodotigre.rs.gov.br\/site\/wp-json\/wp\/v2\/pages\/9281\/revisions"}],"predecessor-version":[{"id":9717,"href":"http:\/\/www.arroiodotigre.rs.gov.br\/site\/wp-json\/wp\/v2\/pages\/9281\/revisions\/9717"}],"wp:attachment":[{"href":"http:\/\/www.arroiodotigre.rs.gov.br\/site\/wp-json\/wp\/v2\/media?parent=9281"}],"curies":[{"name":"wp","href":"https:\/\/api.w.org\/{rel}","templated":true}]}}