{"id":5284,"date":"2022-01-12T08:24:18","date_gmt":"2022-01-12T11:24:18","guid":{"rendered":"https:\/\/www.arroiodotigre.rs.gov.br\/site\/?page_id=5284"},"modified":"2022-01-12T08:24:18","modified_gmt":"2022-01-12T11:24:18","slug":"decretos-2022","status":"publish","type":"page","link":"http:\/\/www.arroiodotigre.rs.gov.br\/site\/decretos-2022\/","title":{"rendered":"Decretos 2022"},"content":{"rendered":"<div class=\"sdm_download_item \"><div class=\"sdm_download_item_top\"><div class=\"sdm_download_thumbnail\"><\/div><div class=\"sdm_download_title\">Decreto n\u00ba 3.459\/2022<\/div><\/div><div style=\"clear:both;\"><\/div><div class=\"sdm_download_description\"><p>DECRETA A ANULA\u00c7\u00c3O DO N\u00daMERO DE DECRETO N\u00b0 3.391, CONFORME ESPECIFICA.<\/p>\n<\/div><div class=\"sdm_download_link\"><span class=\"sdm_download_button\"><a href=\"http:\/\/www.arroiodotigre.rs.gov.br\/site\/?sdm_process_download=1&download_id=8317\" class=\"sdm_download green\" title=\"Decreto n\u00ba 3.459\/2022\" target=\"_self\">Baixar agora!<\/a><\/span><span class=\"sdm_download_item_count\"><span class=\"sdm_item_count_number\">609<\/span><span class=\"sdm_item_count_string\"> Downloads<\/span><\/span><\/div><\/div><div class=\"sdm_download_item \"><div class=\"sdm_download_item_top\"><div class=\"sdm_download_thumbnail\"><\/div><div class=\"sdm_download_title\">Decreto n\u00ba 3.458\/2022<\/div><\/div><div style=\"clear:both;\"><\/div><div class=\"sdm_download_description\"><p><span class=\"PSPDFKit-8ayy4hjz5h5sb5mqfjxzpc42zw PSPDFKit-3npj2ht4kppfp95hepqhfjb49x PSPDFKit-2tg9p1utsyyke5vpebq5gc3413 PSPDFKit-Text\"><span class=\"PSPDFKit-6fq5ysqkmc2gc1fek9b659qfh8\" data-textline-id=\"2\" data-page-index=\"0\">DECRETA A ABERTURA DE CR\u00c9DITO SUPLEMENTAR NO<\/span><\/span><span class=\"PSPDFKit-8ayy4hjz5h5sb5mqfjxzpc42zw PSPDFKit-3npj2ht4kppfp95hepqhfjb49x PSPDFKit-2tg9p1utsyyke5vpebq5gc3413 PSPDFKit-Text\"><span class=\"PSPDFKit-6fq5ysqkmc2gc1fek9b659qfh8\" data-textline-id=\"3\" data-page-index=\"0\">MONTANTE DE R$ 1.398.019,92 (UM MILH\u00c3O, TREZENTOS E<\/span><\/span><span class=\"PSPDFKit-8ayy4hjz5h5sb5mqfjxzpc42zw PSPDFKit-3npj2ht4kppfp95hepqhfjb49x PSPDFKit-2tg9p1utsyyke5vpebq5gc3413 PSPDFKit-Text\"><span class=\"PSPDFKit-6fq5ysqkmc2gc1fek9b659qfh8\" data-textline-id=\"4\" data-page-index=\"0\">NOVENTA E OITO MIL, DEZENOVE REAIS E NOVENTA E DOIS<\/span><\/span><span class=\"PSPDFKit-8ayy4hjz5h5sb5mqfjxzpc42zw PSPDFKit-3npj2ht4kppfp95hepqhfjb49x PSPDFKit-2tg9p1utsyyke5vpebq5gc3413 PSPDFKit-Text\"><span class=\"PSPDFKit-6fq5ysqkmc2gc1fek9b659qfh8\" data-textline-id=\"5\" data-page-index=\"0\">CENTAVOS).<\/span><\/span><\/p>\n<\/div><div class=\"sdm_download_link\"><span class=\"sdm_download_button\"><a href=\"http:\/\/www.arroiodotigre.rs.gov.br\/site\/?sdm_process_download=1&download_id=8266\" class=\"sdm_download green\" title=\"Decreto n\u00ba 3.458\/2022\" target=\"_self\">Baixar agora!<\/a><\/span><span class=\"sdm_download_item_count\"><span class=\"sdm_item_count_number\">644<\/span><span class=\"sdm_item_count_string\"> Downloads<\/span><\/span><\/div><\/div><div class=\"sdm_download_item \"><div class=\"sdm_download_item_top\"><div class=\"sdm_download_thumbnail\"><\/div><div class=\"sdm_download_title\">Decreto n\u00ba 3.457\/2022<\/div><\/div><div style=\"clear:both;\"><\/div><div class=\"sdm_download_description\"><p><span class=\"PSPDFKit-8ayy4hjz5h5sb5mqfjxzpc42zw PSPDFKit-3npj2ht4kppfp95hepqhfjb49x PSPDFKit-2tg9p1utsyyke5vpebq5gc3413 PSPDFKit-Text\"><span class=\"PSPDFKit-6fq5ysqkmc2gc1fek9b659qfh8\" data-textline-id=\"3\" data-page-index=\"0\">PRORROGA AT\u00c9 31 DE JANEIRO DE 2023 O <\/span><\/span><span class=\"PSPDFKit-8ayy4hjz5h5sb5mqfjxzpc42zw PSPDFKit-3npj2ht4kppfp95hepqhfjb49x PSPDFKit-2tg9p1utsyyke5vpebq5gc3413 PSPDFKit-Text\"><span class=\"PSPDFKit-6fq5ysqkmc2gc1fek9b659qfh8\" data-textline-id=\"4\" data-page-index=\"0\">PRAZO DO PROGRAMA DE RECUPERA\u00c7\u00c3O <\/span><\/span><span class=\"PSPDFKit-8ayy4hjz5h5sb5mqfjxzpc42zw PSPDFKit-3npj2ht4kppfp95hepqhfjb49x PSPDFKit-2tg9p1utsyyke5vpebq5gc3413 PSPDFKit-Text\"><span class=\"PSPDFKit-6fq5ysqkmc2gc1fek9b659qfh8\" data-textline-id=\"5\" data-page-index=\"0\">FISCAL DO MUNIC\u00cdPIO DE ARROIO DO <\/span><\/span><span class=\"PSPDFKit-8ayy4hjz5h5sb5mqfjxzpc42zw PSPDFKit-3npj2ht4kppfp95hepqhfjb49x PSPDFKit-2tg9p1utsyyke5vpebq5gc3413 PSPDFKit-Text\"><span class=\"PSPDFKit-6fq5ysqkmc2gc1fek9b659qfh8\" data-textline-id=\"6\" data-page-index=\"0\">TIGRE \u2013 REFIS, <\/span><\/span><span class=\"PSPDFKit-8ayy4hjz5h5sb5mqfjxzpc42zw PSPDFKit-3npj2ht4kppfp95hepqhfjb49x PSPDFKit-2tg9p1utsyyke5vpebq5gc3413 PSPDFKit-Text\"><span class=\"PSPDFKit-6fq5ysqkmc2gc1fek9b659qfh8\" data-textline-id=\"7\" data-page-index=\"0\">INSTITU\u00cdDO PELA LEI <\/span><\/span><span class=\"PSPDFKit-8ayy4hjz5h5sb5mqfjxzpc42zw PSPDFKit-3npj2ht4kppfp95hepqhfjb49x PSPDFKit-2tg9p1utsyyke5vpebq5gc3413 PSPDFKit-Text\"><span class=\"PSPDFKit-6fq5ysqkmc2gc1fek9b659qfh8\" data-textline-id=\"8\" data-page-index=\"0\">MUNICIPAL N\u00ba 3.341\/2022, DE 25 DE <\/span><\/span><span class=\"PSPDFKit-8ayy4hjz5h5sb5mqfjxzpc42zw PSPDFKit-3npj2ht4kppfp95hepqhfjb49x PSPDFKit-2tg9p1utsyyke5vpebq5gc3413 PSPDFKit-Text\"><span class=\"PSPDFKit-6fq5ysqkmc2gc1fek9b659qfh8\" data-textline-id=\"9\" data-page-index=\"0\">OUTUBRO <\/span><\/span><span class=\"PSPDFKit-8ayy4hjz5h5sb5mqfjxzpc42zw PSPDFKit-3npj2ht4kppfp95hepqhfjb49x PSPDFKit-2tg9p1utsyyke5vpebq5gc3413 PSPDFKit-Text\"><span class=\"PSPDFKit-6fq5ysqkmc2gc1fek9b659qfh8\" data-textline-id=\"10\" data-page-index=\"0\">DE <\/span><\/span><span class=\"PSPDFKit-8ayy4hjz5h5sb5mqfjxzpc42zw PSPDFKit-3npj2ht4kppfp95hepqhfjb49x PSPDFKit-2tg9p1utsyyke5vpebq5gc3413 PSPDFKit-Text\"><span class=\"PSPDFKit-6fq5ysqkmc2gc1fek9b659qfh8\" data-textline-id=\"11\" data-page-index=\"0\">2022, <\/span><\/span><span class=\"PSPDFKit-8ayy4hjz5h5sb5mqfjxzpc42zw PSPDFKit-3npj2ht4kppfp95hepqhfjb49x PSPDFKit-2tg9p1utsyyke5vpebq5gc3413 PSPDFKit-Text\"><span class=\"PSPDFKit-6fq5ysqkmc2gc1fek9b659qfh8\" data-textline-id=\"12\" data-page-index=\"0\">CONFORME <\/span><\/span><span class=\"PSPDFKit-8ayy4hjz5h5sb5mqfjxzpc42zw PSPDFKit-3npj2ht4kppfp95hepqhfjb49x PSPDFKit-2tg9p1utsyyke5vpebq5gc3413 PSPDFKit-Text\"><span class=\"PSPDFKit-6fq5ysqkmc2gc1fek9b659qfh8\" data-textline-id=\"13\" data-page-index=\"0\">ESPECIFICA. <\/span><\/span><\/p>\n<\/div><div class=\"sdm_download_link\"><span class=\"sdm_download_button\"><a href=\"http:\/\/www.arroiodotigre.rs.gov.br\/site\/?sdm_process_download=1&download_id=8265\" class=\"sdm_download green\" title=\"Decreto n\u00ba 3.457\/2022\" target=\"_self\">Baixar agora!<\/a><\/span><span class=\"sdm_download_item_count\"><span class=\"sdm_item_count_number\">659<\/span><span class=\"sdm_item_count_string\"> Downloads<\/span><\/span><\/div><\/div><div class=\"sdm_download_item \"><div class=\"sdm_download_item_top\"><div class=\"sdm_download_thumbnail\"><\/div><div class=\"sdm_download_title\">Decreto n\u00ba 3.456\/2022<\/div><\/div><div style=\"clear:both;\"><\/div><div class=\"sdm_download_description\"><p><span class=\"PSPDFKit-8ayy4hjz5h5sb5mqfjxzpc42zw PSPDFKit-3npj2ht4kppfp95hepqhfjb49x PSPDFKit-2tg9p1utsyyke5vpebq5gc3413 PSPDFKit-Text\"><span class=\"PSPDFKit-6fq5ysqkmc2gc1fek9b659qfh8\" data-textline-id=\"2\" data-page-index=\"0\">DECRETA A ABERTURA DE CR\u00c9DITO SUPLEMENTAR NO<\/span><\/span><span class=\"PSPDFKit-8ayy4hjz5h5sb5mqfjxzpc42zw PSPDFKit-3npj2ht4kppfp95hepqhfjb49x PSPDFKit-2tg9p1utsyyke5vpebq5gc3413 PSPDFKit-Text\"><span class=\"PSPDFKit-6fq5ysqkmc2gc1fek9b659qfh8\" data-textline-id=\"3\" data-page-index=\"0\">MONTANTE DE R$ 201.742,51 (DUZENTOS E UM MIL,<\/span><\/span><span class=\"PSPDFKit-8ayy4hjz5h5sb5mqfjxzpc42zw PSPDFKit-3npj2ht4kppfp95hepqhfjb49x PSPDFKit-2tg9p1utsyyke5vpebq5gc3413 PSPDFKit-Text\"><span class=\"PSPDFKit-6fq5ysqkmc2gc1fek9b659qfh8\" data-textline-id=\"4\" data-page-index=\"0\">SETECENTOS E QUARENTA E DOIS REAIS E CINQUENTA E UM <\/span><\/span><span class=\"PSPDFKit-8ayy4hjz5h5sb5mqfjxzpc42zw PSPDFKit-3npj2ht4kppfp95hepqhfjb49x PSPDFKit-2tg9p1utsyyke5vpebq5gc3413 PSPDFKit-Text\"><span class=\"PSPDFKit-6fq5ysqkmc2gc1fek9b659qfh8\" data-textline-id=\"5\" data-page-index=\"0\">CENTAVOS).<\/span><\/span><\/p>\n<\/div><div class=\"sdm_download_link\"><span class=\"sdm_download_button\"><a href=\"http:\/\/www.arroiodotigre.rs.gov.br\/site\/?sdm_process_download=1&download_id=8258\" class=\"sdm_download green\" title=\"Decreto n\u00ba 3.456\/2022\" target=\"_self\">Baixar agora!<\/a><\/span><span class=\"sdm_download_item_count\"><span class=\"sdm_item_count_number\">640<\/span><span class=\"sdm_item_count_string\"> Downloads<\/span><\/span><\/div><\/div><div class=\"sdm_download_item \"><div class=\"sdm_download_item_top\"><div class=\"sdm_download_thumbnail\"><\/div><div class=\"sdm_download_title\">Decreto n\u00ba 3.455\/2022<\/div><\/div><div style=\"clear:both;\"><\/div><div class=\"sdm_download_description\"><p><span class=\"PSPDFKit-8ayy4hjz5h5sb5mqfjxzpc42zw PSPDFKit-3npj2ht4kppfp95hepqhfjb49x PSPDFKit-2tg9p1utsyyke5vpebq5gc3413 PSPDFKit-Text\"><span class=\"PSPDFKit-6fq5ysqkmc2gc1fek9b659qfh8\" data-textline-id=\"3\" data-page-index=\"0\">DECRETA EXPEDIENTE DE FINAL DE ANO <\/span><\/span><span class=\"PSPDFKit-8ayy4hjz5h5sb5mqfjxzpc42zw PSPDFKit-3npj2ht4kppfp95hepqhfjb49x PSPDFKit-2tg9p1utsyyke5vpebq5gc3413 PSPDFKit-Text\"><span class=\"PSPDFKit-6fq5ysqkmc2gc1fek9b659qfh8\" data-textline-id=\"4\" data-page-index=\"0\">NAS REPARTI\u00c7\u00d5ES P\u00daBLICAS DE ARROIO <\/span><\/span><span class=\"PSPDFKit-8ayy4hjz5h5sb5mqfjxzpc42zw PSPDFKit-3npj2ht4kppfp95hepqhfjb49x PSPDFKit-2tg9p1utsyyke5vpebq5gc3413 PSPDFKit-Text\"><span class=\"PSPDFKit-6fq5ysqkmc2gc1fek9b659qfh8\" data-textline-id=\"5\" data-page-index=\"0\">DO TIGRE, CONFORME ESPECIFICA. <\/span><\/span><\/p>\n<\/div><div class=\"sdm_download_link\"><span class=\"sdm_download_button\"><a href=\"http:\/\/www.arroiodotigre.rs.gov.br\/site\/?sdm_process_download=1&download_id=8257\" class=\"sdm_download green\" title=\"Decreto n\u00ba 3.455\/2022\" target=\"_self\">Baixar agora!<\/a><\/span><span class=\"sdm_download_item_count\"><span class=\"sdm_item_count_number\">612<\/span><span class=\"sdm_item_count_string\"> Downloads<\/span><\/span><\/div><\/div><div class=\"sdm_download_item \"><div class=\"sdm_download_item_top\"><div class=\"sdm_download_thumbnail\"><\/div><div class=\"sdm_download_title\">Decreto n\u00ba 3.454\/2022<\/div><\/div><div style=\"clear:both;\"><\/div><div class=\"sdm_download_description\"><p><span class=\"PSPDFKit-8ayy4hjz5h5sb5mqfjxzpc42zw PSPDFKit-3npj2ht4kppfp95hepqhfjb49x PSPDFKit-2tg9p1utsyyke5vpebq5gc3413 PSPDFKit-Text\"><span class=\"PSPDFKit-6fq5ysqkmc2gc1fek9b659qfh8\" data-textline-id=\"3\" data-page-index=\"0\">DEFINE E REGULAMENTA A PREMIA\u00c7\u00c3O ATRAV\u00c9S <\/span><\/span><span class=\"PSPDFKit-8ayy4hjz5h5sb5mqfjxzpc42zw PSPDFKit-3npj2ht4kppfp95hepqhfjb49x PSPDFKit-2tg9p1utsyyke5vpebq5gc3413 PSPDFKit-Text\"><span class=\"PSPDFKit-6fq5ysqkmc2gc1fek9b659qfh8\" data-textline-id=\"4\" data-page-index=\"0\">DO TERMO DE ADES\u00c3O AO USO DA PLATAFORMA <\/span><\/span><span class=\"PSPDFKit-8ayy4hjz5h5sb5mqfjxzpc42zw PSPDFKit-3npj2ht4kppfp95hepqhfjb49x PSPDFKit-2tg9p1utsyyke5vpebq5gc3413 PSPDFKit-Text\"><span class=\"PSPDFKit-6fq5ysqkmc2gc1fek9b659qfh8\" data-textline-id=\"5\" data-page-index=\"0\">DO PROGRAMA NOTA FISCAL GA\u00daCHA DO <\/span><\/span><span class=\"PSPDFKit-8ayy4hjz5h5sb5mqfjxzpc42zw PSPDFKit-3npj2ht4kppfp95hepqhfjb49x PSPDFKit-2tg9p1utsyyke5vpebq5gc3413 PSPDFKit-Text\"><span class=\"PSPDFKit-6fq5ysqkmc2gc1fek9b659qfh8\" data-textline-id=\"6\" data-page-index=\"0\">ESTADO DO RIO GRANDE DO SUL E D\u00c1 OUTRAS <\/span><\/span><span class=\"PSPDFKit-8ayy4hjz5h5sb5mqfjxzpc42zw PSPDFKit-3npj2ht4kppfp95hepqhfjb49x PSPDFKit-2tg9p1utsyyke5vpebq5gc3413 PSPDFKit-Text\"><span class=\"PSPDFKit-6fq5ysqkmc2gc1fek9b659qfh8\" data-textline-id=\"7\" data-page-index=\"0\">PROVIDENCIAS. <\/span><\/span><\/p>\n<\/div><div class=\"sdm_download_link\"><span class=\"sdm_download_button\"><a href=\"http:\/\/www.arroiodotigre.rs.gov.br\/site\/?sdm_process_download=1&download_id=8256\" class=\"sdm_download green\" title=\"Decreto n\u00ba 3.454\/2022\" target=\"_self\">Baixar agora!<\/a><\/span><span class=\"sdm_download_item_count\"><span class=\"sdm_item_count_number\">631<\/span><span class=\"sdm_item_count_string\"> Downloads<\/span><\/span><\/div><\/div><div class=\"sdm_download_item \"><div class=\"sdm_download_item_top\"><div class=\"sdm_download_thumbnail\"><\/div><div class=\"sdm_download_title\">Decreto n\u00ba 3.453\/2022<\/div><\/div><div style=\"clear:both;\"><\/div><div class=\"sdm_download_description\"><p><span class=\"PSPDFKit-8ayy4hjz5h5sb5mqfjxzpc42zw PSPDFKit-3npj2ht4kppfp95hepqhfjb49x PSPDFKit-2tg9p1utsyyke5vpebq5gc3413 PSPDFKit-Text\"><span class=\"PSPDFKit-6fq5ysqkmc2gc1fek9b659qfh8\" data-textline-id=\"3\" data-page-index=\"0\">DECRETA EXPEDIENTE INTERNO NO CENTRO <\/span><\/span><span class=\"PSPDFKit-8ayy4hjz5h5sb5mqfjxzpc42zw PSPDFKit-3npj2ht4kppfp95hepqhfjb49x PSPDFKit-2tg9p1utsyyke5vpebq5gc3413 PSPDFKit-Text\"><span class=\"PSPDFKit-6fq5ysqkmc2gc1fek9b659qfh8\" data-textline-id=\"4\" data-page-index=\"0\">ADMINISTRATIVO DA PREFEITURA MUNICIPAL <\/span><\/span><span class=\"PSPDFKit-8ayy4hjz5h5sb5mqfjxzpc42zw PSPDFKit-3npj2ht4kppfp95hepqhfjb49x PSPDFKit-2tg9p1utsyyke5vpebq5gc3413 PSPDFKit-Text\"><span class=\"PSPDFKit-6fq5ysqkmc2gc1fek9b659qfh8\" data-textline-id=\"5\" data-page-index=\"0\">DE ARROIO DO TIGRE.<\/span><\/span><\/p>\n<\/div><div class=\"sdm_download_link\"><span class=\"sdm_download_button\"><a href=\"http:\/\/www.arroiodotigre.rs.gov.br\/site\/?sdm_process_download=1&download_id=8255\" class=\"sdm_download green\" title=\"Decreto n\u00ba 3.453\/2022\" target=\"_self\">Baixar agora!<\/a><\/span><span class=\"sdm_download_item_count\"><span class=\"sdm_item_count_number\">619<\/span><span class=\"sdm_item_count_string\"> Downloads<\/span><\/span><\/div><\/div><div class=\"sdm_download_item \"><div class=\"sdm_download_item_top\"><div class=\"sdm_download_thumbnail\"><\/div><div class=\"sdm_download_title\">Decreto n\u00ba 3.452\/2022<\/div><\/div><div style=\"clear:both;\"><\/div><div class=\"sdm_download_description\"><p><span class=\"PSPDFKit-8ayy4hjz5h5sb5mqfjxzpc42zw PSPDFKit-3npj2ht4kppfp95hepqhfjb49x PSPDFKit-2tg9p1utsyyke5vpebq5gc3413 PSPDFKit-Text\"><span class=\"PSPDFKit-6fq5ysqkmc2gc1fek9b659qfh8\" data-textline-id=\"2\" data-page-index=\"0\">DECRETA A ABERTURA DE CR\u00c9DITO SUPLEMENTAR NO<\/span><\/span><span class=\"PSPDFKit-8ayy4hjz5h5sb5mqfjxzpc42zw PSPDFKit-3npj2ht4kppfp95hepqhfjb49x PSPDFKit-2tg9p1utsyyke5vpebq5gc3413 PSPDFKit-Text\"><span class=\"PSPDFKit-6fq5ysqkmc2gc1fek9b659qfh8\" data-textline-id=\"3\" data-page-index=\"0\">MONTANTE DE R$ 672.630,96 (SEISCENTOS E SETENTA E<\/span><\/span><span class=\"PSPDFKit-8ayy4hjz5h5sb5mqfjxzpc42zw PSPDFKit-3npj2ht4kppfp95hepqhfjb49x PSPDFKit-2tg9p1utsyyke5vpebq5gc3413 PSPDFKit-Text\"><span class=\"PSPDFKit-6fq5ysqkmc2gc1fek9b659qfh8\" data-textline-id=\"4\" data-page-index=\"0\">DOIS MIL, SEISCENTOS E TRINTA REAIS E NOVENTA E SEIS<\/span><\/span><span class=\"PSPDFKit-8ayy4hjz5h5sb5mqfjxzpc42zw PSPDFKit-3npj2ht4kppfp95hepqhfjb49x PSPDFKit-2tg9p1utsyyke5vpebq5gc3413 PSPDFKit-Text\"><span class=\"PSPDFKit-6fq5ysqkmc2gc1fek9b659qfh8\" data-textline-id=\"5\" data-page-index=\"0\">CENTAVOS).<\/span><\/span><\/p>\n<\/div><div class=\"sdm_download_link\"><span class=\"sdm_download_button\"><a href=\"http:\/\/www.arroiodotigre.rs.gov.br\/site\/?sdm_process_download=1&download_id=8254\" class=\"sdm_download green\" title=\"Decreto n\u00ba 3.452\/2022\" target=\"_self\">Baixar agora!<\/a><\/span><span class=\"sdm_download_item_count\"><span class=\"sdm_item_count_number\">623<\/span><span class=\"sdm_item_count_string\"> Downloads<\/span><\/span><\/div><\/div><div class=\"sdm_download_item \"><div class=\"sdm_download_item_top\"><div class=\"sdm_download_thumbnail\"><\/div><div class=\"sdm_download_title\">Decreto n\u00ba 3.451\/2022<\/div><\/div><div style=\"clear:both;\"><\/div><div class=\"sdm_download_description\"><p><span class=\"PSPDFKit-8ayy4hjz5h5sb5mqfjxzpc42zw PSPDFKit-3npj2ht4kppfp95hepqhfjb49x PSPDFKit-2tg9p1utsyyke5vpebq5gc3413 PSPDFKit-Text\"><span class=\"PSPDFKit-6fq5ysqkmc2gc1fek9b659qfh8\" data-textline-id=\"3\" data-page-index=\"0\">DISP\u00d5E SOBRE O HOR\u00c1RIO DE EXPEDIENTE DA <\/span><\/span><span class=\"PSPDFKit-8ayy4hjz5h5sb5mqfjxzpc42zw PSPDFKit-3npj2ht4kppfp95hepqhfjb49x PSPDFKit-2tg9p1utsyyke5vpebq5gc3413 PSPDFKit-Text\"><span class=\"PSPDFKit-6fq5ysqkmc2gc1fek9b659qfh8\" data-textline-id=\"4\" data-page-index=\"0\">ADMINISTRA\u00c7\u00c3O P\u00daBLICA MUNICIPAL, NOS <\/span><\/span><span class=\"PSPDFKit-8ayy4hjz5h5sb5mqfjxzpc42zw PSPDFKit-3npj2ht4kppfp95hepqhfjb49x PSPDFKit-2tg9p1utsyyke5vpebq5gc3413 PSPDFKit-Text\"><span class=\"PSPDFKit-6fq5ysqkmc2gc1fek9b659qfh8\" data-textline-id=\"5\" data-page-index=\"0\">DIAS DE JOGOS DA SELE\u00c7\u00c3O BRASILEIRA <\/span><\/span><span class=\"PSPDFKit-8ayy4hjz5h5sb5mqfjxzpc42zw PSPDFKit-3npj2ht4kppfp95hepqhfjb49x PSPDFKit-2tg9p1utsyyke5vpebq5gc3413 PSPDFKit-Text\"><span class=\"PSPDFKit-6fq5ysqkmc2gc1fek9b659qfh8\" data-textline-id=\"6\" data-page-index=\"0\">DURANTE A COPA DO MUNDO DE 2022.<\/span><\/span><\/p>\n<\/div><div class=\"sdm_download_link\"><span class=\"sdm_download_button\"><a href=\"http:\/\/www.arroiodotigre.rs.gov.br\/site\/?sdm_process_download=1&download_id=8253\" class=\"sdm_download green\" title=\"Decreto n\u00ba 3.451\/2022\" target=\"_self\">Baixar agora!<\/a><\/span><span class=\"sdm_download_item_count\"><span class=\"sdm_item_count_number\">591<\/span><span class=\"sdm_item_count_string\"> Downloads<\/span><\/span><\/div><\/div><div class=\"sdm_download_item \"><div class=\"sdm_download_item_top\"><div class=\"sdm_download_thumbnail\"><\/div><div class=\"sdm_download_title\">Decreto n\u00ba 3.450\/2022<\/div><\/div><div style=\"clear:both;\"><\/div><div class=\"sdm_download_description\"><p><span class=\"PSPDFKit-8ayy4hjz5h5sb5mqfjxzpc42zw PSPDFKit-3npj2ht4kppfp95hepqhfjb49x PSPDFKit-2tg9p1utsyyke5vpebq5gc3413 PSPDFKit-Text\"><span class=\"PSPDFKit-6fq5ysqkmc2gc1fek9b659qfh8\" data-textline-id=\"3\" data-page-index=\"0\">DISP\u00d5E SOBRE O HOR\u00c1RIO DE EXPEDIENTE DA <\/span><\/span><span class=\"PSPDFKit-8ayy4hjz5h5sb5mqfjxzpc42zw PSPDFKit-3npj2ht4kppfp95hepqhfjb49x PSPDFKit-2tg9p1utsyyke5vpebq5gc3413 PSPDFKit-Text\"><span class=\"PSPDFKit-6fq5ysqkmc2gc1fek9b659qfh8\" data-textline-id=\"4\" data-page-index=\"0\">ADMINISTRA\u00c7\u00c3O P\u00daBLICA MUNICIPAL, NOS <\/span><\/span><span class=\"PSPDFKit-8ayy4hjz5h5sb5mqfjxzpc42zw PSPDFKit-3npj2ht4kppfp95hepqhfjb49x PSPDFKit-2tg9p1utsyyke5vpebq5gc3413 PSPDFKit-Text\"><span class=\"PSPDFKit-6fq5ysqkmc2gc1fek9b659qfh8\" data-textline-id=\"5\" data-page-index=\"0\">DIAS DE JOGOS DA SELE\u00c7\u00c3O BRASILEIRA <\/span><\/span><span class=\"PSPDFKit-8ayy4hjz5h5sb5mqfjxzpc42zw PSPDFKit-3npj2ht4kppfp95hepqhfjb49x PSPDFKit-2tg9p1utsyyke5vpebq5gc3413 PSPDFKit-Text\"><span class=\"PSPDFKit-6fq5ysqkmc2gc1fek9b659qfh8\" data-textline-id=\"6\" data-page-index=\"0\">DURANTE A COPA DO MUNDO DE 2022.<\/span><\/span><\/p>\n<\/div><div class=\"sdm_download_link\"><span class=\"sdm_download_button\"><a href=\"http:\/\/www.arroiodotigre.rs.gov.br\/site\/?sdm_process_download=1&download_id=8248\" class=\"sdm_download green\" title=\"Decreto n\u00ba 3.450\/2022\" target=\"_self\">Baixar agora!<\/a><\/span><span class=\"sdm_download_item_count\"><span class=\"sdm_item_count_number\">598<\/span><span class=\"sdm_item_count_string\"> Downloads<\/span><\/span><\/div><\/div><div class=\"sdm_clear_float\"><\/div><div class=\"sdm_pagination\"><span aria-current=\"page\" class=\"page-numbers current\">1<\/span>\n<a class=\"page-numbers\" href=\"http:\/\/www.arroiodotigre.rs.gov.br\/site\/wp-json\/wp\/v2\/pages\/5284\/page\/2\/\">2<\/a>\n<a class=\"page-numbers\" href=\"http:\/\/www.arroiodotigre.rs.gov.br\/site\/wp-json\/wp\/v2\/pages\/5284\/page\/3\/\">3<\/a>\n<span class=\"page-numbers dots\">&hellip;<\/span>\n<a class=\"page-numbers\" href=\"http:\/\/www.arroiodotigre.rs.gov.br\/site\/wp-json\/wp\/v2\/pages\/5284\/page\/10\/\">10<\/a>\n<a class=\"next page-numbers\" href=\"http:\/\/www.arroiodotigre.rs.gov.br\/site\/wp-json\/wp\/v2\/pages\/5284\/page\/2\/\">&raquo;<\/a><\/div>\n","protected":false},"excerpt":{"rendered":"","protected":false},"author":1,"featured_media":0,"parent":0,"menu_order":0,"comment_status":"closed","ping_status":"closed","template":"","meta":{"footnotes":""},"class_list":["post-5284","page","type-page","status-publish","hentry","entry"],"_links":{"self":[{"href":"http:\/\/www.arroiodotigre.rs.gov.br\/site\/wp-json\/wp\/v2\/pages\/5284","targetHints":{"allow":["GET"]}}],"collection":[{"href":"http:\/\/www.arroiodotigre.rs.gov.br\/site\/wp-json\/wp\/v2\/pages"}],"about":[{"href":"http:\/\/www.arroiodotigre.rs.gov.br\/site\/wp-json\/wp\/v2\/types\/page"}],"author":[{"embeddable":true,"href":"http:\/\/www.arroiodotigre.rs.gov.br\/site\/wp-json\/wp\/v2\/users\/1"}],"replies":[{"embeddable":true,"href":"http:\/\/www.arroiodotigre.rs.gov.br\/site\/wp-json\/wp\/v2\/comments?post=5284"}],"version-history":[{"count":1,"href":"http:\/\/www.arroiodotigre.rs.gov.br\/site\/wp-json\/wp\/v2\/pages\/5284\/revisions"}],"predecessor-version":[{"id":5285,"href":"http:\/\/www.arroiodotigre.rs.gov.br\/site\/wp-json\/wp\/v2\/pages\/5284\/revisions\/5285"}],"wp:attachment":[{"href":"http:\/\/www.arroiodotigre.rs.gov.br\/site\/wp-json\/wp\/v2\/media?parent=5284"}],"curies":[{"name":"wp","href":"https:\/\/api.w.org\/{rel}","templated":true}]}}