{"id":2635,"date":"2021-07-23T10:00:55","date_gmt":"2021-07-23T13:00:55","guid":{"rendered":"http:\/\/www.arroiodotigre.rs.gov.br\/site\/?page_id=2635"},"modified":"2026-03-10T16:52:54","modified_gmt":"2026-03-10T19:52:54","slug":"secretaria-da-agricultura-obras-viacao-e-meio-ambiente","status":"publish","type":"page","link":"http:\/\/www.arroiodotigre.rs.gov.br\/site\/secretaria-da-agricultura-obras-viacao-e-meio-ambiente\/","title":{"rendered":"Secretaria da Agricultura e Meio Ambiente"},"content":{"rendered":"\t\t<div data-elementor-type=\"wp-page\" data-elementor-id=\"2635\" class=\"elementor elementor-2635\" data-elementor-post-type=\"page\">\n\t\t\t\t\t\t<div class=\"elementor-inner\">\n\t\t\t\t<div class=\"elementor-section-wrap\">\n\t\t\t\t\t\t\t\t\t<section class=\"elementor-section elementor-top-section elementor-element elementor-element-7e76023f elementor-section-boxed elementor-section-height-default elementor-section-height-default\" data-id=\"7e76023f\" data-element_type=\"section\">\n\t\t\t\t\t\t<div class=\"elementor-container elementor-column-gap-default\">\n\t\t\t\t\t\t\t<div class=\"elementor-row\">\n\t\t\t\t\t<div class=\"elementor-column elementor-col-100 elementor-top-column elementor-element elementor-element-56f2dd6b\" data-id=\"56f2dd6b\" data-element_type=\"column\">\n\t\t\t<div class=\"elementor-column-wrap elementor-element-populated\">\n\t\t\t\t\t\t\t<div class=\"elementor-widget-wrap\">\n\t\t\t\t\t\t<div class=\"elementor-element elementor-element-43eff485 elementor-widget elementor-widget-text-editor\" data-id=\"43eff485\" data-element_type=\"widget\" data-widget_type=\"text-editor.default\">\n\t\t\t\t<div class=\"elementor-widget-container\">\n\t\t\t\t\t\t\t\t<div class=\"elementor-text-editor elementor-clearfix\">\n\t\t\t\t<h3>\u00a0<\/h3><h3>\u00a0<\/h3><h3><img loading=\"lazy\" decoding=\"async\" class=\"size-medium wp-image-14291 alignleft\" src=\"http:\/\/www.arroiodotigre.rs.gov.br\/site\/wp-content\/uploads\/2025\/03\/DSC09805-200x300.jpg\" alt=\"\" width=\"200\" height=\"300\" srcset=\"http:\/\/www.arroiodotigre.rs.gov.br\/site\/wp-content\/uploads\/2025\/03\/DSC09805-200x300.jpg 200w, http:\/\/www.arroiodotigre.rs.gov.br\/site\/wp-content\/uploads\/2025\/03\/DSC09805-683x1024.jpg 683w, http:\/\/www.arroiodotigre.rs.gov.br\/site\/wp-content\/uploads\/2025\/03\/DSC09805-768x1152.jpg 768w, http:\/\/www.arroiodotigre.rs.gov.br\/site\/wp-content\/uploads\/2025\/03\/DSC09805-1024x1536.jpg 1024w, http:\/\/www.arroiodotigre.rs.gov.br\/site\/wp-content\/uploads\/2025\/03\/DSC09805-1365x2048.jpg 1365w, http:\/\/www.arroiodotigre.rs.gov.br\/site\/wp-content\/uploads\/2025\/03\/DSC09805-1568x2352.jpg 1568w, http:\/\/www.arroiodotigre.rs.gov.br\/site\/wp-content\/uploads\/2025\/03\/DSC09805-scaled.jpg 1707w\" sizes=\"auto, (max-width: 200px) 100vw, 200px\" \/>Secret\u00e1rio Municipal: Gilberto Abel Schafer<\/h3><p>Compete \u00e0 Secretaria Municipal da Agricultura e Meio Ambiente:<br \/>&#8211; coordenar e gerir o processo de planejamento e desenvolvimento rural, urbano, meio ambiente e servi\u00e7os p\u00fablicos de Arroio do Tigre, por meio de a\u00e7\u00f5es estrat\u00e9gicas que visem solu\u00e7\u00f5es integradas para o desenvolvimento sustent\u00e1vel da regi\u00e3o;<br \/>&#8211; coordenar a presta\u00e7\u00e3o dos servi\u00e7os municipais aos cidad\u00e3os no que se refere \u00e0 sua \u00e1rea de atua\u00e7\u00e3o;<br \/>&#8211; propor pol\u00edticas e instrumentos de moderniza\u00e7\u00e3o, colabora\u00e7\u00e3o e descentraliza\u00e7\u00e3o administrativa, visando a agiliza\u00e7\u00e3o dos procedimentos e processos inerentes \u00e0 sua area de atua\u00e7\u00e3o;<\/p><p>&#8211; interagir com as Secretarias Regionais para execu\u00e7\u00e3o dos programas, projetos e a\u00e7\u00f5es de sua \u00e1rea de compet\u00eancia;<br \/>&#8211; promover o crescimento integrado e ordenado do Munic\u00edpio, com a plena participa\u00e7\u00e3o dos \u00f3rg\u00e3os vinculados e subordinados;<br \/>&#8211; estruturar projetos t\u00e9cnicos de interesse da comunidade para capta\u00e7\u00e3o de recursos financeiros nacionais e internacionais;<br \/>&#8211; desenvolver projetos urban\u00edsticos que visem o desenvolvimento sustent\u00e1vel;<br \/>&#8211; prestar apoio administrativo e institucional \u00e0s a\u00e7\u00f5es referentes \u00e0 execu\u00e7\u00e3o dos servi\u00e7os p\u00fablicos municipais e demais atribui\u00e7\u00f5es correlatas designadas pelo Prefeito Municipal por meio de decreto do Poder Executivo;<br \/>&#8211; promover, por interm\u00e9dio de pol\u00edticas p\u00fablicas, a inova\u00e7\u00e3o e a cidadania para o desenvolvimento econ\u00f4mico sustent\u00e1vel do Munic\u00edpio, com \u00eanfase na dignidade do cidad\u00e3o;<br \/>&#8211; executar projetos e programas que sejam economicamente vi\u00e1veis, socialmente justos e ecologicamente corretos;<br \/>&#8211; planejar, formular e normatizar, de forma desconcentrada, as pol\u00edticas de desenvolvimento econ\u00f4mico sustent\u00e1vel, recursos ambientais e saneamento;<br \/>&#8211; fomentar e incentivar investimentos no Munic\u00edpio, em \u00e1reas e setores estrat\u00e9gicos para o desenvolvimento econ\u00f4mico sustent\u00e1vel, mediante a\u00e7\u00f5es que atraiam, facilitem e informem investidores privados, nacionais e estrangeiros sobre as possibilidades oferecidas pelo Munic\u00edpio;<br \/>&#8211; estimular a realiza\u00e7\u00e3o de pesquisa cient\u00edfica e tecnol\u00f3gica;<br \/>&#8211; buscar a sustentabilidade ambiental, econ\u00f4mica e social da agricultura no Munic\u00edpio, atuando em conson\u00e2ncia com os \u00f3rg\u00e3os gestores da agricultura no Brasil, com a promo\u00e7\u00e3o de programas para a qualifica\u00e7\u00e3o relativa ao setor;<br \/>&#8211; orientar produtores no cultivo, na organiza\u00e7\u00e3o e na comercializa\u00e7\u00e3o dos produtos, em conson\u00e2ncia com a legisla\u00e7\u00e3o vigente;<br \/>&#8211; propor, implantar, coordenar e apoiar pol\u00edticas de desenvolvimento da agricultura e comercializa\u00e7\u00e3o de seus produtos;<br \/>&#8211; coordenar todos os expedientes relativos \u00e0 presta\u00e7\u00e3o de servi\u00e7os de apoio ao desenvolvimento da agricultura, bem como a comercializa\u00e7\u00e3o e apoio \u00e0 pesquisa para desenvolvimento da atividade no Munic\u00edpio; e<br \/>&#8211; exercer outras atividades correlatas designadas pelo Prefeito ou atribu\u00eddas por decreto do Poder Executivo.<\/p><p>Fica vinculada \u00e0 estrutura da Secretaria Municipal da Agricultura e Meio Ambiente:<br \/>&#8211; Inspetoria Veterin\u00e1ria e Zoot\u00e9cnica;<br \/>&#8211; Servi\u00e7o de Inspe\u00e7\u00e3o Municipal &#8211; SIM;<br \/>&#8211; Patrulha Agr\u00edcola Municipal;<br \/>&#8211; Conselho Municipal de Desenvolvimento e Pol\u00edtica Agr\u00edcola &#8211; COMDEPA.<\/p><h3 style=\"text-align: center;\">LEGISLA\u00c7\u00c3O DA SECRETARIA DA AGRICULTURA:<\/h3><h3 style=\"text-align: center;\"><br \/>Servi\u00e7o de Inspe\u00e7\u00e3o Municipal<\/h3>\t\t\t\t\t<\/div>\n\t\t\t\t\t\t<\/div>\n\t\t\t\t<\/div>\n\t\t\t\t\t\t<\/div>\n\t\t\t\t\t<\/div>\n\t\t<\/div>\n\t\t\t\t\t\t\t\t<\/div>\n\t\t\t\t\t<\/div>\n\t\t<\/section>\n\t\t\t\t<section class=\"elementor-section elementor-top-section elementor-element elementor-element-b7b27ba elementor-section-boxed elementor-section-height-default elementor-section-height-default\" data-id=\"b7b27ba\" data-element_type=\"section\">\n\t\t\t\t\t\t<div class=\"elementor-container elementor-column-gap-default\">\n\t\t\t\t\t\t\t<div class=\"elementor-row\">\n\t\t\t\t\t<div class=\"elementor-column elementor-col-100 elementor-top-column elementor-element elementor-element-bfe6443\" data-id=\"bfe6443\" data-element_type=\"column\">\n\t\t\t<div class=\"elementor-column-wrap elementor-element-populated\">\n\t\t\t\t\t\t\t<div class=\"elementor-widget-wrap\">\n\t\t\t\t\t\t<div class=\"elementor-element elementor-element-cb2f9a4 elementor-widget elementor-widget-shortcode\" data-id=\"cb2f9a4\" data-element_type=\"widget\" data-widget_type=\"shortcode.default\">\n\t\t\t\t<div class=\"elementor-widget-container\">\n\t\t\t\t\t<div class=\"elementor-shortcode\"><div class=\"sdm_download_item \"><div class=\"sdm_download_item_top\"><div class=\"sdm_download_thumbnail\"><\/div><div class=\"sdm_download_title\">Lei Municipal n.\u00ba 3.727\/2025<\/div><\/div><div style=\"clear:both;\"><\/div><div class=\"sdm_download_description\"><p>Reestrutura o servi\u00e7o de inspe\u00e7\u00e3o municipal de produtos de origem animal de Arroio do Tigre e d\u00e1 outras provid\u00eancias.<\/p>\n<\/div><div class=\"sdm_download_link\"><span class=\"sdm_download_button\"><a href=\"http:\/\/www.arroiodotigre.rs.gov.br\/site\/?sdm_process_download=1&download_id=17011\" class=\"sdm_download green\" title=\"Lei Municipal n.\u00ba 3.727\/2025\" target=\"_self\">Baixar agora!<\/a><\/span><span class=\"sdm_download_item_count\"><span class=\"sdm_item_count_number\">28<\/span><span class=\"sdm_item_count_string\"> Downloads<\/span><\/span><\/div><\/div><div class=\"sdm_download_item \"><div class=\"sdm_download_item_top\"><div class=\"sdm_download_thumbnail\"><\/div><div class=\"sdm_download_title\">Decreto n.\u00ba 3.760\/2025<\/div><\/div><div style=\"clear:both;\"><\/div><div class=\"sdm_download_description\"><p>Regulamenta a Lei Municipal n\u00ba 3.727\/2025.<\/p>\n<\/div><div class=\"sdm_download_link\"><span class=\"sdm_download_button\"><a href=\"http:\/\/www.arroiodotigre.rs.gov.br\/site\/?sdm_process_download=1&download_id=16937\" class=\"sdm_download green\" title=\"Decreto n.\u00ba 3.760\/2025\" target=\"_self\">Baixar agora!<\/a><\/span><span class=\"sdm_download_item_count\"><span class=\"sdm_item_count_number\">72<\/span><span class=\"sdm_item_count_string\"> Downloads<\/span><\/span><\/div><\/div><div class=\"sdm_download_item \"><div class=\"sdm_download_item_top\"><div class=\"sdm_download_thumbnail\"><\/div><div class=\"sdm_download_title\">Instru\u00e7\u00e3o Normativa 01<\/div><\/div><div style=\"clear:both;\"><\/div><div class=\"sdm_download_description\"><p>Estabelece normas t\u00e9cnicas gerais para estabelecimentos fabricantes de produtos de origem animal.<\/p>\n<\/div><div class=\"sdm_download_link\"><span class=\"sdm_download_button\"><a href=\"http:\/\/www.arroiodotigre.rs.gov.br\/site\/?sdm_process_download=1&download_id=17014\" class=\"sdm_download green\" title=\"Instru\u00e7\u00e3o Normativa 01\" target=\"_self\">Baixar agora!<\/a><\/span><span class=\"sdm_download_item_count\"><span class=\"sdm_item_count_number\">31<\/span><span class=\"sdm_item_count_string\"> Downloads<\/span><\/span><\/div><\/div><div class=\"sdm_download_item \"><div class=\"sdm_download_item_top\"><div class=\"sdm_download_thumbnail\"><\/div><div class=\"sdm_download_title\">Instru\u00e7\u00e3o Normativa 02<\/div><\/div><div style=\"clear:both;\"><\/div><div class=\"sdm_download_description\"><p>Institui as normas t\u00e9cnicas de instala\u00e7\u00f5es e equipamentos para unidade de beneficiamento de carnes e derivados.<\/p>\n<\/div><div class=\"sdm_download_link\"><span class=\"sdm_download_button\"><a href=\"http:\/\/www.arroiodotigre.rs.gov.br\/site\/?sdm_process_download=1&download_id=17018\" class=\"sdm_download green\" title=\"Instru\u00e7\u00e3o Normativa 02\" target=\"_self\">Baixar agora!<\/a><\/span><span class=\"sdm_download_item_count\"><span class=\"sdm_item_count_number\">30<\/span><span class=\"sdm_item_count_string\"> Downloads<\/span><\/span><\/div><\/div><div class=\"sdm_download_item \"><div class=\"sdm_download_item_top\"><div class=\"sdm_download_thumbnail\"><\/div><div class=\"sdm_download_title\">Instru\u00e7\u00e3o Normativa 03<\/div><\/div><div style=\"clear:both;\"><\/div><div class=\"sdm_download_description\"><p>Institui as normas t\u00e9cnicas de instala\u00e7\u00f5es e equipamentos para estabelecimentos de leite e derivados.<\/p>\n<\/div><div class=\"sdm_download_link\"><span class=\"sdm_download_button\"><a href=\"http:\/\/www.arroiodotigre.rs.gov.br\/site\/?sdm_process_download=1&download_id=17050\" class=\"sdm_download green\" title=\"Instru\u00e7\u00e3o Normativa 03\" target=\"_self\">Baixar agora!<\/a><\/span><span class=\"sdm_download_item_count\"><span class=\"sdm_item_count_number\">31<\/span><span class=\"sdm_item_count_string\"> Downloads<\/span><\/span><\/div><\/div><div class=\"sdm_download_item \"><div class=\"sdm_download_item_top\"><div class=\"sdm_download_thumbnail\"><\/div><div class=\"sdm_download_title\">Instru\u00e7\u00e3o Normativa 04<\/div><\/div><div style=\"clear:both;\"><\/div><div class=\"sdm_download_description\"><p>Institui as normas t\u00e9cnicas de instala\u00e7\u00f5es e equipamentos para estabelecimento de ovos e derivados.<\/p>\n<\/div><div class=\"sdm_download_link\"><span class=\"sdm_download_button\"><a href=\"http:\/\/www.arroiodotigre.rs.gov.br\/site\/?sdm_process_download=1&download_id=17020\" class=\"sdm_download green\" title=\"Instru\u00e7\u00e3o Normativa 04\" target=\"_self\">Baixar agora!<\/a><\/span><span class=\"sdm_download_item_count\"><span class=\"sdm_item_count_number\">38<\/span><span class=\"sdm_item_count_string\"> Downloads<\/span><\/span><\/div><\/div><div class=\"sdm_download_item \"><div class=\"sdm_download_item_top\"><div class=\"sdm_download_thumbnail\"><\/div><div class=\"sdm_download_title\">Instru\u00e7\u00e3o Normativa 05<\/div><\/div><div style=\"clear:both;\"><\/div><div class=\"sdm_download_description\"><p>Institui as normas t\u00e9cnicas de instala\u00e7\u00f5es e equipamentos para unidade de beneficiamento de produtos de abelha e derivados.<\/p>\n<\/div><div class=\"sdm_download_link\"><span class=\"sdm_download_button\"><a href=\"http:\/\/www.arroiodotigre.rs.gov.br\/site\/?sdm_process_download=1&download_id=17024\" class=\"sdm_download green\" title=\"Instru\u00e7\u00e3o Normativa 05\" target=\"_self\">Baixar agora!<\/a><\/span><span class=\"sdm_download_item_count\"><span class=\"sdm_item_count_number\">32<\/span><span class=\"sdm_item_count_string\"> Downloads<\/span><\/span><\/div><\/div><div class=\"sdm_download_item \"><div class=\"sdm_download_item_top\"><div class=\"sdm_download_thumbnail\"><\/div><div class=\"sdm_download_title\">Instru\u00e7\u00e3o Normativa 06<\/div><\/div><div style=\"clear:both;\"><\/div><div class=\"sdm_download_description\"><p>Institui as normas t\u00e9cnicas de instala\u00e7\u00f5es e equipamentos para pescados e derivados.<\/p>\n<\/div><div class=\"sdm_download_link\"><span class=\"sdm_download_button\"><a href=\"http:\/\/www.arroiodotigre.rs.gov.br\/site\/?sdm_process_download=1&download_id=17026\" class=\"sdm_download green\" title=\"Instru\u00e7\u00e3o Normativa 06\" target=\"_self\">Baixar agora!<\/a><\/span><span class=\"sdm_download_item_count\"><span class=\"sdm_item_count_number\">29<\/span><span class=\"sdm_item_count_string\"> Downloads<\/span><\/span><\/div><\/div><div class=\"sdm_download_item \"><div class=\"sdm_download_item_top\"><div class=\"sdm_download_thumbnail\"><\/div><div class=\"sdm_download_title\">Instru\u00e7\u00e3o Normativa 07<\/div><\/div><div style=\"clear:both;\"><\/div><div class=\"sdm_download_description\"><p>Estabelece os procedimentos de inspe\u00e7\u00e3o e padr\u00f5es para produtos de origem animal no servi\u00e7o de inspe\u00e7\u00e3o de Arroio do Tigre &#8211; RS.<\/p>\n<\/div><div class=\"sdm_download_link\"><span class=\"sdm_download_button\"><a href=\"http:\/\/www.arroiodotigre.rs.gov.br\/site\/?sdm_process_download=1&download_id=17028\" class=\"sdm_download green\" title=\"Instru\u00e7\u00e3o Normativa 07\" target=\"_self\">Baixar agora!<\/a><\/span><span class=\"sdm_download_item_count\"><span class=\"sdm_item_count_number\">30<\/span><span class=\"sdm_item_count_string\"> Downloads<\/span><\/span><\/div><\/div><div class=\"sdm_download_item \"><div class=\"sdm_download_item_top\"><div class=\"sdm_download_thumbnail\"><\/div><div class=\"sdm_download_title\">Instru\u00e7\u00e3o Normativa 08<\/div><\/div><div style=\"clear:both;\"><\/div><div class=\"sdm_download_description\"><p>Estabelece a normatiza\u00e7\u00e3o para o modelo de verifica\u00e7\u00e3o oficial de elementos de controle em estabelecimentos com inspe\u00e7\u00e3o permanente ou peri\u00f3dica de produtos de origem animal.<\/p>\n<\/div><div class=\"sdm_download_link\"><span class=\"sdm_download_button\"><a href=\"http:\/\/www.arroiodotigre.rs.gov.br\/site\/?sdm_process_download=1&download_id=17031\" class=\"sdm_download green\" title=\"Instru\u00e7\u00e3o Normativa 08\" target=\"_self\">Baixar agora!<\/a><\/span><span class=\"sdm_download_item_count\"><span class=\"sdm_item_count_number\">30<\/span><span class=\"sdm_item_count_string\"> Downloads<\/span><\/span><\/div><\/div><div class=\"sdm_download_item \"><div class=\"sdm_download_item_top\"><div class=\"sdm_download_thumbnail\"><\/div><div class=\"sdm_download_title\">Instru\u00e7\u00e3o Normativa 09<\/div><\/div><div style=\"clear:both;\"><\/div><div class=\"sdm_download_description\"><p>Institui os procedimentos para o c\u00e1lculo do risco estimado associado ao estabelecimento.<\/p>\n<\/div><div class=\"sdm_download_link\"><span class=\"sdm_download_button\"><a href=\"http:\/\/www.arroiodotigre.rs.gov.br\/site\/?sdm_process_download=1&download_id=17033\" class=\"sdm_download green\" title=\"Instru\u00e7\u00e3o Normativa 09\" target=\"_self\">Baixar agora!<\/a><\/span><span class=\"sdm_download_item_count\"><span class=\"sdm_item_count_number\">29<\/span><span class=\"sdm_item_count_string\"> Downloads<\/span><\/span><\/div><\/div><div class=\"sdm_download_item \"><div class=\"sdm_download_item_top\"><div class=\"sdm_download_thumbnail\"><\/div><div class=\"sdm_download_title\">Instru\u00e7\u00e3o Normativa 10<\/div><\/div><div style=\"clear:both;\"><\/div><div class=\"sdm_download_description\"><p>Estabelece as normas para o regime especial de fiscaliza\u00e7\u00e3o (REF).<\/p>\n<\/div><div class=\"sdm_download_link\"><span class=\"sdm_download_button\"><a href=\"http:\/\/www.arroiodotigre.rs.gov.br\/site\/?sdm_process_download=1&download_id=17035\" class=\"sdm_download green\" title=\"Instru\u00e7\u00e3o Normativa 10\" target=\"_self\">Baixar agora!<\/a><\/span><span class=\"sdm_download_item_count\"><span class=\"sdm_item_count_number\">31<\/span><span class=\"sdm_item_count_string\"> Downloads<\/span><\/span><\/div><\/div><div class=\"sdm_download_item \"><div class=\"sdm_download_item_top\"><div class=\"sdm_download_thumbnail\"><\/div><div class=\"sdm_download_title\">Instru\u00e7\u00e3o Normativa 11<\/div><\/div><div style=\"clear:both;\"><\/div><div class=\"sdm_download_description\"><p>Estabelece a normatiza\u00e7\u00e3o do Processo Administrativo Sanit\u00e1rio (PAS) para o servi\u00e7o de inspe\u00e7\u00e3o municipal.<\/p>\n<\/div><div class=\"sdm_download_link\"><span class=\"sdm_download_button\"><a href=\"http:\/\/www.arroiodotigre.rs.gov.br\/site\/?sdm_process_download=1&download_id=17037\" class=\"sdm_download green\" title=\"Instru\u00e7\u00e3o Normativa 11\" target=\"_self\">Baixar agora!<\/a><\/span><span class=\"sdm_download_item_count\"><span class=\"sdm_item_count_number\">32<\/span><span class=\"sdm_item_count_string\"> Downloads<\/span><\/span><\/div><\/div><div class=\"sdm_download_item \"><div class=\"sdm_download_item_top\"><div class=\"sdm_download_thumbnail\"><\/div><div class=\"sdm_download_title\">Instru\u00e7\u00e3o Normativa 12<\/div><\/div><div style=\"clear:both;\"><\/div><div class=\"sdm_download_description\"><p>Estabelece a normatiza\u00e7\u00e3o do programa de coleta oficial de amostras de an\u00e1lises f\u00edsico-qu\u00edmicas e microbiol\u00f3gicas de \u00e1gua de abastecimento e produtos de origem animal registrados no S.I.M.<\/p>\n<\/div><div class=\"sdm_download_link\"><span class=\"sdm_download_button\"><a href=\"http:\/\/www.arroiodotigre.rs.gov.br\/site\/?sdm_process_download=1&download_id=17039\" class=\"sdm_download green\" title=\"Instru\u00e7\u00e3o Normativa 12\" target=\"_self\">Baixar agora!<\/a><\/span><span class=\"sdm_download_item_count\"><span class=\"sdm_item_count_number\">31<\/span><span class=\"sdm_item_count_string\"> Downloads<\/span><\/span><\/div><\/div><div class=\"sdm_download_item \"><div class=\"sdm_download_item_top\"><div class=\"sdm_download_thumbnail\"><\/div><div class=\"sdm_download_title\">Instru\u00e7\u00e3o Normativa 13<\/div><\/div><div style=\"clear:both;\"><\/div><div class=\"sdm_download_description\"><p>Institui os carimbos oficiais de inspe\u00e7\u00e3o sanit\u00e1ria e industrial de produtos de origem animal no servi\u00e7o de inspe\u00e7\u00e3o municipal de Arroio do Tigre &#8211; RS.<\/p>\n<\/div><div class=\"sdm_download_link\"><span class=\"sdm_download_button\"><a href=\"http:\/\/www.arroiodotigre.rs.gov.br\/site\/?sdm_process_download=1&download_id=17041\" class=\"sdm_download green\" title=\"Instru\u00e7\u00e3o Normativa 13\" target=\"_self\">Baixar agora!<\/a><\/span><span class=\"sdm_download_item_count\"><span class=\"sdm_item_count_number\">34<\/span><span class=\"sdm_item_count_string\"> Downloads<\/span><\/span><\/div><\/div><div class=\"sdm_download_item \"><div class=\"sdm_download_item_top\"><div class=\"sdm_download_thumbnail\"><\/div><div class=\"sdm_download_title\">Instru\u00e7\u00e3o Normativa 14<\/div><\/div><div style=\"clear:both;\"><\/div><div class=\"sdm_download_description\"><p>Modelos de formul\u00e1rios aplic\u00e1veis aos estabelecimentos registrados no S.I.M de Arroio do Tigre &#8211; RS.<\/p>\n<\/div><div class=\"sdm_download_link\"><span class=\"sdm_download_button\"><a href=\"http:\/\/www.arroiodotigre.rs.gov.br\/site\/?sdm_process_download=1&download_id=17043\" class=\"sdm_download green\" title=\"Instru\u00e7\u00e3o Normativa 14\" target=\"_self\">Baixar agora!<\/a><\/span><span class=\"sdm_download_item_count\"><span class=\"sdm_item_count_number\">36<\/span><span class=\"sdm_item_count_string\"> Downloads<\/span><\/span><\/div><\/div><div class=\"sdm_download_item \"><div class=\"sdm_download_item_top\"><div class=\"sdm_download_thumbnail\"><\/div><div class=\"sdm_download_title\">Instru\u00e7\u00e3o Normativa 15<\/div><\/div><div style=\"clear:both;\"><\/div><div class=\"sdm_download_description\"><p>Estabelece os procedimentos para avalia\u00e7\u00e3o e registro de produtos de origem animal sem regulamento t\u00e9cnico de identidade e qualidade (RTIQ) junto ao S.I.M.<\/p>\n<\/div><div class=\"sdm_download_link\"><span class=\"sdm_download_button\"><a href=\"http:\/\/www.arroiodotigre.rs.gov.br\/site\/?sdm_process_download=1&download_id=17045\" class=\"sdm_download green\" title=\"Instru\u00e7\u00e3o Normativa 15\" target=\"_self\">Baixar agora!<\/a><\/span><span class=\"sdm_download_item_count\"><span class=\"sdm_item_count_number\">35<\/span><span class=\"sdm_item_count_string\"> Downloads<\/span><\/span><\/div><\/div><div class=\"sdm_download_item \"><div class=\"sdm_download_item_top\"><div class=\"sdm_download_thumbnail\"><\/div><div class=\"sdm_download_title\">Formul\u00e1rios para edi\u00e7\u00e3o<\/div><\/div><div style=\"clear:both;\"><\/div><div class=\"sdm_download_description\"><\/div><div class=\"sdm_download_link\"><span class=\"sdm_download_button\"><a href=\"http:\/\/www.arroiodotigre.rs.gov.br\/site\/?sdm_process_download=1&download_id=17054\" class=\"sdm_download green\" title=\"Formul\u00e1rios para edi\u00e7\u00e3o\" target=\"_self\">Baixar agora!<\/a><\/span><span class=\"sdm_download_item_count\"><span class=\"sdm_item_count_number\">55<\/span><span class=\"sdm_item_count_string\"> Downloads<\/span><\/span><\/div><\/div><div class=\"sdm_clear_float\"><\/div><\/div>\n\t\t\t\t<\/div>\n\t\t\t\t<\/div>\n\t\t\t\t\t\t<\/div>\n\t\t\t\t\t<\/div>\n\t\t<\/div>\n\t\t\t\t\t\t\t\t<\/div>\n\t\t\t\t\t<\/div>\n\t\t<\/section>\n\t\t\t\t\t\t\t\t\t<\/div>\n\t\t\t<\/div>\n\t\t\t\t\t<\/div>\n\t\t","protected":false},"excerpt":{"rendered":"<p>\u00a0 \u00a0 Secret\u00e1rio Municipal: Gilberto Abel Schafer Compete \u00e0 Secretaria Municipal da Agricultura e Meio Ambiente:&#8211; coordenar e gerir o processo de planejamento e desenvolvimento rural, urbano, meio ambiente e servi\u00e7os p\u00fablicos de Arroio do Tigre, por meio de a\u00e7\u00f5es estrat\u00e9gicas que visem solu\u00e7\u00f5es integradas para o desenvolvimento sustent\u00e1vel da regi\u00e3o;&#8211; coordenar a presta\u00e7\u00e3o dos &hellip; <\/p>\n<p class=\"link-more\"><a href=\"http:\/\/www.arroiodotigre.rs.gov.br\/site\/secretaria-da-agricultura-obras-viacao-e-meio-ambiente\/\" class=\"more-link\">Continue lendo<span class=\"screen-reader-text\"> &#8220;Secretaria da Agricultura e Meio Ambiente&#8221;<\/span><\/a><\/p>\n","protected":false},"author":3,"featured_media":0,"parent":0,"menu_order":0,"comment_status":"closed","ping_status":"closed","template":"","meta":{"footnotes":""},"class_list":["post-2635","page","type-page","status-publish","hentry","entry"],"_links":{"self":[{"href":"http:\/\/www.arroiodotigre.rs.gov.br\/site\/wp-json\/wp\/v2\/pages\/2635","targetHints":{"allow":["GET"]}}],"collection":[{"href":"http:\/\/www.arroiodotigre.rs.gov.br\/site\/wp-json\/wp\/v2\/pages"}],"about":[{"href":"http:\/\/www.arroiodotigre.rs.gov.br\/site\/wp-json\/wp\/v2\/types\/page"}],"author":[{"embeddable":true,"href":"http:\/\/www.arroiodotigre.rs.gov.br\/site\/wp-json\/wp\/v2\/users\/3"}],"replies":[{"embeddable":true,"href":"http:\/\/www.arroiodotigre.rs.gov.br\/site\/wp-json\/wp\/v2\/comments?post=2635"}],"version-history":[{"count":26,"href":"http:\/\/www.arroiodotigre.rs.gov.br\/site\/wp-json\/wp\/v2\/pages\/2635\/revisions"}],"predecessor-version":[{"id":17049,"href":"http:\/\/www.arroiodotigre.rs.gov.br\/site\/wp-json\/wp\/v2\/pages\/2635\/revisions\/17049"}],"wp:attachment":[{"href":"http:\/\/www.arroiodotigre.rs.gov.br\/site\/wp-json\/wp\/v2\/media?parent=2635"}],"curies":[{"name":"wp","href":"https:\/\/api.w.org\/{rel}","templated":true}]}}