{"id":2554,"date":"2021-07-20T10:59:48","date_gmt":"2021-07-20T13:59:48","guid":{"rendered":"http:\/\/www.arroiodotigre.rs.gov.br\/site\/?page_id=2554"},"modified":"2021-10-22T08:42:27","modified_gmt":"2021-10-22T11:42:27","slug":"quantitativo-de-insumos-recebidos","status":"publish","type":"page","link":"http:\/\/www.arroiodotigre.rs.gov.br\/site\/quantitativo-de-insumos-recebidos\/","title":{"rendered":"Quantitativo de insumos recebidos\/adquiridos relacionados a vacinacao COVID-19"},"content":{"rendered":"\t\t<div data-elementor-type=\"wp-page\" data-elementor-id=\"2554\" class=\"elementor elementor-2554\" data-elementor-post-type=\"page\">\n\t\t\t\t\t\t<div class=\"elementor-inner\">\n\t\t\t\t<div class=\"elementor-section-wrap\">\n\t\t\t\t\t\t\t\t\t<section class=\"elementor-section elementor-top-section elementor-element elementor-element-0e2bb62 elementor-section-boxed elementor-section-height-default elementor-section-height-default\" data-id=\"0e2bb62\" data-element_type=\"section\">\n\t\t\t\t\t\t<div class=\"elementor-container elementor-column-gap-default\">\n\t\t\t\t\t\t\t<div class=\"elementor-row\">\n\t\t\t\t\t<div class=\"elementor-column elementor-col-100 elementor-top-column elementor-element elementor-element-40ca667\" data-id=\"40ca667\" data-element_type=\"column\">\n\t\t\t<div class=\"elementor-column-wrap elementor-element-populated\">\n\t\t\t\t\t\t\t<div class=\"elementor-widget-wrap\">\n\t\t\t\t\t\t<div class=\"elementor-element elementor-element-377202f elementor-widget elementor-widget-image\" data-id=\"377202f\" data-element_type=\"widget\" data-widget_type=\"image.default\">\n\t\t\t\t<div class=\"elementor-widget-container\">\n\t\t\t\t\t\t\t\t<div class=\"elementor-image\">\n\t\t\t\t\t\t\t\t\t\t\t\t<img loading=\"lazy\" decoding=\"async\" width=\"640\" height=\"904\" src=\"http:\/\/www.arroiodotigre.rs.gov.br\/site\/wp-content\/uploads\/2021\/10\/ana_page-0001-725x1024.jpg\" class=\"attachment-large size-large wp-image-4367\" alt=\"\" srcset=\"http:\/\/www.arroiodotigre.rs.gov.br\/site\/wp-content\/uploads\/2021\/10\/ana_page-0001-725x1024.jpg 725w, http:\/\/www.arroiodotigre.rs.gov.br\/site\/wp-content\/uploads\/2021\/10\/ana_page-0001-212x300.jpg 212w, http:\/\/www.arroiodotigre.rs.gov.br\/site\/wp-content\/uploads\/2021\/10\/ana_page-0001-768x1085.jpg 768w, http:\/\/www.arroiodotigre.rs.gov.br\/site\/wp-content\/uploads\/2021\/10\/ana_page-0001-1087x1536.jpg 1087w, http:\/\/www.arroiodotigre.rs.gov.br\/site\/wp-content\/uploads\/2021\/10\/ana_page-0001.jpg 1241w\" sizes=\"auto, (max-width: 34.9rem) calc(100vw - 2rem), (max-width: 53rem) calc(8 * (100vw \/ 12)), (min-width: 53rem) calc(6 * (100vw \/ 12)), 100vw\" \/>\t\t\t\t\t\t\t\t\t\t\t\t\t\t<\/div>\n\t\t\t\t\t\t<\/div>\n\t\t\t\t<\/div>\n\t\t\t\t\t\t<\/div>\n\t\t\t\t\t<\/div>\n\t\t<\/div>\n\t\t\t\t\t\t\t\t<\/div>\n\t\t\t\t\t<\/div>\n\t\t<\/section>\n\t\t\t\t<section class=\"elementor-section elementor-top-section elementor-element elementor-element-5aaaa697 elementor-section-boxed elementor-section-height-default elementor-section-height-default\" data-id=\"5aaaa697\" data-element_type=\"section\">\n\t\t\t\t\t\t<div class=\"elementor-container elementor-column-gap-default\">\n\t\t\t\t\t\t\t<div class=\"elementor-row\">\n\t\t\t\t\t<div class=\"elementor-column elementor-col-100 elementor-top-column elementor-element elementor-element-2f67bb1f\" data-id=\"2f67bb1f\" data-element_type=\"column\">\n\t\t\t<div class=\"elementor-column-wrap elementor-element-populated\">\n\t\t\t\t\t\t\t<div class=\"elementor-widget-wrap\">\n\t\t\t\t\t\t<div class=\"elementor-element elementor-element-2dd0f2e0 elementor-widget elementor-widget-text-editor\" data-id=\"2dd0f2e0\" data-element_type=\"widget\" data-widget_type=\"text-editor.default\">\n\t\t\t\t<div class=\"elementor-widget-container\">\n\t\t\t\t\t\t\t\t<div class=\"elementor-text-editor elementor-clearfix\">\n\t\t\t\t<p><!-- wp:paragraph --><\/p>\n<p><strong>Os insumos adquiridos n\u00e3o foram apenas para sala de vacina\u00e7\u00e3o, e sim para todos os estabelecimentos de sa\u00fade.<\/strong><\/p>\n<p><img loading=\"lazy\" decoding=\"async\" class=\"alignnone wp-image-3374 size-full\" src=\"http:\/\/www.arroiodotigre.rs.gov.br\/site\/wp-content\/uploads\/2021\/08\/recibo_page-0001.jpg\" alt=\"\" width=\"1239\" height=\"1718\" srcset=\"http:\/\/www.arroiodotigre.rs.gov.br\/site\/wp-content\/uploads\/2021\/08\/recibo_page-0001.jpg 1239w, http:\/\/www.arroiodotigre.rs.gov.br\/site\/wp-content\/uploads\/2021\/08\/recibo_page-0001-216x300.jpg 216w, http:\/\/www.arroiodotigre.rs.gov.br\/site\/wp-content\/uploads\/2021\/08\/recibo_page-0001-738x1024.jpg 738w, http:\/\/www.arroiodotigre.rs.gov.br\/site\/wp-content\/uploads\/2021\/08\/recibo_page-0001-768x1065.jpg 768w, http:\/\/www.arroiodotigre.rs.gov.br\/site\/wp-content\/uploads\/2021\/08\/recibo_page-0001-1108x1536.jpg 1108w\" sizes=\"auto, (max-width: 1239px) 100vw, 1239px\" \/><\/p>\n<p><img loading=\"lazy\" decoding=\"async\" class=\"alignnone wp-image-3365 size-full\" src=\"http:\/\/www.arroiodotigre.rs.gov.br\/site\/wp-content\/uploads\/2021\/08\/covid1_page-0001.jpg\" alt=\"\" width=\"1755\" height=\"1241\" srcset=\"http:\/\/www.arroiodotigre.rs.gov.br\/site\/wp-content\/uploads\/2021\/08\/covid1_page-0001.jpg 1755w, http:\/\/www.arroiodotigre.rs.gov.br\/site\/wp-content\/uploads\/2021\/08\/covid1_page-0001-300x212.jpg 300w, http:\/\/www.arroiodotigre.rs.gov.br\/site\/wp-content\/uploads\/2021\/08\/covid1_page-0001-1024x724.jpg 1024w, http:\/\/www.arroiodotigre.rs.gov.br\/site\/wp-content\/uploads\/2021\/08\/covid1_page-0001-768x543.jpg 768w, http:\/\/www.arroiodotigre.rs.gov.br\/site\/wp-content\/uploads\/2021\/08\/covid1_page-0001-1536x1086.jpg 1536w, http:\/\/www.arroiodotigre.rs.gov.br\/site\/wp-content\/uploads\/2021\/08\/covid1_page-0001-1568x1109.jpg 1568w\" sizes=\"auto, (max-width: 1755px) 100vw, 1755px\" \/> <img loading=\"lazy\" decoding=\"async\" class=\"alignnone wp-image-3366 size-full\" src=\"http:\/\/www.arroiodotigre.rs.gov.br\/site\/wp-content\/uploads\/2021\/08\/covid1_page-0002.jpg\" alt=\"\" width=\"1755\" height=\"1241\" srcset=\"http:\/\/www.arroiodotigre.rs.gov.br\/site\/wp-content\/uploads\/2021\/08\/covid1_page-0002.jpg 1755w, http:\/\/www.arroiodotigre.rs.gov.br\/site\/wp-content\/uploads\/2021\/08\/covid1_page-0002-300x212.jpg 300w, http:\/\/www.arroiodotigre.rs.gov.br\/site\/wp-content\/uploads\/2021\/08\/covid1_page-0002-1024x724.jpg 1024w, http:\/\/www.arroiodotigre.rs.gov.br\/site\/wp-content\/uploads\/2021\/08\/covid1_page-0002-768x543.jpg 768w, http:\/\/www.arroiodotigre.rs.gov.br\/site\/wp-content\/uploads\/2021\/08\/covid1_page-0002-1536x1086.jpg 1536w, http:\/\/www.arroiodotigre.rs.gov.br\/site\/wp-content\/uploads\/2021\/08\/covid1_page-0002-1568x1109.jpg 1568w\" sizes=\"auto, (max-width: 1755px) 100vw, 1755px\" \/> <img loading=\"lazy\" decoding=\"async\" class=\"alignnone wp-image-3367 size-full\" src=\"http:\/\/www.arroiodotigre.rs.gov.br\/site\/wp-content\/uploads\/2021\/08\/covid1_page-0003.jpg\" alt=\"\" width=\"1755\" height=\"1241\" srcset=\"http:\/\/www.arroiodotigre.rs.gov.br\/site\/wp-content\/uploads\/2021\/08\/covid1_page-0003.jpg 1755w, http:\/\/www.arroiodotigre.rs.gov.br\/site\/wp-content\/uploads\/2021\/08\/covid1_page-0003-300x212.jpg 300w, http:\/\/www.arroiodotigre.rs.gov.br\/site\/wp-content\/uploads\/2021\/08\/covid1_page-0003-1024x724.jpg 1024w, http:\/\/www.arroiodotigre.rs.gov.br\/site\/wp-content\/uploads\/2021\/08\/covid1_page-0003-768x543.jpg 768w, http:\/\/www.arroiodotigre.rs.gov.br\/site\/wp-content\/uploads\/2021\/08\/covid1_page-0003-1536x1086.jpg 1536w, http:\/\/www.arroiodotigre.rs.gov.br\/site\/wp-content\/uploads\/2021\/08\/covid1_page-0003-1568x1109.jpg 1568w\" sizes=\"auto, (max-width: 1755px) 100vw, 1755px\" \/><\/p>\n<p><!-- \/wp:paragraph --><!-- wp:paragraph --><\/p>\n<p><!-- \/wp:paragraph --><!-- wp:image {\"id\":2561,\"width\":416,\"height\":155,\"sizeSlug\":\"large\",\"linkDestination\":\"custom\"} --><\/p>\n<figure class=\"wp-block-image size-large is-resized\"><a href=\"https:\/\/portal.tce.rs.gov.br\/aplicprod\/f?p=50500:16:::NO:RIR:P16_PAG_RETORNO,P16_CD_ORGAO:4,41200&amp;cs=1XpZhkyvQb7MKb9o2cs-wo9po750\" target=\"_blank\" rel=\"noopener\"><img loading=\"lazy\" decoding=\"async\" class=\"wp-image-2561\" src=\"http:\/\/www.arroiodotigre.rs.gov.br\/site\/wp-content\/uploads\/2021\/07\/covid-trans.jpg\" alt=\"\" width=\"416\" height=\"155\" srcset=\"http:\/\/www.arroiodotigre.rs.gov.br\/site\/wp-content\/uploads\/2021\/07\/covid-trans.jpg 416w, http:\/\/www.arroiodotigre.rs.gov.br\/site\/wp-content\/uploads\/2021\/07\/covid-trans-300x112.jpg 300w\" sizes=\"auto, (max-width: 416px) 100vw, 416px\" \/><\/a><\/figure>\n<p><!-- \/wp:shortcode --><\/p>\t\t\t\t\t<\/div>\n\t\t\t\t\t\t<\/div>\n\t\t\t\t<\/div>\n\t\t\t\t\t\t<\/div>\n\t\t\t\t\t<\/div>\n\t\t<\/div>\n\t\t\t\t\t\t\t\t<\/div>\n\t\t\t\t\t<\/div>\n\t\t<\/section>\n\t\t\t\t\t\t\t\t\t<\/div>\n\t\t\t<\/div>\n\t\t\t\t\t<\/div>\n\t\t","protected":false},"excerpt":{"rendered":"<p>Os insumos adquiridos n\u00e3o foram apenas para sala de vacina\u00e7\u00e3o, e sim para todos os estabelecimentos de sa\u00fade.<\/p>\n","protected":false},"author":1,"featured_media":0,"parent":0,"menu_order":0,"comment_status":"closed","ping_status":"closed","template":"","meta":{"footnotes":""},"class_list":["post-2554","page","type-page","status-publish","hentry","entry"],"_links":{"self":[{"href":"http:\/\/www.arroiodotigre.rs.gov.br\/site\/wp-json\/wp\/v2\/pages\/2554","targetHints":{"allow":["GET"]}}],"collection":[{"href":"http:\/\/www.arroiodotigre.rs.gov.br\/site\/wp-json\/wp\/v2\/pages"}],"about":[{"href":"http:\/\/www.arroiodotigre.rs.gov.br\/site\/wp-json\/wp\/v2\/types\/page"}],"author":[{"embeddable":true,"href":"http:\/\/www.arroiodotigre.rs.gov.br\/site\/wp-json\/wp\/v2\/users\/1"}],"replies":[{"embeddable":true,"href":"http:\/\/www.arroiodotigre.rs.gov.br\/site\/wp-json\/wp\/v2\/comments?post=2554"}],"version-history":[{"count":16,"href":"http:\/\/www.arroiodotigre.rs.gov.br\/site\/wp-json\/wp\/v2\/pages\/2554\/revisions"}],"predecessor-version":[{"id":4370,"href":"http:\/\/www.arroiodotigre.rs.gov.br\/site\/wp-json\/wp\/v2\/pages\/2554\/revisions\/4370"}],"wp:attachment":[{"href":"http:\/\/www.arroiodotigre.rs.gov.br\/site\/wp-json\/wp\/v2\/media?parent=2554"}],"curies":[{"name":"wp","href":"https:\/\/api.w.org\/{rel}","templated":true}]}}