{"id":2548,"date":"2021-07-19T22:12:22","date_gmt":"2021-07-20T01:12:22","guid":{"rendered":"http:\/\/www.arroiodotigre.rs.gov.br\/site\/?page_id=2548"},"modified":"2021-07-19T22:12:22","modified_gmt":"2021-07-20T01:12:22","slug":"horarios-e-locais-de-vacinacao-para-covid-19","status":"publish","type":"page","link":"http:\/\/www.arroiodotigre.rs.gov.br\/site\/horarios-e-locais-de-vacinacao-para-covid-19\/","title":{"rendered":"Hor\u00e1rios e locais de Vacina\u00e7\u00e3o para COVID-19"},"content":{"rendered":"\n<p class=\"has-text-align-center\"><strong>Hor\u00e1rios e locais de Vacina\u00e7\u00e3o para COVID-19<\/strong><\/p>\n\n\n\n<figure class=\"wp-block-table is-style-regular\"><table><tbody><tr><td><em>NA CIDADE<\/em><\/td><td><strong>Posto de Sa\u00fade Sede<\/strong> <strong>&nbsp;<\/strong> Endere\u00e7o: Rua Reinoldo Schmidt, 55. Bairro Centro &nbsp; Telefones de contato: (51) 3747-2098 ou (51) 9 8044-9156 (liga\u00e7\u00f5es e whatsapp) &nbsp; Hor\u00e1rio:&nbsp; 08:00 \u2013 11:00 e 13:00 \u2013 16:00 &nbsp; N\u00e3o \u00e9 necess\u00e1rio agendamento. &nbsp;<\/td><\/tr><tr><td><em>NO INTERIOR<\/em><\/td><td><strong>ESF Unidos pela Sa\u00fade<\/strong> <strong>&nbsp;<\/strong> Unidade de S\u00edtio Alto \u2013 Segundas, ter\u00e7as, quartas, quintas e sextas-feiras a tarde \u2013 COM AGENDAMENTO &nbsp; Unidade de Taboazinho \u2013 Quartas e sextas-feiras manh\u00e3 &#8211; N\u00e3o \u00e9 necess\u00e1rio agendamento. &nbsp; Unidade de Coloninha \u2013 Ter\u00e7as e quintas-feiras de manh\u00e3 &#8211; N\u00e3o \u00e9 necess\u00e1rio agendamento. &nbsp; &nbsp; Telefone de contato: (51) 9 9787-4634 (Apenas whatsapp) &nbsp; Hor\u00e1rio:&nbsp; 08:00 \u2013 11:00 e 13:00 \u2013 16:00 &nbsp;<\/td><\/tr><\/tbody><\/table><\/figure>\n\n\n\n<p><strong>Documentos necess\u00e1rios para vacina\u00e7\u00e3o da COVID-19:<\/strong> Cart\u00e3o Nacional de Sa\u00fade SUS, CPF e Caderneta de Vacina\u00e7\u00e3o. \u00a0<\/p>\n","protected":false},"excerpt":{"rendered":"<p>Hor\u00e1rios e locais de Vacina\u00e7\u00e3o para COVID-19 NA CIDADE Posto de Sa\u00fade Sede &nbsp; Endere\u00e7o: Rua Reinoldo Schmidt, 55. Bairro Centro &nbsp; Telefones de contato: (51) 3747-2098 ou (51) 9 8044-9156 (liga\u00e7\u00f5es e whatsapp) &nbsp; Hor\u00e1rio:&nbsp; 08:00 \u2013 11:00 e 13:00 \u2013 16:00 &nbsp; N\u00e3o \u00e9 necess\u00e1rio agendamento. &nbsp; NO INTERIOR ESF Unidos pela Sa\u00fade &hellip; <\/p>\n<p class=\"link-more\"><a href=\"http:\/\/www.arroiodotigre.rs.gov.br\/site\/horarios-e-locais-de-vacinacao-para-covid-19\/\" class=\"more-link\">Continue lendo<span class=\"screen-reader-text\"> &#8220;Hor\u00e1rios e locais de Vacina\u00e7\u00e3o para COVID-19&#8221;<\/span><\/a><\/p>\n","protected":false},"author":1,"featured_media":0,"parent":0,"menu_order":0,"comment_status":"closed","ping_status":"closed","template":"","meta":{"footnotes":""},"class_list":["post-2548","page","type-page","status-publish","hentry","entry"],"_links":{"self":[{"href":"http:\/\/www.arroiodotigre.rs.gov.br\/site\/wp-json\/wp\/v2\/pages\/2548","targetHints":{"allow":["GET"]}}],"collection":[{"href":"http:\/\/www.arroiodotigre.rs.gov.br\/site\/wp-json\/wp\/v2\/pages"}],"about":[{"href":"http:\/\/www.arroiodotigre.rs.gov.br\/site\/wp-json\/wp\/v2\/types\/page"}],"author":[{"embeddable":true,"href":"http:\/\/www.arroiodotigre.rs.gov.br\/site\/wp-json\/wp\/v2\/users\/1"}],"replies":[{"embeddable":true,"href":"http:\/\/www.arroiodotigre.rs.gov.br\/site\/wp-json\/wp\/v2\/comments?post=2548"}],"version-history":[{"count":1,"href":"http:\/\/www.arroiodotigre.rs.gov.br\/site\/wp-json\/wp\/v2\/pages\/2548\/revisions"}],"predecessor-version":[{"id":2549,"href":"http:\/\/www.arroiodotigre.rs.gov.br\/site\/wp-json\/wp\/v2\/pages\/2548\/revisions\/2549"}],"wp:attachment":[{"href":"http:\/\/www.arroiodotigre.rs.gov.br\/site\/wp-json\/wp\/v2\/media?parent=2548"}],"curies":[{"name":"wp","href":"https:\/\/api.w.org\/{rel}","templated":true}]}}