{"id":2542,"date":"2021-08-25T09:31:44","date_gmt":"2021-08-25T12:31:44","guid":{"rendered":"http:\/\/www.arroiodotigre.rs.gov.br\/site\/?page_id=2542"},"modified":"2024-01-04T08:23:43","modified_gmt":"2024-01-04T11:23:43","slug":"denuncias-fura-fila-e-outras-irregularidades-relacionadas-a-covid-19","status":"publish","type":"page","link":"http:\/\/www.arroiodotigre.rs.gov.br\/site\/denuncias-fura-fila-e-outras-irregularidades-relacionadas-a-covid-19\/","title":{"rendered":"Den\u00fancias de fura-filas e outras irregularidades relacionadas \u00e0 Covid-19"},"content":{"rendered":"\t\t<div data-elementor-type=\"wp-page\" data-elementor-id=\"2542\" class=\"elementor elementor-2542\" data-elementor-post-type=\"page\">\n\t\t\t\t\t\t<div class=\"elementor-inner\">\n\t\t\t\t<div class=\"elementor-section-wrap\">\n\t\t\t\t\t\t\t\t\t<section class=\"elementor-section elementor-top-section elementor-element elementor-element-254f7e5a elementor-section-boxed elementor-section-height-default elementor-section-height-default\" data-id=\"254f7e5a\" data-element_type=\"section\">\n\t\t\t\t\t\t<div class=\"elementor-container elementor-column-gap-default\">\n\t\t\t\t\t\t\t<div class=\"elementor-row\">\n\t\t\t\t\t<div class=\"elementor-column elementor-col-100 elementor-top-column elementor-element elementor-element-65b5b36d\" data-id=\"65b5b36d\" data-element_type=\"column\">\n\t\t\t<div class=\"elementor-column-wrap elementor-element-populated\">\n\t\t\t\t\t\t\t<div class=\"elementor-widget-wrap\">\n\t\t\t\t\t\t<div class=\"elementor-element elementor-element-6f66b86d elementor-widget elementor-widget-text-editor\" data-id=\"6f66b86d\" data-element_type=\"widget\" data-widget_type=\"text-editor.default\">\n\t\t\t\t<div class=\"elementor-widget-container\">\n\t\t\t\t\t\t\t\t<div class=\"elementor-text-editor elementor-clearfix\">\n\t\t\t\t<p style=\"text-align: center;\"><strong>Passo a passo para den\u00fancias e irregularidades<\/strong><\/p>\n<p>Existem v\u00e1rias maneiras de voc\u00ea fazer sua den\u00fancia de fura-filas e outras irregularidades relacionadas \u00e0 Covid-19, veja a seguir: Den\u00fancia Fura-Fila Secretaria Estadual da Sa\u00fade, voc\u00ea tamb\u00e9m pode utilizar os canais da Ouvidoria Geral do SUS, Ouvidoria Municipal do SUS ou ainda a Ouvidoria Geral do Munic\u00edpio. Veja abaixo como proceder em cada uma delas.<\/p>\n<p>\u00a0<\/p>\n<p style=\"text-align: center;\"><span style=\"color: #ff0000;\"><strong>Na Secretaria Estadual de Sa\u00fade<\/strong><\/span><\/p>\n<p style=\"text-align: left;\"><span style=\"text-decoration: underline;\"><strong>Den\u00fancia Fura-Fila na Secretaria Estadual de Sa\u00fade<\/strong><\/span><\/p>\n<p>Para coibir que pessoas fora dos grupos priorit\u00e1rios da campanha de vacina\u00e7\u00e3o contra a Covid-19 sejam vacinados indevidamente, a Secretaria da Sa\u00fade e o Minist\u00e9rio P\u00fablico do Estado lan\u00e7aram um formul\u00e1rio para den\u00fancias de poss\u00edveis \u201cfura-filas\u201d da vacina.\u00a0<\/p>\n<p><a href=\"https:\/\/docs.google.com\/forms\/d\/e\/1FAIpQLSf9i-MxB1XRpsG4BEepVwW1X3gHZRc8rOnD9evWatIEA34t4w\/viewform\" target=\"_blank\" rel=\"noopener\">O formul\u00e1rio pode ser acessado neste link<\/a><\/p>\n<p>Para denunciar, basta preencher nome, contato, o fato ocorrido e em qual munic\u00edpio e qual servi\u00e7o ocorreu. O nome do denunciante \u00e9 resguardado.<\/p>\n<p>Depois da den\u00fancia, o Minist\u00e9rio P\u00fablico abre um processo de apura\u00e7\u00e3o da poss\u00edvel irregularidade.<\/p>\n<p>Quem tomar a vacina e n\u00e3o estiver em algum dos grupos de risco com prioridade para a imuniza\u00e7\u00e3o e tamb\u00e9m quem autorizou a aplica\u00e7\u00e3o irregular poder\u00e3o responder por crime, improbidade administrativa ou dano moral coletivo, tanto nas esferas c\u00edvil ou criminal.<\/p>\n<p>\u00a0<\/p>\n<p style=\"text-align: center;\"><span style=\"color: #ff0000;\"><strong>Den\u00fancias Ouvidoria SUS<\/strong><\/span><\/p>\n<p style=\"text-align: left;\">A Ouvidoria \u00e9 um espa\u00e7o de cidadania e de comunica\u00e7\u00e3o entre o cidad\u00e3o e a gest\u00e3o o qual garante as manifesta\u00e7\u00f5es e contribui\u00e7\u00f5es da popula\u00e7\u00e3o, buscando a melhoria da qualidade dos servi\u00e7os de sa\u00fade, permitindo a constru\u00e7\u00e3o de uma sociedade mais informada e participativa.<br \/>Aqui voc\u00ea pode realizar den\u00fancias de fura-filas e outras irregularidades relacionadas \u00e0 Covid-19.<\/p>\n<p><span style=\"text-decoration: underline;\"><strong>Na Ouvidoria Geral do SUS:<\/strong><\/span><\/p>\n<p>Clicando no link em negrito abaixo voc\u00ea tem acesso ao site da Ouvidoria Geral do SUS. Voc\u00ea pode nos contatar atrav\u00e9s de:<\/p>\n<p><strong>Internet:<\/strong> clique <a href=\"http:\/\/ouvprod02.saude.gov.br\/ouvidor\/CadastroDemandaPortal.do\"><strong>AQUI<\/strong><\/a> para voc\u00ea ser redirecionado ao\u00a0Formul\u00e1rio<\/p>\n<p><strong>Telefone:<\/strong> 136 (Liga\u00e7\u00e3o Gratuita)<\/p>\n<p>O Disque Sa\u00fade 136 funciona 24 horas; de segunda-feira a sexta-feira, das 8h \u00e0s 20h, e aos s\u00e1bados, das 8h \u00e0s 18h, o cidad\u00e3o pode falar diretamente com o atendente. Fora desses hor\u00e1rios, as informa\u00e7\u00f5es s\u00e3o disponibilizadas pela Unidade de Resposta Aud\u00edvel (URA), com informa\u00e7\u00f5es gravadas.<\/p>\n<p>Clique <a href=\"https:\/\/antigo.saude.gov.br\/saude-de-a-z\/ouvidoria-do-sus\"><strong>AQUI<\/strong> <\/a>para acessar a Ouvidoria Geral do SUS<\/p>\n<p><!-- \/wp:embed --><\/p>\n<p><!-- wp:paragraph --><\/p>\n<p><span style=\"text-decoration: underline;\"><strong>Acesso da Ouvidoria da Secretaria Estadual da Sa\u00fade<\/strong><\/span><\/p>\n<p><strong>Telefone Ouvidoria SES\/RS:<\/strong> 0800 6450 644<br \/><strong>E-mail:<\/strong> <a href=\"mailto:ouvidoria-sus@saude.rs.gov.br\">ouvidoria-sus@saude.rs.gov.br<\/a><br \/><strong>Links:<\/strong><br \/>Clique <strong><a href=\"http:\/\/ouvprod01.saude.gov.br\/ouvidor\/CadastroDemandaPortal.do\">AQUI<\/a> <\/strong>para registrar a sua manifesta\u00e7\u00e3o\u00a0<br \/><strong>OU<\/strong><br \/>Clique <a href=\"http:\/\/ouvprod01.saude.gov.br\/ouvidor\/AcompanhamentoDemandaPortal.do\"><strong>AQUI <\/strong><\/a>para acompanhar a sua manifesta\u00e7\u00e3o.<\/p>\n<p><!-- \/wp:paragraph --><\/p>\n<p><!-- wp:paragraph --><\/p>\n<p style=\"text-align: left;\"><span style=\"text-decoration: underline;\"><strong>Ouvidoria Municipal<\/strong><\/span><\/p>\n<p><strong>No munic\u00edpio voc\u00ea tamb\u00e9m pode realizar den\u00fancias de fura-filas e outras irregularidades relacionadas \u00e0 Covid-19 por:<\/strong><\/p>\n<p>Voc\u00ea poder\u00e1<strong> ligar <\/strong>para a Prefeitura Municipal\u00a0 pelo contato: (51) 3747-1222 e solicitar ramal 219. Neste contato voc\u00ea dever\u00e1 fazer sua denuncia as interlocutoras da Ouvidoria do SUS no munic\u00edpio: Ana Paula Bonadeo ou\u00a0 Inaiara Steffanello Foletto. Este contato est\u00e1ra dispon\u00edvel nos seguintes hor\u00e1rios: 8:30-11:30 e das 13:30 \u00e0s 16:30.<br \/>Ou<strong> enviando e-mail <\/strong>para a Ouvidoria SUS Municipal: <a href=\"mailto:ouvidoriasus@arroiodotigre.rs.gov.br\">ouvidoriasus@arroiodotigre.rs.gov.br<\/a><\/p>\n<p><!-- \/wp:paragraph --><\/p>\n<p><!-- wp:paragraph --><\/p>\n<p><strong><span style=\"text-decoration: underline;\">Voc\u00ea tamb\u00e9m poder\u00e1 utilizar a Ouvidoria Geral do Munic\u00edpio &#8211; Ouvidoria Municipal Fala.BR Arroio do Tigre (Controladoria Geral da Uni\u00e3o) de duas formas:<\/span><br \/><\/strong><\/p>\n<p>Ligando para a Prefeitura Municipal no telefone (51) 3747-1222 e no ramal 222, com interlocutores Aline Feiten ou Samuel Evandro Bailke.<\/p>\n<p>Ou ainda acessando o link, clicando <a href=\"https:\/\/falabr.cgu.gov.br\/publico\/RS\/ArroiodoTigre\/Manifestacao\/RegistrarManifestacao\"><strong>AQUI.<\/strong><\/a><\/p>\n<p>Em seguida clicando na imagem de <strong>Den\u00fancia<\/strong>, como ilustrado abaixo.<\/p>\n<p><img loading=\"lazy\" decoding=\"async\" class=\"alignnone size-full wp-image-3344\" src=\"http:\/\/www.arroiodotigre.rs.gov.br\/site\/wp-content\/uploads\/2021\/08\/1.png\" alt=\"\" width=\"270\" height=\"205\" \/><\/p>\n<p>Agora voc\u00ea poder\u00e1 criar um <strong>cadastro<\/strong> (como ilustrado na imagem abaixo a <strong>esquerda<\/strong>) ou <strong>entrar anonimamente<\/strong> (como ilustrado na imagem abaixo a <strong>direita<\/strong>) e fazer sua den\u00fancia.<\/p>\n<p><img loading=\"lazy\" decoding=\"async\" class=\"alignnone size-medium wp-image-3347\" src=\"http:\/\/www.arroiodotigre.rs.gov.br\/site\/wp-content\/uploads\/2021\/08\/2-1-300x140.png\" alt=\"\" width=\"300\" height=\"140\" srcset=\"http:\/\/www.arroiodotigre.rs.gov.br\/site\/wp-content\/uploads\/2021\/08\/2-1-300x140.png 300w, http:\/\/www.arroiodotigre.rs.gov.br\/site\/wp-content\/uploads\/2021\/08\/2-1.png 376w\" sizes=\"auto, (max-width: 300px) 100vw, 300px\" \/> <img loading=\"lazy\" decoding=\"async\" class=\"alignnone size-medium wp-image-3348\" src=\"http:\/\/www.arroiodotigre.rs.gov.br\/site\/wp-content\/uploads\/2021\/08\/3-1-300x165.png\" alt=\"\" width=\"300\" height=\"165\" srcset=\"http:\/\/www.arroiodotigre.rs.gov.br\/site\/wp-content\/uploads\/2021\/08\/3-1-300x165.png 300w, http:\/\/www.arroiodotigre.rs.gov.br\/site\/wp-content\/uploads\/2021\/08\/3-1.png 384w\" sizes=\"auto, (max-width: 300px) 100vw, 300px\" \/><\/p>\n<p><!-- \/wp:paragraph --><\/p>\t\t\t\t\t<\/div>\n\t\t\t\t\t\t<\/div>\n\t\t\t\t<\/div>\n\t\t\t\t\t\t<\/div>\n\t\t\t\t\t<\/div>\n\t\t<\/div>\n\t\t\t\t\t\t\t\t<\/div>\n\t\t\t\t\t<\/div>\n\t\t<\/section>\n\t\t\t\t\t\t\t\t\t<\/div>\n\t\t\t<\/div>\n\t\t\t\t\t<\/div>\n\t\t","protected":false},"excerpt":{"rendered":"<p>Passo a passo para den\u00fancias e irregularidades Existem v\u00e1rias maneiras de voc\u00ea fazer sua den\u00fancia de fura-filas e outras irregularidades relacionadas \u00e0 Covid-19, veja a seguir: Den\u00fancia Fura-Fila Secretaria Estadual da Sa\u00fade, voc\u00ea tamb\u00e9m pode utilizar os canais da Ouvidoria Geral do SUS, Ouvidoria Municipal do SUS ou ainda a Ouvidoria Geral do Munic\u00edpio. Veja &hellip; <\/p>\n<p class=\"link-more\"><a href=\"http:\/\/www.arroiodotigre.rs.gov.br\/site\/denuncias-fura-fila-e-outras-irregularidades-relacionadas-a-covid-19\/\" class=\"more-link\">Continue lendo<span class=\"screen-reader-text\"> &#8220;Den\u00fancias de fura-filas e outras irregularidades relacionadas \u00e0 Covid-19&#8221;<\/span><\/a><\/p>\n","protected":false},"author":3,"featured_media":0,"parent":0,"menu_order":0,"comment_status":"closed","ping_status":"closed","template":"","meta":{"footnotes":""},"class_list":["post-2542","page","type-page","status-publish","hentry","entry"],"_links":{"self":[{"href":"http:\/\/www.arroiodotigre.rs.gov.br\/site\/wp-json\/wp\/v2\/pages\/2542","targetHints":{"allow":["GET"]}}],"collection":[{"href":"http:\/\/www.arroiodotigre.rs.gov.br\/site\/wp-json\/wp\/v2\/pages"}],"about":[{"href":"http:\/\/www.arroiodotigre.rs.gov.br\/site\/wp-json\/wp\/v2\/types\/page"}],"author":[{"embeddable":true,"href":"http:\/\/www.arroiodotigre.rs.gov.br\/site\/wp-json\/wp\/v2\/users\/3"}],"replies":[{"embeddable":true,"href":"http:\/\/www.arroiodotigre.rs.gov.br\/site\/wp-json\/wp\/v2\/comments?post=2542"}],"version-history":[{"count":50,"href":"http:\/\/www.arroiodotigre.rs.gov.br\/site\/wp-json\/wp\/v2\/pages\/2542\/revisions"}],"predecessor-version":[{"id":11449,"href":"http:\/\/www.arroiodotigre.rs.gov.br\/site\/wp-json\/wp\/v2\/pages\/2542\/revisions\/11449"}],"wp:attachment":[{"href":"http:\/\/www.arroiodotigre.rs.gov.br\/site\/wp-json\/wp\/v2\/media?parent=2542"}],"curies":[{"name":"wp","href":"https:\/\/api.w.org\/{rel}","templated":true}]}}