{"id":2526,"date":"2021-07-19T20:03:22","date_gmt":"2021-07-19T23:03:22","guid":{"rendered":"http:\/\/www.arroiodotigre.rs.gov.br\/site\/?page_id=2526"},"modified":"2021-07-19T20:07:32","modified_gmt":"2021-07-19T23:07:32","slug":"seguranca-eficacia-potenciais-riscos-e-beneficios","status":"publish","type":"page","link":"http:\/\/www.arroiodotigre.rs.gov.br\/site\/seguranca-eficacia-potenciais-riscos-e-beneficios\/","title":{"rendered":"Seguran\u00e7a,  efic\u00e1cia,  potenciais  riscos  e benef\u00edcios"},"content":{"rendered":"\n<p>Seguran\u00e7a, efic\u00e1cia, potenciais riscos e benef\u00edcios das vacinas contra a COVID-19<\/p>\n\n\n<div class=\"sdm_download_item \"><div class=\"sdm_download_item_top\"><div class=\"sdm_download_thumbnail\"><\/div><div class=\"sdm_download_title\">Bula Janssen<\/div><\/div><div style=\"clear:both;\"><\/div><div class=\"sdm_download_description\"><\/div><div class=\"sdm_download_link\"><span class=\"sdm_download_button\"><a href=\"http:\/\/www.arroiodotigre.rs.gov.br\/site\/?sdm_process_download=1&download_id=2537\" class=\"sdm_download green\" title=\"Bula Janssen\" target=\"_self\">Baixar agora!<\/a><\/span><span class=\"sdm_download_item_count\"><span class=\"sdm_item_count_number\">615<\/span><span class=\"sdm_item_count_string\"> Downloads<\/span><\/span><\/div><\/div><div class=\"sdm_download_item \"><div class=\"sdm_download_item_top\"><div class=\"sdm_download_thumbnail\"><\/div><div class=\"sdm_download_title\">Bula Pfizer<\/div><\/div><div style=\"clear:both;\"><\/div><div class=\"sdm_download_description\"><\/div><div class=\"sdm_download_link\"><span class=\"sdm_download_button\"><a href=\"http:\/\/www.arroiodotigre.rs.gov.br\/site\/?sdm_process_download=1&download_id=2535\" class=\"sdm_download green\" title=\"Bula Pfizer\" target=\"_self\">Baixar agora!<\/a><\/span><span class=\"sdm_download_item_count\"><span class=\"sdm_item_count_number\">685<\/span><span class=\"sdm_item_count_string\"> Downloads<\/span><\/span><\/div><\/div><div class=\"sdm_download_item \"><div class=\"sdm_download_item_top\"><div class=\"sdm_download_thumbnail\"><\/div><div class=\"sdm_download_title\">Bula Astrazeneca<\/div><\/div><div style=\"clear:both;\"><\/div><div class=\"sdm_download_description\"><\/div><div class=\"sdm_download_link\"><span class=\"sdm_download_button\"><a href=\"http:\/\/www.arroiodotigre.rs.gov.br\/site\/?sdm_process_download=1&download_id=2532\" class=\"sdm_download green\" title=\"Bula Astrazeneca\" target=\"_self\">Baixar agora!<\/a><\/span><span class=\"sdm_download_item_count\"><span class=\"sdm_item_count_number\">674<\/span><span class=\"sdm_item_count_string\"> Downloads<\/span><\/span><\/div><\/div><div class=\"sdm_download_item \"><div class=\"sdm_download_item_top\"><div class=\"sdm_download_thumbnail\"><\/div><div class=\"sdm_download_title\">Bula Coronavac<\/div><\/div><div style=\"clear:both;\"><\/div><div class=\"sdm_download_description\"><\/div><div class=\"sdm_download_link\"><span class=\"sdm_download_button\"><a href=\"http:\/\/www.arroiodotigre.rs.gov.br\/site\/?sdm_process_download=1&download_id=2530\" class=\"sdm_download green\" title=\"Bula Coronavac\" target=\"_self\">Baixar agora!<\/a><\/span><span class=\"sdm_download_item_count\"><span class=\"sdm_item_count_number\">667<\/span><span class=\"sdm_item_count_string\"> Downloads<\/span><\/span><\/div><\/div><div class=\"sdm_clear_float\"><\/div><div class=\"sdm_pagination\"><\/div>\n","protected":false},"excerpt":{"rendered":"<p>Seguran\u00e7a, efic\u00e1cia, potenciais riscos e benef\u00edcios das vacinas contra a COVID-19<\/p>\n","protected":false},"author":1,"featured_media":0,"parent":0,"menu_order":0,"comment_status":"closed","ping_status":"closed","template":"","meta":{"footnotes":""},"class_list":["post-2526","page","type-page","status-publish","hentry","entry"],"_links":{"self":[{"href":"http:\/\/www.arroiodotigre.rs.gov.br\/site\/wp-json\/wp\/v2\/pages\/2526","targetHints":{"allow":["GET"]}}],"collection":[{"href":"http:\/\/www.arroiodotigre.rs.gov.br\/site\/wp-json\/wp\/v2\/pages"}],"about":[{"href":"http:\/\/www.arroiodotigre.rs.gov.br\/site\/wp-json\/wp\/v2\/types\/page"}],"author":[{"embeddable":true,"href":"http:\/\/www.arroiodotigre.rs.gov.br\/site\/wp-json\/wp\/v2\/users\/1"}],"replies":[{"embeddable":true,"href":"http:\/\/www.arroiodotigre.rs.gov.br\/site\/wp-json\/wp\/v2\/comments?post=2526"}],"version-history":[{"count":3,"href":"http:\/\/www.arroiodotigre.rs.gov.br\/site\/wp-json\/wp\/v2\/pages\/2526\/revisions"}],"predecessor-version":[{"id":2529,"href":"http:\/\/www.arroiodotigre.rs.gov.br\/site\/wp-json\/wp\/v2\/pages\/2526\/revisions\/2529"}],"wp:attachment":[{"href":"http:\/\/www.arroiodotigre.rs.gov.br\/site\/wp-json\/wp\/v2\/media?parent=2526"}],"curies":[{"name":"wp","href":"https:\/\/api.w.org\/{rel}","templated":true}]}}