{"id":2363,"date":"2021-07-13T08:56:19","date_gmt":"2021-07-13T11:56:19","guid":{"rendered":"https:\/\/www.arroiodotigre.rs.gov.br\/site\/?page_id=2363"},"modified":"2026-03-02T15:56:09","modified_gmt":"2026-03-02T18:56:09","slug":"secretaria-da-administracao-planejamento-industria-comercio-e-turismo","status":"publish","type":"page","link":"http:\/\/www.arroiodotigre.rs.gov.br\/site\/secretaria-da-administracao-planejamento-industria-comercio-e-turismo\/","title":{"rendered":"Secretaria da Administra\u00e7\u00e3o, Planejamento, Ind\u00fastria e Com\u00e9rcio"},"content":{"rendered":"\t\t<div data-elementor-type=\"wp-page\" data-elementor-id=\"2363\" class=\"elementor elementor-2363\" data-elementor-post-type=\"page\">\n\t\t\t\t\t\t<div class=\"elementor-inner\">\n\t\t\t\t<div class=\"elementor-section-wrap\">\n\t\t\t\t\t\t\t\t\t<section class=\"elementor-section elementor-top-section elementor-element elementor-element-22ca552d elementor-section-boxed elementor-section-height-default elementor-section-height-default\" data-id=\"22ca552d\" data-element_type=\"section\">\n\t\t\t\t\t\t<div class=\"elementor-container elementor-column-gap-default\">\n\t\t\t\t\t\t\t<div class=\"elementor-row\">\n\t\t\t\t\t<div class=\"elementor-column elementor-col-100 elementor-top-column elementor-element elementor-element-2bc7fe50\" data-id=\"2bc7fe50\" data-element_type=\"column\">\n\t\t\t<div class=\"elementor-column-wrap elementor-element-populated\">\n\t\t\t\t\t\t\t<div class=\"elementor-widget-wrap\">\n\t\t\t\t\t\t<div class=\"elementor-element elementor-element-7aa71b9 elementor-widget elementor-widget-text-editor\" data-id=\"7aa71b9\" data-element_type=\"widget\" data-widget_type=\"text-editor.default\">\n\t\t\t\t<div class=\"elementor-widget-container\">\n\t\t\t\t\t\t\t\t<div class=\"elementor-text-editor elementor-clearfix\">\n\t\t\t\t<h3><img loading=\"lazy\" decoding=\"async\" class=\"wp-image-16878 size-medium alignleft\" src=\"http:\/\/www.arroiodotigre.rs.gov.br\/site\/wp-content\/uploads\/2026\/03\/WhatsApp-Image-2026-03-02-at-15.16.34-200x300.jpeg\" alt=\"\" width=\"200\" height=\"300\" srcset=\"http:\/\/www.arroiodotigre.rs.gov.br\/site\/wp-content\/uploads\/2026\/03\/WhatsApp-Image-2026-03-02-at-15.16.34-200x300.jpeg 200w, http:\/\/www.arroiodotigre.rs.gov.br\/site\/wp-content\/uploads\/2026\/03\/WhatsApp-Image-2026-03-02-at-15.16.34-682x1024.jpeg 682w, http:\/\/www.arroiodotigre.rs.gov.br\/site\/wp-content\/uploads\/2026\/03\/WhatsApp-Image-2026-03-02-at-15.16.34-768x1152.jpeg 768w, http:\/\/www.arroiodotigre.rs.gov.br\/site\/wp-content\/uploads\/2026\/03\/WhatsApp-Image-2026-03-02-at-15.16.34.jpeg 853w\" sizes=\"auto, (max-width: 200px) 100vw, 200px\" \/>Secret\u00e1ria Municipal: J\u00falia Roberta Hammerschmitt<\/h3>\n<p><\/p>\n<p>Compete \u00e0 Secretaria Municipal da Administra\u00e7\u00e3o, Planejamento, Ind\u00fastria e Com\u00e9rcio:<br>&#8211; programar, supervisionar e controlar as atividades de administra\u00e7\u00e3o geral da Prefeitura;<br>&#8211; executar as atividades relativas ao recrutamento, \u00e0 sele\u00e7\u00e3o, \u00e0 avalia\u00e7\u00e3o de desempenho, \u00e0 ger\u00eancia do sistema de carreiras, dos planos de lota\u00e7\u00e3o e demais atividades de administra\u00e7\u00e3o de pessoal;<br>&#8211; executar atividades relativas aos direitos e deveres, registros e controles funcionais, controle de frequ\u00eancia, elabora\u00e7\u00e3o das folhas de pagamento e demais assuntos relacionados aos prontu\u00e1rios dos servi\u00e7os p\u00fablicos municipais;<br>&#8211; organizar e a coordenar programas de capacita\u00e7\u00e3o do pessoal da Prefeitura;<br>&#8211; promover os servi\u00e7os de inspe\u00e7\u00e3o de sa\u00fade dos servidores para efeitos de admiss\u00e3o, licen\u00e7a, aposentadoria e outros fins legais, bem como a divulga\u00e7\u00e3o de t\u00e9cnicas e m\u00e9todos de seguran\u00e7a e medicina do trabalho no ambiente da Prefeitura;<br>&#8211; elaborar e implantar normas relativas \u00e0s atividades de recebimento, distribui\u00e7\u00e3o, controle do andamento, triagem e arquivamento dos processos e dos documentos relacionados \u00e0 \u00e1rea de atua\u00e7\u00e3o da Secretaria;<br>&#8211; propor e implantar atividades de atendimento e presta\u00e7\u00e3o de informa\u00e7\u00f5es ao p\u00fablico e ao Tribunal de Contas relacionados as atividades funcionais dos servidores;<br>&#8211; coordenar os servi\u00e7os gerais relativos a integralidade dos servi\u00e7os e recursos humanos envolvidos;<br>&#8211; elaborar, redigir, registrar, publicar e expedir os atos do Poder Executivo;<br>&#8211; coordenar e controlar a divulga\u00e7\u00e3o das a\u00e7\u00f5es administrativas e pol\u00edticas da Administra\u00e7\u00e3o Municipal, atrav\u00e9s de campanhas publicit\u00e1rias;<br>&#8211; divulgar as atividades da Administra\u00e7\u00e3o Municipal;<br>&#8211; planejar, organizar e executar programas de confer\u00eancias, palestras, semin\u00e1rios, exposi\u00e7\u00f5es, congressos e mesas redondas, sobre assuntos de interesse do Munic\u00edpio;<br>&#8211; manter e controlar as campanhas publicit\u00e1rias e mat\u00e9rias divulgadas pelos ve\u00edculos de comunica\u00e7\u00e3o, efetuadas pelos \u00f3rg\u00e3os da Administra\u00e7\u00e3o Municipal;<br>&#8211; coordenar e controlar a divulga\u00e7\u00e3o das atividades do Munic\u00edpio atrav\u00e9s da reda\u00e7\u00e3o de not\u00edcias para utiliza\u00e7\u00e3o por jornais, r\u00e1dios, televis\u00f5es e de reportagens e document\u00e1rios em texto, fotografias, audiovisuais, entre outras;<br>&#8211; prestar \u00e0 comunidade as informa\u00e7\u00f5es de que necessitar sobre as atividades do Munic\u00edpio;<br>&#8211; garantir a presta\u00e7\u00e3o de servi\u00e7os municipais relativos \u00e0 sua \u00e1rea de compet\u00eancia de acordo com as diretrizes do programa de governo;<br>&#8211; exercer outras atividades correlatas designadas pelo Prefeito Municipal ou atribu\u00eddas mediante decreto do Poder Executivo;<br>&#8211; promover os estudos econ\u00f4micos, administrativos, estat\u00edsticos e tecnol\u00f3gicos necess\u00e1rios ao planejamento e execu\u00e7\u00e3o de obras de engenharia e infraestrutura urbana;<br>&#8211; executar, direta ou indiretamente, as obras p\u00fablicas de responsabilidade do Munic\u00edpio de Arroio do Tigre;<br>&#8211; contratar, controlar, fiscalizar e receber as obras p\u00fablicas municipais autorizadas;<br>&#8211; promover os levantamentos e avalia\u00e7\u00f5es de im\u00f3veis e benfeitorias do interesse do Munic\u00edpio de Arroio do Tigre;<br>&#8211; elaborar, coordenar, acompanhar e fiscalizar projetos, programas, obras p\u00fablicas e a\u00e7\u00f5es realizadas pelo Munic\u00edpio nas \u00c1reas de Habita\u00e7\u00e3o de Interesse Social;<br>&#8211; elaborar, coordenar, acompanhar e fiscalizar levantamentos topogr\u00e1ficos, laudos t\u00e9cnicos e avalia\u00e7\u00e3o de im\u00f3veis nas \u00c1reas de Habita\u00e7\u00e3o de Interesse Social;<br>&#8211; promover a regulariza\u00e7\u00e3o fundi\u00e1ria nas \u00c1reas de Habita\u00e7\u00e3o de Interesse Social;<br>&#8211; analisar e emitir pareceres t\u00e9cnicos em projetos, relat\u00f3rios e processos;<br>&#8211; articular com \u00f3rg\u00e3os governamentais federais, estaduais, municipais, da iniciativa privada, de institui\u00e7\u00f5es financeiras e da comunidade, visando a elabora\u00e7\u00e3o e execu\u00e7\u00e3o de projetos e programas de saneamento b\u00e1sico e de habita\u00e7\u00e3o de interesse social;<br>&#8211; coordenar e executar, exclusivamente, o processo de an\u00e1lise, aprova\u00e7\u00e3o de projeto, reforma, expedi\u00e7\u00e3o de alvar\u00e1s e habite-se na \u00e1rea da constru\u00e7\u00e3o civil e servi\u00e7os p\u00fablicos;<br>&#8211; administrar os fundos e recursos espec\u00edficos de sua Secretaria;<br>&#8211; desenvolver outras atribui\u00e7\u00f5es correlatas que forem designadas pelo Prefeito Municipal ou atribu\u00eddas mediante decreto do Poder Executivo.<\/p>\n<p>Fica vinculada \u00e0 estrutura da Secretaria Municipal da Administra\u00e7\u00e3o, Planejamento, Ind\u00fastria e Com\u00e9rcio:<br>&#8211; Departamento Jur\u00eddico do Munic\u00edpio;<br>&#8211; Departamento de Recursos Humanos;<br>&#8211; Comiss\u00e3o Permanente de Sindic\u00e2ncia e Processo Administrativo Disciplinar e Especial;<br>&#8211; Sistema de Controle Interno;<br>&#8211; Comiss\u00e3o de Est\u00e1gio Probat\u00f3rio;<br>&#8211; Junta de Servi\u00e7o Militar;<br>&#8211; Setor de Engenharia e Projetos;<br>&#8211; Junta Administrativa de Recursos e Infra\u00e7\u00f5es &#8211; JARI;<br>&#8211; Conselho Municipal de Habita\u00e7\u00e3o &#8211; COMHAB;<br>&#8211; Setor de Turismo;<br>&#8211; Setor de Patrim\u00f4nio;<br>&#8211; Setor de Ind\u00fastria e Com\u00e9rcio;<br>&#8211; Conselho Municipal de Desportos e Eventos &#8211; CMDE<\/p>\t\t\t\t\t<\/div>\n\t\t\t\t\t\t<\/div>\n\t\t\t\t<\/div>\n\t\t\t\t\t\t<\/div>\n\t\t\t\t\t<\/div>\n\t\t<\/div>\n\t\t\t\t\t\t\t\t<\/div>\n\t\t\t\t\t<\/div>\n\t\t<\/section>\n\t\t\t\t\t\t\t\t\t<\/div>\n\t\t\t<\/div>\n\t\t\t\t\t<\/div>\n\t\t","protected":false},"excerpt":{"rendered":"<p>Secret\u00e1ria Municipal: J\u00falia Roberta Hammerschmitt Compete \u00e0 Secretaria Municipal da Administra\u00e7\u00e3o, Planejamento, Ind\u00fastria e Com\u00e9rcio:&#8211; programar, supervisionar e controlar as atividades de administra\u00e7\u00e3o geral da Prefeitura;&#8211; executar as atividades relativas ao recrutamento, \u00e0 sele\u00e7\u00e3o, \u00e0 avalia\u00e7\u00e3o de desempenho, \u00e0 ger\u00eancia do sistema de carreiras, dos planos de lota\u00e7\u00e3o e demais atividades de administra\u00e7\u00e3o de pessoal;&#8211; &hellip; <\/p>\n<p class=\"link-more\"><a href=\"http:\/\/www.arroiodotigre.rs.gov.br\/site\/secretaria-da-administracao-planejamento-industria-comercio-e-turismo\/\" class=\"more-link\">Continue lendo<span class=\"screen-reader-text\"> &#8220;Secretaria da Administra\u00e7\u00e3o, Planejamento, Ind\u00fastria e Com\u00e9rcio&#8221;<\/span><\/a><\/p>\n","protected":false},"author":3,"featured_media":0,"parent":0,"menu_order":0,"comment_status":"closed","ping_status":"closed","template":"","meta":{"footnotes":""},"class_list":["post-2363","page","type-page","status-publish","hentry","entry"],"_links":{"self":[{"href":"http:\/\/www.arroiodotigre.rs.gov.br\/site\/wp-json\/wp\/v2\/pages\/2363","targetHints":{"allow":["GET"]}}],"collection":[{"href":"http:\/\/www.arroiodotigre.rs.gov.br\/site\/wp-json\/wp\/v2\/pages"}],"about":[{"href":"http:\/\/www.arroiodotigre.rs.gov.br\/site\/wp-json\/wp\/v2\/types\/page"}],"author":[{"embeddable":true,"href":"http:\/\/www.arroiodotigre.rs.gov.br\/site\/wp-json\/wp\/v2\/users\/3"}],"replies":[{"embeddable":true,"href":"http:\/\/www.arroiodotigre.rs.gov.br\/site\/wp-json\/wp\/v2\/comments?post=2363"}],"version-history":[{"count":28,"href":"http:\/\/www.arroiodotigre.rs.gov.br\/site\/wp-json\/wp\/v2\/pages\/2363\/revisions"}],"predecessor-version":[{"id":16895,"href":"http:\/\/www.arroiodotigre.rs.gov.br\/site\/wp-json\/wp\/v2\/pages\/2363\/revisions\/16895"}],"wp:attachment":[{"href":"http:\/\/www.arroiodotigre.rs.gov.br\/site\/wp-json\/wp\/v2\/media?parent=2363"}],"curies":[{"name":"wp","href":"https:\/\/api.w.org\/{rel}","templated":true}]}}