{"id":2133,"date":"2021-07-08T16:27:37","date_gmt":"2021-07-08T19:27:37","guid":{"rendered":"http:\/\/www.arroiodotigre.rs.gov.br\/site\/?page_id=2133"},"modified":"2025-03-06T16:59:38","modified_gmt":"2025-03-06T19:59:38","slug":"gabinete-do-prefeito","status":"publish","type":"page","link":"http:\/\/www.arroiodotigre.rs.gov.br\/site\/gabinete-do-prefeito\/","title":{"rendered":"Gabinete do Prefeito"},"content":{"rendered":"\t\t<div data-elementor-type=\"wp-page\" data-elementor-id=\"2133\" class=\"elementor elementor-2133\" data-elementor-post-type=\"page\">\n\t\t\t\t\t\t<div class=\"elementor-inner\">\n\t\t\t\t<div class=\"elementor-section-wrap\">\n\t\t\t\t\t\t\t\t\t<section class=\"elementor-section elementor-top-section elementor-element elementor-element-42d2aaf elementor-section-boxed elementor-section-height-default elementor-section-height-default\" data-id=\"42d2aaf\" data-element_type=\"section\">\n\t\t\t\t\t\t<div class=\"elementor-container elementor-column-gap-default\">\n\t\t\t\t\t\t\t<div class=\"elementor-row\">\n\t\t\t\t\t<div class=\"elementor-column elementor-col-100 elementor-top-column elementor-element elementor-element-1f70855d\" data-id=\"1f70855d\" data-element_type=\"column\">\n\t\t\t<div class=\"elementor-column-wrap elementor-element-populated\">\n\t\t\t\t\t\t\t<div class=\"elementor-widget-wrap\">\n\t\t\t\t\t\t<div class=\"elementor-element elementor-element-81b4382 elementor-widget elementor-widget-text-editor\" data-id=\"81b4382\" data-element_type=\"widget\" data-widget_type=\"text-editor.default\">\n\t\t\t\t<div class=\"elementor-widget-container\">\n\t\t\t\t\t\t\t\t<div class=\"elementor-text-editor elementor-clearfix\">\n\t\t\t\t<h3><img loading=\"lazy\" decoding=\"async\" class=\"size-medium wp-image-14303 alignleft\" src=\"http:\/\/www.arroiodotigre.rs.gov.br\/site\/wp-content\/uploads\/2025\/03\/DSC09757-200x300.jpg\" alt=\"\" width=\"200\" height=\"300\" srcset=\"http:\/\/www.arroiodotigre.rs.gov.br\/site\/wp-content\/uploads\/2025\/03\/DSC09757-200x300.jpg 200w, http:\/\/www.arroiodotigre.rs.gov.br\/site\/wp-content\/uploads\/2025\/03\/DSC09757-683x1024.jpg 683w, http:\/\/www.arroiodotigre.rs.gov.br\/site\/wp-content\/uploads\/2025\/03\/DSC09757-768x1152.jpg 768w, http:\/\/www.arroiodotigre.rs.gov.br\/site\/wp-content\/uploads\/2025\/03\/DSC09757-1024x1536.jpg 1024w, http:\/\/www.arroiodotigre.rs.gov.br\/site\/wp-content\/uploads\/2025\/03\/DSC09757-1365x2048.jpg 1365w, http:\/\/www.arroiodotigre.rs.gov.br\/site\/wp-content\/uploads\/2025\/03\/DSC09757-1568x2352.jpg 1568w, http:\/\/www.arroiodotigre.rs.gov.br\/site\/wp-content\/uploads\/2025\/03\/DSC09757-scaled.jpg 1707w\" sizes=\"auto, (max-width: 200px) 100vw, 200px\" \/><strong style=\"font-size: 1.6875em; letter-spacing: -0.02em; color: var( --e-global-color-text );\">Prefeito: Vanderlei Hermes\u00a0 \u00a0 \u00a0 \u00a0 \u00a0 \u00a0 \u00a0 \u00a0\u00a0<\/strong><\/h3><h3>\u00a0<\/h3><h3><b>Compete ao Gabinete do Prefeito:<\/b><\/h3><ol><li>Planejar, executar e acompanhar as a\u00e7\u00f5es administrativas da gest\u00e3o municipal;<\/li><li>Assistir ao Prefeito no exame dos assuntos pol\u00edticos e administrativos, na an\u00e1lise de processos e demais documentos submetidos \u00e0 sua aprecia\u00e7\u00e3o e decis\u00e3o;<\/li><li>Assistir ao Prefeito em suas rela\u00e7\u00f5es com autoridades, entidades civis, pol\u00edticas e religiosas e com o p\u00fablico em geral;<\/li><li>Implementar a log\u00edstica em caso de deslocamento do Prefeito, no Estado, e fora deste;<\/li><li>Assessorar o Prefeito em assuntos pol\u00edticos, sociais e econ\u00f4micos;<\/li><li>Preparar as audi\u00eancias do Prefeito;<\/li><li>Exercer outras atividades ligadas ao Gabinete.<\/li><\/ol><h3><b>S\u00e3o \u00d3rg\u00e3os Consultivos do Prefeito Municipal:<\/b><\/h3><ol><li>Conselho de Desenvolvimento Econ\u00f4mico e Social &#8211; CDES;<\/li><li>Conselho Municipal de Desenvolvimento &#8211; COMUDE;<\/li><li>Coordenadoria Municipal de Defesa Civil &#8211; COMDEC.<\/li><\/ol>\t\t\t\t\t<\/div>\n\t\t\t\t\t\t<\/div>\n\t\t\t\t<\/div>\n\t\t\t\t\t\t<\/div>\n\t\t\t\t\t<\/div>\n\t\t<\/div>\n\t\t\t\t\t\t\t\t<\/div>\n\t\t\t\t\t<\/div>\n\t\t<\/section>\n\t\t\t\t\t\t\t\t\t<\/div>\n\t\t\t<\/div>\n\t\t\t\t\t<\/div>\n\t\t","protected":false},"excerpt":{"rendered":"<p>Prefeito: Vanderlei Hermes\u00a0 \u00a0 \u00a0 \u00a0 \u00a0 \u00a0 \u00a0 \u00a0\u00a0 \u00a0 Compete ao Gabinete do Prefeito: Planejar, executar e acompanhar as a\u00e7\u00f5es administrativas da gest\u00e3o municipal; Assistir ao Prefeito no exame dos assuntos pol\u00edticos e administrativos, na an\u00e1lise de processos e demais documentos submetidos \u00e0 sua aprecia\u00e7\u00e3o e decis\u00e3o; Assistir ao Prefeito em suas rela\u00e7\u00f5es &hellip; <\/p>\n<p class=\"link-more\"><a href=\"http:\/\/www.arroiodotigre.rs.gov.br\/site\/gabinete-do-prefeito\/\" class=\"more-link\">Continue lendo<span class=\"screen-reader-text\"> &#8220;Gabinete do Prefeito&#8221;<\/span><\/a><\/p>\n","protected":false},"author":2,"featured_media":0,"parent":0,"menu_order":0,"comment_status":"closed","ping_status":"closed","template":"","meta":{"footnotes":""},"class_list":["post-2133","page","type-page","status-publish","hentry","entry"],"_links":{"self":[{"href":"http:\/\/www.arroiodotigre.rs.gov.br\/site\/wp-json\/wp\/v2\/pages\/2133","targetHints":{"allow":["GET"]}}],"collection":[{"href":"http:\/\/www.arroiodotigre.rs.gov.br\/site\/wp-json\/wp\/v2\/pages"}],"about":[{"href":"http:\/\/www.arroiodotigre.rs.gov.br\/site\/wp-json\/wp\/v2\/types\/page"}],"author":[{"embeddable":true,"href":"http:\/\/www.arroiodotigre.rs.gov.br\/site\/wp-json\/wp\/v2\/users\/2"}],"replies":[{"embeddable":true,"href":"http:\/\/www.arroiodotigre.rs.gov.br\/site\/wp-json\/wp\/v2\/comments?post=2133"}],"version-history":[{"count":39,"href":"http:\/\/www.arroiodotigre.rs.gov.br\/site\/wp-json\/wp\/v2\/pages\/2133\/revisions"}],"predecessor-version":[{"id":14306,"href":"http:\/\/www.arroiodotigre.rs.gov.br\/site\/wp-json\/wp\/v2\/pages\/2133\/revisions\/14306"}],"wp:attachment":[{"href":"http:\/\/www.arroiodotigre.rs.gov.br\/site\/wp-json\/wp\/v2\/media?parent=2133"}],"curies":[{"name":"wp","href":"https:\/\/api.w.org\/{rel}","templated":true}]}}