{"id":16885,"date":"2026-03-02T15:49:30","date_gmt":"2026-03-02T18:49:30","guid":{"rendered":"https:\/\/www.arroiodotigre.rs.gov.br\/site\/?page_id=16885"},"modified":"2026-03-02T15:53:04","modified_gmt":"2026-03-02T18:53:04","slug":"secretaria-municipal-de-turismo-cultura-esportes-e-eventos","status":"publish","type":"page","link":"http:\/\/www.arroiodotigre.rs.gov.br\/site\/secretaria-municipal-de-turismo-cultura-esportes-e-eventos\/","title":{"rendered":"Secretaria Municipal de Turismo, Cultura, Esportes e\u00a0Eventos"},"content":{"rendered":"\t\t<div data-elementor-type=\"wp-page\" data-elementor-id=\"16885\" class=\"elementor elementor-16885\" data-elementor-post-type=\"page\">\n\t\t\t\t\t\t<div class=\"elementor-inner\">\n\t\t\t\t<div class=\"elementor-section-wrap\">\n\t\t\t\t\t\t\t\t\t<section class=\"elementor-section elementor-top-section elementor-element elementor-element-36aa88c6 elementor-section-boxed elementor-section-height-default elementor-section-height-default\" data-id=\"36aa88c6\" data-element_type=\"section\">\n\t\t\t\t\t\t<div class=\"elementor-container elementor-column-gap-default\">\n\t\t\t\t\t\t\t<div class=\"elementor-row\">\n\t\t\t\t\t<div class=\"elementor-column elementor-col-100 elementor-top-column elementor-element elementor-element-4d351556\" data-id=\"4d351556\" data-element_type=\"column\">\n\t\t\t<div class=\"elementor-column-wrap elementor-element-populated\">\n\t\t\t\t\t\t\t<div class=\"elementor-widget-wrap\">\n\t\t\t\t\t\t<div class=\"elementor-element elementor-element-1b655895 elementor-widget elementor-widget-text-editor\" data-id=\"1b655895\" data-element_type=\"widget\" data-widget_type=\"text-editor.default\">\n\t\t\t\t<div class=\"elementor-widget-container\">\n\t\t\t\t\t\t\t\t<div class=\"elementor-text-editor elementor-clearfix\">\n\t\t\t\t<!-- wp:heading {\"fontSize\":\"large\"} -->\n<h2 class=\"wp-block-heading has-large-font-size\">Secret\u00e1ria Municipal: Viviane Redin Mergen <img loading=\"lazy\" decoding=\"async\" class=\"wp-image-16886 alignright\" style=\"width: 197px;\" src=\"http:\/\/www.arroiodotigre.rs.gov.br\/site\/wp-content\/uploads\/2026\/03\/494464863_3380592648744419_4469032733826233345_n.jpg\" alt=\"\" width=\"1146\" height=\"197\" \/><\/h2>\n<!-- \/wp:heading --><!-- wp:paragraph {\"style\":{\"typography\":{\"textTransform\":\"none\"}}} -->\n<p style=\"text-transform: none;\">Compete \u00e0 Secretaria Municipal de Turismo, Cultura, Esportes e Eventos:<br \/>I &#8211; definir, planejar e executar as pol\u00edticas p\u00fablicas, programas, planos, projetos, diretrizes, metas e eventos, objetivando o desenvolvimento cultural, turistica e a pr\u00e1tica do desporto no munic\u00edpio;<br \/>II &#8211; assegurar \u00e0 popula\u00e7\u00e3o o acesso ao esporte, lazer e cultura;<br \/>III &#8211; promover a participa\u00e7\u00e3o de crian\u00e7as, jovens, adultos e idosos na pr\u00e1tica de esportes coletivos e individuais;<br \/>IV &#8211; gerenciar e executar os programas, os projetos e as atividades de educa\u00e7\u00e3o f\u00edsica, lazer, recrea\u00e7\u00e3o, promo\u00e7\u00e3o e assist\u00eancia esportiva;<br \/>V &#8211; assegurar \u00e0 popula\u00e7\u00e3o o acesso \u00e0s fontes de cultura;<br \/>VI &#8211; organizar e manter a biblioteca p\u00fablica e o museu municipal;<br \/>VII &#8211; apoiar, incentivar e promover a valoriza\u00e7\u00e3o das manifesta\u00e7\u00f5es culturais;<br \/>VIII &#8211; manter interc\u00e2mbio com entidades culturais p\u00fablicas ou privadas;<br \/>IX &#8211; coordenar as atividades ligadas \u00e0 preserva\u00e7\u00e3o do acervo hist\u00f3rico do Munic\u00edpio;<br \/>X &#8211; articular-se com \u00f3rg\u00e3os da Administra\u00e7\u00e3o P\u00fablica Municipal, sobretudo as Secretarias Municipais, visando a execu\u00e7\u00e3o de a\u00e7\u00f5es integradas;<br \/>XI &#8211; administrar diretamente, por terceiros ou de forma associativa, os espa\u00e7os e pr\u00f3prios p\u00fablicos de recrea\u00e7\u00e3o e de esportes;<br \/>XII &#8211; gerenciar, pleitear, cadastrar, propor e acompanhar conv\u00eanios com entidades, federa\u00e7\u00f5es e entes federativos, na consecu\u00e7\u00e3o de pol\u00edticas p\u00fablicas;<br \/>XIII &#8211; coordenar, implementar, controlar e avaliar os programas, projetos e a\u00e7\u00f5es de cunho social, ec\u00f4nomico e sustent\u00e1vel;<br \/>XIV &#8211; apoiar, incentivar e divulgar as atra\u00e7\u00f5es tur\u00edsticas da cidade;<br \/>XV &#8211; promover a valoriza\u00e7\u00e3o dos espa\u00e7os e atra\u00e7\u00f5es tur\u00edsticas;<br \/>XVI &#8211; promover atividades e eventos voltados para as atividades tur\u00edsticas;<br \/>XVII &#8211; incrementar a pr\u00e1tica da atividade tur\u00edstica;<br \/>XVIII &#8211; apreciar e incentivar os projetos tur\u00edsticos desenvolvidos pela atividade privada;<br \/>XIX &#8211; planejar e executar eventos, projetos e demais atividades ligadas \u00e0 cultura e turismo que estimulem a capta\u00e7\u00e3o de novos mercados consumidores;<br \/>XX &#8211; consolidar o calend\u00e1rio anual de eventos tur\u00edsticos, esportivos e culturais, como ferramenta eficaz de desenvolvimento local e atra\u00e7\u00e3o de turistas, promovendo a respectiva divulga\u00e7\u00e3o.<\/p>\n<!-- \/wp:paragraph --><!-- wp:paragraph {\"style\":{\"typography\":{\"textTransform\":\"none\"}}} -->\n<p style=\"text-transform: none;\">Fica vinculado \u00e0 Secretaria Municipal de Cultura, Eventos, Esportes e Turismo:<br \/>I &#8211; Biblioteca P\u00fablica Municipal;<br \/>II &#8211; Museu Municipal.<\/p>\n<!-- \/wp:paragraph --><!-- wp:paragraph -->\n<p>\u00a0<\/p>\n<!-- \/wp:paragraph -->\t\t\t\t\t<\/div>\n\t\t\t\t\t\t<\/div>\n\t\t\t\t<\/div>\n\t\t\t\t\t\t<\/div>\n\t\t\t\t\t<\/div>\n\t\t<\/div>\n\t\t\t\t\t\t\t\t<\/div>\n\t\t\t\t\t<\/div>\n\t\t<\/section>\n\t\t\t\t\t\t\t\t\t<\/div>\n\t\t\t<\/div>\n\t\t\t\t\t<\/div>\n\t\t","protected":false},"excerpt":{"rendered":"<p>Secret\u00e1ria Municipal: Viviane Redin Mergen Compete \u00e0 Secretaria Municipal de Turismo, Cultura, Esportes e Eventos:I &#8211; definir, planejar e executar as pol\u00edticas p\u00fablicas, programas, planos, projetos, diretrizes, metas e eventos, objetivando o desenvolvimento cultural, turistica e a pr\u00e1tica do desporto no munic\u00edpio;II &#8211; assegurar \u00e0 popula\u00e7\u00e3o o acesso ao esporte, lazer e cultura;III &#8211; promover &hellip; <\/p>\n<p class=\"link-more\"><a href=\"http:\/\/www.arroiodotigre.rs.gov.br\/site\/secretaria-municipal-de-turismo-cultura-esportes-e-eventos\/\" class=\"more-link\">Continue lendo<span class=\"screen-reader-text\"> &#8220;Secretaria Municipal de Turismo, Cultura, Esportes e\u00a0Eventos&#8221;<\/span><\/a><\/p>\n","protected":false},"author":10,"featured_media":0,"parent":0,"menu_order":0,"comment_status":"closed","ping_status":"closed","template":"","meta":{"footnotes":""},"class_list":["post-16885","page","type-page","status-publish","hentry","entry"],"_links":{"self":[{"href":"http:\/\/www.arroiodotigre.rs.gov.br\/site\/wp-json\/wp\/v2\/pages\/16885","targetHints":{"allow":["GET"]}}],"collection":[{"href":"http:\/\/www.arroiodotigre.rs.gov.br\/site\/wp-json\/wp\/v2\/pages"}],"about":[{"href":"http:\/\/www.arroiodotigre.rs.gov.br\/site\/wp-json\/wp\/v2\/types\/page"}],"author":[{"embeddable":true,"href":"http:\/\/www.arroiodotigre.rs.gov.br\/site\/wp-json\/wp\/v2\/users\/10"}],"replies":[{"embeddable":true,"href":"http:\/\/www.arroiodotigre.rs.gov.br\/site\/wp-json\/wp\/v2\/comments?post=16885"}],"version-history":[{"count":5,"href":"http:\/\/www.arroiodotigre.rs.gov.br\/site\/wp-json\/wp\/v2\/pages\/16885\/revisions"}],"predecessor-version":[{"id":16892,"href":"http:\/\/www.arroiodotigre.rs.gov.br\/site\/wp-json\/wp\/v2\/pages\/16885\/revisions\/16892"}],"wp:attachment":[{"href":"http:\/\/www.arroiodotigre.rs.gov.br\/site\/wp-json\/wp\/v2\/media?parent=16885"}],"curies":[{"name":"wp","href":"https:\/\/api.w.org\/{rel}","templated":true}]}}