{"id":14198,"date":"2025-02-27T16:02:53","date_gmt":"2025-02-27T19:02:53","guid":{"rendered":"https:\/\/www.arroiodotigre.rs.gov.br\/site\/?page_id=14198"},"modified":"2025-03-06T17:01:01","modified_gmt":"2025-03-06T20:01:01","slug":"gabinete-do-vice-prefeito","status":"publish","type":"page","link":"http:\/\/www.arroiodotigre.rs.gov.br\/site\/gabinete-do-vice-prefeito\/","title":{"rendered":"Gabinete do vice-prefeito"},"content":{"rendered":"\t\t<div data-elementor-type=\"wp-page\" data-elementor-id=\"14198\" class=\"elementor elementor-14198\" data-elementor-post-type=\"page\">\n\t\t\t\t\t\t<div class=\"elementor-inner\">\n\t\t\t\t<div class=\"elementor-section-wrap\">\n\t\t\t\t\t\t\t\t\t<section class=\"elementor-section elementor-top-section elementor-element elementor-element-6543832d elementor-section-boxed elementor-section-height-default elementor-section-height-default\" data-id=\"6543832d\" data-element_type=\"section\">\n\t\t\t\t\t\t<div class=\"elementor-container elementor-column-gap-default\">\n\t\t\t\t\t\t\t<div class=\"elementor-row\">\n\t\t\t\t\t<div class=\"elementor-column elementor-col-100 elementor-top-column elementor-element elementor-element-73ceaee\" data-id=\"73ceaee\" data-element_type=\"column\">\n\t\t\t<div class=\"elementor-column-wrap elementor-element-populated\">\n\t\t\t\t\t\t\t<div class=\"elementor-widget-wrap\">\n\t\t\t\t\t\t<div class=\"elementor-element elementor-element-3a45159b elementor-widget elementor-widget-text-editor\" data-id=\"3a45159b\" data-element_type=\"widget\" data-widget_type=\"text-editor.default\">\n\t\t\t\t<div class=\"elementor-widget-container\">\n\t\t\t\t\t\t\t\t<div class=\"elementor-text-editor elementor-clearfix\">\n\t\t\t\t<h3 class=\"has-light-gray-color has-text-color has-link-color\"><img loading=\"lazy\" decoding=\"async\" class=\"size-medium wp-image-14307 alignleft\" src=\"http:\/\/www.arroiodotigre.rs.gov.br\/site\/wp-content\/uploads\/2025\/03\/DSC09833-200x300.jpg\" alt=\"\" width=\"200\" height=\"300\" srcset=\"http:\/\/www.arroiodotigre.rs.gov.br\/site\/wp-content\/uploads\/2025\/03\/DSC09833-200x300.jpg 200w, http:\/\/www.arroiodotigre.rs.gov.br\/site\/wp-content\/uploads\/2025\/03\/DSC09833-683x1024.jpg 683w, http:\/\/www.arroiodotigre.rs.gov.br\/site\/wp-content\/uploads\/2025\/03\/DSC09833-768x1152.jpg 768w, http:\/\/www.arroiodotigre.rs.gov.br\/site\/wp-content\/uploads\/2025\/03\/DSC09833-1024x1536.jpg 1024w, http:\/\/www.arroiodotigre.rs.gov.br\/site\/wp-content\/uploads\/2025\/03\/DSC09833-1365x2048.jpg 1365w, http:\/\/www.arroiodotigre.rs.gov.br\/site\/wp-content\/uploads\/2025\/03\/DSC09833-1568x2352.jpg 1568w, http:\/\/www.arroiodotigre.rs.gov.br\/site\/wp-content\/uploads\/2025\/03\/DSC09833-scaled.jpg 1707w\" sizes=\"auto, (max-width: 200px) 100vw, 200px\" \/>Vice-Prefeito: Ernani Vieira da Silva\u00a0 \u00a0 \u00a0 \u00a0 \u00a0 \u00a0 \u00a0 \u00a0 \u00a0 \u00a0 \u00a0 \u00a0 \u00a0 \u00a0 \u00a0 \u00a0 \u00a0 \u00a0 \u00a0 \u00a0 \u00a0 \u00a0 \u00a0 \u00a0 \u00a0 \u00a0 \u00a0 \u00a0 \u00a0 \u00a0 \u00a0 \u00a0 \u00a0 \u00a0 \u00a0 \u00a0 \u00a0 \u00a0 \u00a0 \u00a0 \u00a0 \u00a0 \u00a0 \u00a0 \u00a0 \u00a0 \u00a0 <b>Compete ao Gabinete do Vice-Prefeito:<\/b><\/h3>\n<p><!-- \/wp:paragraph --><!-- wp:paragraph {\"style\":{\"elements\":{\"link\":{\"color\":{\"text\":\"var:preset|color|light-gray\"}}}},\"textColor\":\"light-gray\"} --><\/p>\n<p class=\"has-light-gray-color has-text-color has-link-color\"><b><\/b>I &#8211; planejar, executar e acompanhar as a\u00e7\u00f5es administrativas da gest\u00e3o municipal, em conson\u00e2ncia com o Gabinete do Vice-Prefeito;<br \/>II &#8211; assistir o Vice-Prefeito no exame dos assuntos pol\u00edticos e administrativos, na an\u00e1lise e processos e demais documentos submetidos \u00e0 sua aprecia\u00e7\u00e3o e decis\u00e3o;<br \/>III &#8211; assistir o Vice-Prefeito em suas rela\u00e7\u00f5es com autoridades, entidades civis, pol\u00edticas e religiosas e com o p\u00fablico em geral;<br \/>IV &#8211; providenciar a representa\u00e7\u00e3o civil do Vice-Prefeito;<br \/>V &#8211; assessorar o Vice-Prefeito em assuntos pol\u00edticos, sociais e econ\u00f4micos;<br \/>VI &#8211; preparar as audi\u00eancias do Vice-Prefeito; e<br \/>VII &#8211; exercer outras atividades ligadas ao Gabinete.<\/p>\n<p><!-- \/wp:paragraph --><\/p>\t\t\t\t\t<\/div>\n\t\t\t\t\t\t<\/div>\n\t\t\t\t<\/div>\n\t\t\t\t\t\t<\/div>\n\t\t\t\t\t<\/div>\n\t\t<\/div>\n\t\t\t\t\t\t\t\t<\/div>\n\t\t\t\t\t<\/div>\n\t\t<\/section>\n\t\t\t\t\t\t\t\t\t<\/div>\n\t\t\t<\/div>\n\t\t\t\t\t<\/div>\n\t\t","protected":false},"excerpt":{"rendered":"<p>Vice-Prefeito: Ernani Vieira da Silva\u00a0 \u00a0 \u00a0 \u00a0 \u00a0 \u00a0 \u00a0 \u00a0 \u00a0 \u00a0 \u00a0 \u00a0 \u00a0 \u00a0 \u00a0 \u00a0 \u00a0 \u00a0 \u00a0 \u00a0 \u00a0 \u00a0 \u00a0 \u00a0 \u00a0 \u00a0 \u00a0 \u00a0 \u00a0 \u00a0 \u00a0 \u00a0 \u00a0 \u00a0 \u00a0 \u00a0 \u00a0 \u00a0 \u00a0 \u00a0 \u00a0 \u00a0 \u00a0 \u00a0 \u00a0 \u00a0 \u00a0 Compete ao Gabinete do &hellip; <\/p>\n<p class=\"link-more\"><a href=\"http:\/\/www.arroiodotigre.rs.gov.br\/site\/gabinete-do-vice-prefeito\/\" class=\"more-link\">Continue lendo<span class=\"screen-reader-text\"> &#8220;Gabinete do vice-prefeito&#8221;<\/span><\/a><\/p>\n","protected":false},"author":8,"featured_media":0,"parent":0,"menu_order":0,"comment_status":"closed","ping_status":"closed","template":"","meta":{"footnotes":""},"class_list":["post-14198","page","type-page","status-publish","hentry","entry"],"_links":{"self":[{"href":"http:\/\/www.arroiodotigre.rs.gov.br\/site\/wp-json\/wp\/v2\/pages\/14198","targetHints":{"allow":["GET"]}}],"collection":[{"href":"http:\/\/www.arroiodotigre.rs.gov.br\/site\/wp-json\/wp\/v2\/pages"}],"about":[{"href":"http:\/\/www.arroiodotigre.rs.gov.br\/site\/wp-json\/wp\/v2\/types\/page"}],"author":[{"embeddable":true,"href":"http:\/\/www.arroiodotigre.rs.gov.br\/site\/wp-json\/wp\/v2\/users\/8"}],"replies":[{"embeddable":true,"href":"http:\/\/www.arroiodotigre.rs.gov.br\/site\/wp-json\/wp\/v2\/comments?post=14198"}],"version-history":[{"count":8,"href":"http:\/\/www.arroiodotigre.rs.gov.br\/site\/wp-json\/wp\/v2\/pages\/14198\/revisions"}],"predecessor-version":[{"id":14310,"href":"http:\/\/www.arroiodotigre.rs.gov.br\/site\/wp-json\/wp\/v2\/pages\/14198\/revisions\/14310"}],"wp:attachment":[{"href":"http:\/\/www.arroiodotigre.rs.gov.br\/site\/wp-json\/wp\/v2\/media?parent=14198"}],"curies":[{"name":"wp","href":"https:\/\/api.w.org\/{rel}","templated":true}]}}