{"id":13227,"date":"2025-01-02T15:11:54","date_gmt":"2025-01-02T18:11:54","guid":{"rendered":"https:\/\/www.arroiodotigre.rs.gov.br\/site\/?page_id=13227"},"modified":"2025-01-02T15:11:54","modified_gmt":"2025-01-02T18:11:54","slug":"decretos-2025","status":"publish","type":"page","link":"http:\/\/www.arroiodotigre.rs.gov.br\/site\/decretos-2025\/","title":{"rendered":"Decretos 2025"},"content":{"rendered":"<div class=\"sdm_download_item \"><div class=\"sdm_download_item_top\"><div class=\"sdm_download_thumbnail\"><\/div><div class=\"sdm_download_title\">DECRETO N.\u00ba 3.775\/2025<\/div><\/div><div style=\"clear:both;\"><\/div><div class=\"sdm_download_description\"><p>DECLARA SITUA\u00c7\u00c3O DE EMERG\u00caNCIA NAS \u00c1REAS DO MUNIC\u00cdPIO DE ARROIO DO TIGRE AFETADAS POR EVENTO ADVERSO DO TIPO ENXURRADA (COBRADE 1.2.2.0.0), CONFORME PORTARIA N\u00ba 260\/2022 DO MINIST\u00c9RIO DA INTEGRA\u00c7\u00c3O E DO DESENVOLVIMENTO REGIONAL \u2013 MIDR.<\/p>\n<\/div><div class=\"sdm_download_link\"><span class=\"sdm_download_button\"><a href=\"http:\/\/www.arroiodotigre.rs.gov.br\/site\/?sdm_process_download=1&download_id=16030\" class=\"sdm_download green\" title=\"DECRETO N.\u00ba 3.775\/2025\" target=\"_blank\">Baixar agora!<\/a><\/span><span class=\"sdm_download_item_count\"><span class=\"sdm_item_count_number\">56<\/span><span class=\"sdm_item_count_string\"> Downloads<\/span><\/span><\/div><\/div><div class=\"sdm_download_item \"><div class=\"sdm_download_item_top\"><div class=\"sdm_download_thumbnail\"><\/div><div class=\"sdm_download_title\">DECRETO N.\u00ba 3.774\/2025<\/div><\/div><div style=\"clear:both;\"><\/div><div class=\"sdm_download_description\"><p>REGULAMENTA AS REGRAS DE HIP\u00d3TESE DE INCID\u00caNCIA E CORRE\u00c7\u00c3O DA BASE DE C\u00c1LCULO DO IPTU E D\u00c1 OUTRAS<br \/>\nPROVID\u00caNCIAS.<\/p>\n<\/div><div class=\"sdm_download_link\"><span class=\"sdm_download_button\"><a href=\"http:\/\/www.arroiodotigre.rs.gov.br\/site\/?sdm_process_download=1&download_id=16028\" class=\"sdm_download green\" title=\"DECRETO N.\u00ba 3.774\/2025\" target=\"_blank\">Baixar agora!<\/a><\/span><span class=\"sdm_download_item_count\"><span class=\"sdm_item_count_number\">81<\/span><span class=\"sdm_item_count_string\"> Downloads<\/span><\/span><\/div><\/div><div class=\"sdm_download_item \"><div class=\"sdm_download_item_top\"><div class=\"sdm_download_thumbnail\"><\/div><div class=\"sdm_download_title\">DECRETO N.\u00ba 3.773\/2025<\/div><\/div><div style=\"clear:both;\"><\/div><div class=\"sdm_download_description\"><p>DECLARA LUTO OFICIAL DE 03 (TR\u00caS) DIAS NO MUNIC\u00cdPIO DE ARROIO DO TIGRE PELO FALECIMENTO DO SENHOR ELMO JO\u00c3O<br \/>\nRECH.<\/p>\n<\/div><div class=\"sdm_download_link\"><span class=\"sdm_download_button\"><a href=\"http:\/\/www.arroiodotigre.rs.gov.br\/site\/?sdm_process_download=1&download_id=16026\" class=\"sdm_download green\" title=\"DECRETO N.\u00ba 3.773\/2025\" target=\"_blank\">Baixar agora!<\/a><\/span><span class=\"sdm_download_item_count\"><span class=\"sdm_item_count_number\">57<\/span><span class=\"sdm_item_count_string\"> Downloads<\/span><\/span><\/div><\/div><div class=\"sdm_download_item \"><div class=\"sdm_download_item_top\"><div class=\"sdm_download_thumbnail\"><\/div><div class=\"sdm_download_title\">DECRETO N.\u00ba 3.771\/2025<\/div><\/div><div style=\"clear:both;\"><\/div><div class=\"sdm_download_description\"><p>AUTORIZA O PODER EXECUTIVO A INCLUIR NO PLANO PLURIANUAL, NA LEI DE DIRETRIZES OR\u00c7AMENTARIAS E ABRIR CR\u00c9DITO ESPECIAL NO MONTANTE DE R$100.694,34 (CENTO MIL E SEICENTOS E NOVENTA E QUATRO REAIS E TRINTS E QUATRO CENTAVOS).<\/p>\n<\/div><div class=\"sdm_download_link\"><span class=\"sdm_download_button\"><a href=\"http:\/\/www.arroiodotigre.rs.gov.br\/site\/?sdm_process_download=1&download_id=15963\" class=\"sdm_download green\" title=\"DECRETO N.\u00ba 3.771\/2025\" target=\"_blank\">Baixar agora!<\/a><\/span><span class=\"sdm_download_item_count\"><span class=\"sdm_item_count_number\">81<\/span><span class=\"sdm_item_count_string\"> Downloads<\/span><\/span><\/div><\/div><div class=\"sdm_download_item \"><div class=\"sdm_download_item_top\"><div class=\"sdm_download_thumbnail\"><\/div><div class=\"sdm_download_title\">DECRETO N\u00ba 3.768\/2025<\/div><\/div><div style=\"clear:both;\"><\/div><div class=\"sdm_download_description\"><p>DEFINE E REGULAMENTA A PREMIA\u00c7\u00c3O ATRAV\u00c9S DO TERMO DE ADES\u00c3O AO USO DA PLATAFORMA DO PROGRAMA NOTA FISCAL GA\u00daCHA DO ESTADO DO RIO GRANDE DO SUL E D\u00c1 OUTRAS PROVIDENCIAS.<\/p>\n<\/div><div class=\"sdm_download_link\"><span class=\"sdm_download_button\"><a href=\"http:\/\/www.arroiodotigre.rs.gov.br\/site\/?sdm_process_download=1&download_id=15961\" class=\"sdm_download green\" title=\"DECRETO N\u00ba 3.768\/2025\" target=\"_blank\">Baixar agora!<\/a><\/span><span class=\"sdm_download_item_count\"><span class=\"sdm_item_count_number\">80<\/span><span class=\"sdm_item_count_string\"> Downloads<\/span><\/span><\/div><\/div><div class=\"sdm_download_item \"><div class=\"sdm_download_item_top\"><div class=\"sdm_download_thumbnail\"><\/div><div class=\"sdm_download_title\">DECRETO N.\u00ba 3.766\/2025<\/div><\/div><div style=\"clear:both;\"><\/div><div class=\"sdm_download_description\"><p>DECRETA PONTO FACULTATIVO NA DATA QUE MENCIONA E D\u00c1 OUTRAS PROVID\u00caNCIAS<\/p>\n<\/div><div class=\"sdm_download_link\"><span class=\"sdm_download_button\"><a href=\"http:\/\/www.arroiodotigre.rs.gov.br\/site\/?sdm_process_download=1&download_id=15875\" class=\"sdm_download green\" title=\"DECRETO N.\u00ba 3.766\/2025\" target=\"_blank\">Baixar agora!<\/a><\/span><span class=\"sdm_download_item_count\"><span class=\"sdm_item_count_number\">90<\/span><span class=\"sdm_item_count_string\"> Downloads<\/span><\/span><\/div><\/div><div class=\"sdm_download_item \"><div class=\"sdm_download_item_top\"><div class=\"sdm_download_thumbnail\"><\/div><div class=\"sdm_download_title\">DECRETO N.\u00ba 3.765\/2025<\/div><\/div><div style=\"clear:both;\"><\/div><div class=\"sdm_download_description\"><p>DECRETA A INCLUS\u00c3O NA LEI OR\u00c7AMENTARIA E ABRIR CR\u00c9DITO ESPECIAL NO MONTANTE DE R$200.000,00 (DUZENTOS MIL REAIS).<\/p>\n<\/div><div class=\"sdm_download_link\"><span class=\"sdm_download_button\"><a href=\"http:\/\/www.arroiodotigre.rs.gov.br\/site\/?sdm_process_download=1&download_id=15959\" class=\"sdm_download green\" title=\"DECRETO N.\u00ba 3.765\/2025\" target=\"_blank\">Baixar agora!<\/a><\/span><span class=\"sdm_download_item_count\"><span class=\"sdm_item_count_number\">76<\/span><span class=\"sdm_item_count_string\"> Downloads<\/span><\/span><\/div><\/div><div class=\"sdm_download_item \"><div class=\"sdm_download_item_top\"><div class=\"sdm_download_thumbnail\"><\/div><div class=\"sdm_download_title\">DECRETO N.\u00ba 3.764\/2025<\/div><\/div><div style=\"clear:both;\"><\/div><div class=\"sdm_download_description\"><p>DECRETA A INCLUS\u00c3O NA LEI OR\u00c7AMENTARIA E ABRIR CR\u00c9DITO ESPECIAL NO MONTANTE DE R$203.000,00 (DUZENTOS E TR\u00caS MIL REAIS).<\/p>\n<\/div><div class=\"sdm_download_link\"><span class=\"sdm_download_button\"><a href=\"http:\/\/www.arroiodotigre.rs.gov.br\/site\/?sdm_process_download=1&download_id=15957\" class=\"sdm_download green\" title=\"DECRETO N.\u00ba 3.764\/2025\" target=\"_blank\">Baixar agora!<\/a><\/span><span class=\"sdm_download_item_count\"><span class=\"sdm_item_count_number\">74<\/span><span class=\"sdm_item_count_string\"> Downloads<\/span><\/span><\/div><\/div><div class=\"sdm_download_item \"><div class=\"sdm_download_item_top\"><div class=\"sdm_download_thumbnail\"><\/div><div class=\"sdm_download_title\">DECRETO N.\u00ba 3.763\/2025<\/div><\/div><div style=\"clear:both;\"><\/div><div class=\"sdm_download_description\"><p>DECRETA A INCLUS\u00c3O NO PLANO PLURIANUAL, NA LEI DE DIRETRIZES OR\u00c7AMENTARIAS E ABRIR CR\u00c9DITO ESPECIAL NO MONTANTE DE R$20.500,74 (VINTE MIL E QUINHENTOS REAIS E SETENTA E QUATRO CENTAVOS).<\/p>\n<\/div><div class=\"sdm_download_link\"><span class=\"sdm_download_button\"><a href=\"http:\/\/www.arroiodotigre.rs.gov.br\/site\/?sdm_process_download=1&download_id=15917\" class=\"sdm_download green\" title=\"DECRETO N.\u00ba 3.763\/2025\" target=\"_blank\">Baixar agora!<\/a><\/span><span class=\"sdm_download_item_count\"><span class=\"sdm_item_count_number\">75<\/span><span class=\"sdm_item_count_string\"> Downloads<\/span><\/span><\/div><\/div><div class=\"sdm_download_item \"><div class=\"sdm_download_item_top\"><div class=\"sdm_download_thumbnail\"><\/div><div class=\"sdm_download_title\">DECRETO N.\u00ba 3.762\/2025<\/div><\/div><div style=\"clear:both;\"><\/div><div class=\"sdm_download_description\"><p>DECRETA A INCLUS\u00c3O NO PLANO PLURIANUAL, NA LEI DE DIRETRIZES OR\u00c7AMENTARIAS E ABRIR CR\u00c9DITO ESPECIAL NO MONTANTE DE R$965,82 (NOVECENTOS E SESSENTA E CINCO REAIS E OITENTA E DOIS REAIS).<\/p>\n<\/div><div class=\"sdm_download_link\"><span class=\"sdm_download_button\"><a href=\"http:\/\/www.arroiodotigre.rs.gov.br\/site\/?sdm_process_download=1&download_id=15809\" class=\"sdm_download green\" title=\"DECRETO N.\u00ba 3.762\/2025\" target=\"_blank\">Baixar agora!<\/a><\/span><span class=\"sdm_download_item_count\"><span class=\"sdm_item_count_number\">100<\/span><span class=\"sdm_item_count_string\"> Downloads<\/span><\/span><\/div><\/div><div class=\"sdm_clear_float\"><\/div><div class=\"sdm_pagination\"><span aria-current=\"page\" class=\"page-numbers current\">1<\/span>\n<a class=\"page-numbers\" href=\"http:\/\/www.arroiodotigre.rs.gov.br\/site\/wp-json\/wp\/v2\/pages\/13227\/page\/2\/\">2<\/a>\n<a class=\"page-numbers\" href=\"http:\/\/www.arroiodotigre.rs.gov.br\/site\/wp-json\/wp\/v2\/pages\/13227\/page\/3\/\">3<\/a>\n<span class=\"page-numbers dots\">&hellip;<\/span>\n<a class=\"page-numbers\" href=\"http:\/\/www.arroiodotigre.rs.gov.br\/site\/wp-json\/wp\/v2\/pages\/13227\/page\/10\/\">10<\/a>\n<a class=\"next page-numbers\" href=\"http:\/\/www.arroiodotigre.rs.gov.br\/site\/wp-json\/wp\/v2\/pages\/13227\/page\/2\/\">&raquo;<\/a><\/div>\n\n\n\n<p><\/p>\n","protected":false},"excerpt":{"rendered":"","protected":false},"author":3,"featured_media":0,"parent":0,"menu_order":0,"comment_status":"closed","ping_status":"closed","template":"","meta":{"footnotes":""},"class_list":["post-13227","page","type-page","status-publish","hentry","entry"],"_links":{"self":[{"href":"http:\/\/www.arroiodotigre.rs.gov.br\/site\/wp-json\/wp\/v2\/pages\/13227","targetHints":{"allow":["GET"]}}],"collection":[{"href":"http:\/\/www.arroiodotigre.rs.gov.br\/site\/wp-json\/wp\/v2\/pages"}],"about":[{"href":"http:\/\/www.arroiodotigre.rs.gov.br\/site\/wp-json\/wp\/v2\/types\/page"}],"author":[{"embeddable":true,"href":"http:\/\/www.arroiodotigre.rs.gov.br\/site\/wp-json\/wp\/v2\/users\/3"}],"replies":[{"embeddable":true,"href":"http:\/\/www.arroiodotigre.rs.gov.br\/site\/wp-json\/wp\/v2\/comments?post=13227"}],"version-history":[{"count":1,"href":"http:\/\/www.arroiodotigre.rs.gov.br\/site\/wp-json\/wp\/v2\/pages\/13227\/revisions"}],"predecessor-version":[{"id":13228,"href":"http:\/\/www.arroiodotigre.rs.gov.br\/site\/wp-json\/wp\/v2\/pages\/13227\/revisions\/13228"}],"wp:attachment":[{"href":"http:\/\/www.arroiodotigre.rs.gov.br\/site\/wp-json\/wp\/v2\/media?parent=13227"}],"curies":[{"name":"wp","href":"https:\/\/api.w.org\/{rel}","templated":true}]}}